{"id":8220,"date":"2024-10-24T13:57:04","date_gmt":"2024-10-24T17:57:04","guid":{"rendered":"https:\/\/usaircompressor.com\/?post_type=product&#038;p=8220"},"modified":"2026-04-07T20:05:35","modified_gmt":"2026-04-08T00:05:35","slug":"5-hp-fixed-speed-air-compressor","status":"publish","type":"product","link":"https:\/\/usaircompressor.com\/fr\/produit\/5-hp-fixed-speed-air-compressor\/","title":{"rendered":"Compresseur d&#039;air rotatif \u00e0 vis \u00e0 vitesse fixe de 5 CV | Monophas\u00e9 \u00e0 triphas\u00e9 | 208-600 V | 21 pi\u00b3\/min"},"content":{"rendered":"<p>Si vous envisagez d&#039;investir dans un compresseur d&#039;air pour vos activit\u00e9s commerciales, vous avez probablement rencontr\u00e9 plusieurs types. Parmi les nombreuses options disponibles, le compresseur d&#039;air \u00e0 vis rotative \u00e0 vitesse fixe se distingue par sa fiabilit\u00e9, son efficacit\u00e9 et sa durabilit\u00e9. Contrairement aux compresseurs alternatifs qui utilisent des pistons, les compresseurs \u00e0 vis rotatives fonctionnent plus facilement et sont con\u00e7us pour une utilisation intensive et continue.<\/p>\n<p>Chez US Air Compressor, nous nous effor\u00e7ons de fournir des \u00e9quipements de premier ordre sur lesquels vous pouvez compter. Avec notre compresseur d&#039;air \u00e0 vis rotatif \u00e0 vitesse fixe de 5 CV, vous pouvez en faire plus avec moins d&#039;efforts. Si vous voulez les meilleures offres et un service professionnel, vous \u00eates au bon endroit !<\/p>\n<h3>Un compresseur \u00e0 vitesse fixe (charge-sans charge)<\/h3>\n<p>L&#039;huile est n\u00e9cessaire pour assurer le bon d\u00e9roulement du processus de production lors de l&#039;utilisation de compresseurs lubrifi\u00e9s. Pour maximiser la rentabilit\u00e9 et concevoir une installation qui vous convient, ces compresseurs peuvent \u00eatre plac\u00e9s avec un choix d&#039;\u00e9quipements et d&#039;accessoires pneumatiques. Ils sont parfaits pour les applications o\u00f9 la demande en air comprim\u00e9 est constante. \u00c0 moins qu&#039;il ne soit \u00e9teint, le moteur fonctionnera toujours \u00e0 la m\u00eame vitesse sur la machine.<\/p>\n<h3>Quels sont les avantages d\u2019un compresseur \u00e0 vitesse fixe ?<\/h3>\n<ul>\n<li><strong>Co\u00fbt initial inf\u00e9rieur<\/strong>:Les compresseurs \u00e0 vitesse fixe sont g\u00e9n\u00e9ralement moins chers au d\u00e9part que les mod\u00e8les \u00e0 vitesse variable, ce qui les rend plus accessibles pour les petites op\u00e9rations ou les projets avec des budgets limit\u00e9s.<\/li>\n<li><strong>Simplicit\u00e9 et fiabilit\u00e9<\/strong>:Avec moins de pi\u00e8ces mobiles et un fonctionnement plus simple, ces compresseurs sont souvent plus fiables et plus faciles \u00e0 entretenir, ce qui entra\u00eene des co\u00fbts de maintenance et des temps d&#039;arr\u00eat inf\u00e9rieurs.<\/li>\n<li><strong>R\u00e9sultats coh\u00e9rents<\/strong>:Les compresseurs \u00e0 vitesse fixe fournissent un d\u00e9bit d&#039;air constant, ce qui les rend adapt\u00e9s aux applications avec une demande d&#039;air constante. Cette constance peut garantir des op\u00e9rations stables pour les outils ou les machines n\u00e9cessitant une pression d&#039;air constante.<\/li>\n<li><strong>Facilit\u00e9 de r\u00e9paration et d&#039;entretien<\/strong>:La simplicit\u00e9 de conception des compresseurs permet des r\u00e9parations plus faciles avec moins de connaissances sp\u00e9cialis\u00e9es requises par rapport aux compresseurs \u00e0 vitesse variable plus complexes.<\/li>\n<li><strong>Efficacit\u00e9 \u00e0 pleine charge<\/strong>:Lorsqu&#039;ils fonctionnent \u00e0 pleine charge, les compresseurs \u00e0 vitesse fixe peuvent \u00eatre tr\u00e8s efficaces car ils sont con\u00e7us pour fonctionner en continu \u00e0 une vitesse d\u00e9finie. Cette efficacit\u00e9 \u00e0 pleine capacit\u00e9 peut en faire un bon choix pour les op\u00e9rations qui n\u00e9cessitent un niveau \u00e9lev\u00e9 de rendement continu.<\/li>\n<li><strong>Risque de surchauffe r\u00e9duit<\/strong>:Les compresseurs \u00e0 vitesse fixe fonctionnent \u00e0 un rythme r\u00e9gulier, r\u00e9duisant ainsi le risque de surchauffe ou de stress pouvant r\u00e9sulter de changements de vitesse fr\u00e9quents. Cela peut am\u00e9liorer la long\u00e9vit\u00e9 de l&#039;\u00e9quipement. Dans l&#039;ensemble, les compresseurs \u00e0 vitesse fixe constituent un choix judicieux dans les situations o\u00f9 la demande est constante et les contraintes budg\u00e9taires, et o\u00f9 la simplicit\u00e9 et la fiabilit\u00e9 sont prioritaires.<\/li>\n<\/ul>\n<p>Ne vous laissez pas d\u00e9cevoir par un service m\u00e9diocre. L&#039;achat d&#039;un compresseur d&#039;air rotatif \u00e0 vis \u00e0 vitesse fixe de 5 CV chez nous est un choix que vous ne regretterez pas !<\/p>","protected":false},"excerpt":{"rendered":"<p>Compresseur \u00e0 vitesse fixe<br \/>D\u00e9bit d&#039;air libre 21 CFM \u00e0 90 PSI<br \/>Garantie d&#039;\u00e9change pare-chocs contre pare-chocs de 10 ans<\/p>","protected":false},"featured_media":8368,"template":"","meta":{"_glsr_average":0,"_glsr_ranking":0,"_glsr_reviews":0},"product_brand":[],"product_cat":[31],"product_tag":[62,56,63],"class_list":{"0":"post-8220","1":"product","2":"type-product","3":"status-publish","4":"has-post-thumbnail","6":"product_cat-fixed-speed-drive","7":"product_tag-fixed-speed-compressor","8":"product_tag-oil-injected-compressor","9":"product_tag-rotary-screw-air-compressor","11":"first","12":"instock","13":"taxable","14":"shipping-taxable","15":"purchasable","16":"product-type-variable"},"_links":{"self":[{"href":"https:\/\/usaircompressor.com\/fr\/wp-json\/wp\/v2\/product\/8220","targetHints":{"allow":["GET"]}}],"collection":[{"href":"https:\/\/usaircompressor.com\/fr\/wp-json\/wp\/v2\/product"}],"about":[{"href":"https:\/\/usaircompressor.com\/fr\/wp-json\/wp\/v2\/types\/product"}],"wp:featuredmedia":[{"embeddable":true,"href":"https:\/\/usaircompressor.com\/fr\/wp-json\/wp\/v2\/media\/8368"}],"wp:attachment":[{"href":"https:\/\/usaircompressor.com\/fr\/wp-json\/wp\/v2\/media?parent=8220"}],"wp:term":[{"taxonomy":"product_brand","embeddable":true,"href":"https:\/\/usaircompressor.com\/fr\/wp-json\/wp\/v2\/product_brand?post=8220"},{"taxonomy":"product_cat","embeddable":true,"href":"https:\/\/usaircompressor.com\/fr\/wp-json\/wp\/v2\/product_cat?post=8220"},{"taxonomy":"product_tag","embeddable":true,"href":"https:\/\/usaircompressor.com\/fr\/wp-json\/wp\/v2\/product_tag?post=8220"}],"curies":[{"name":"wp","href":"https:\/\/api.w.org\/{rel}","templated":true}]}}