{"id":8214,"date":"2024-10-24T09:49:11","date_gmt":"2024-10-24T13:49:11","guid":{"rendered":"https:\/\/usaircompressor.com\/?post_type=product&#038;p=8214"},"modified":"2026-03-03T18:35:45","modified_gmt":"2026-03-03T22:35:45","slug":"3000-gallon-air-tank","status":"publish","type":"product","link":"https:\/\/usaircompressor.com\/fr\/produit\/3000-gallon-air-tank\/","title":{"rendered":"R\u00e9servoir d&#039;air de 3000 gallons"},"content":{"rendered":"<ul>\n<li>Garantie 1 an<\/li>\n<li>Certifi\u00e9 ASME (Tout r\u00e9cipient contenant une pression interne sup\u00e9rieure \u00e0 15 PSI.)<\/li>\n<\/ul>","protected":false},"excerpt":{"rendered":"<p>Capacit\u00e9 : 3000 gallons<br \/>PSI : 150<br \/>Rev\u00eatement primaire uniquement<\/p>","protected":false},"featured_media":5792,"template":"","meta":{"_glsr_average":0,"_glsr_ranking":0,"_glsr_reviews":0},"product_brand":[],"product_cat":[37],"product_tag":[79,119],"class_list":{"0":"post-8214","1":"product","2":"type-product","3":"status-publish","4":"has-post-thumbnail","6":"product_cat-air-tank","7":"product_tag-air-system-equipment","8":"product_tag-air-tank","10":"first","11":"instock","12":"taxable","13":"shipping-taxable","14":"purchasable","15":"product-type-simple"},"_links":{"self":[{"href":"https:\/\/usaircompressor.com\/fr\/wp-json\/wp\/v2\/product\/8214","targetHints":{"allow":["GET"]}}],"collection":[{"href":"https:\/\/usaircompressor.com\/fr\/wp-json\/wp\/v2\/product"}],"about":[{"href":"https:\/\/usaircompressor.com\/fr\/wp-json\/wp\/v2\/types\/product"}],"wp:featuredmedia":[{"embeddable":true,"href":"https:\/\/usaircompressor.com\/fr\/wp-json\/wp\/v2\/media\/5792"}],"wp:attachment":[{"href":"https:\/\/usaircompressor.com\/fr\/wp-json\/wp\/v2\/media?parent=8214"}],"wp:term":[{"taxonomy":"product_brand","embeddable":true,"href":"https:\/\/usaircompressor.com\/fr\/wp-json\/wp\/v2\/product_brand?post=8214"},{"taxonomy":"product_cat","embeddable":true,"href":"https:\/\/usaircompressor.com\/fr\/wp-json\/wp\/v2\/product_cat?post=8214"},{"taxonomy":"product_tag","embeddable":true,"href":"https:\/\/usaircompressor.com\/fr\/wp-json\/wp\/v2\/product_tag?post=8214"}],"curies":[{"name":"wp","href":"https:\/\/api.w.org\/{rel}","templated":true}]}}