{"id":7861,"date":"2024-10-16T17:56:33","date_gmt":"2024-10-16T21:56:33","guid":{"rendered":"https:\/\/usaircompressor.com\/?post_type=product&#038;p=7861"},"modified":"2026-04-07T20:00:34","modified_gmt":"2026-04-08T00:00:34","slug":"75-hp-heated-adsorption-air-dryer","status":"publish","type":"product","link":"https:\/\/usaircompressor.com\/fr\/produit\/75-hp-heated-adsorption-air-dryer\/","title":{"rendered":"S\u00e9cheur d&#039;air \u00e0 adsorption \u00e0 chauffage externe de 75 CV | S\u00e8che 385 pi3\/min"},"content":{"rendered":"<p>&nbsp;<\/p>\n<h3>Comment fonctionnent les s\u00e9cheurs \u00e0 air chaud<\/h3>\n<p>Les s\u00e9cheurs d&#039;air chaud fonctionnent en utilisant un \u00e9l\u00e9ment chauffant pour r\u00e9chauffer l&#039;air, ce qui r\u00e9duit ensuite l&#039;humidit\u00e9 relative et absorbe plus d&#039;humidit\u00e9 lors du passage dans le s\u00e9cheur. Ce processus ne consiste pas seulement \u00e0 s\u00e9cher l&#039;air ; il s&#039;agit de garantir que vos op\u00e9rations se d\u00e9roulent sans heurts et efficacement, sans les temps d&#039;arr\u00eat caus\u00e9s par des probl\u00e8mes li\u00e9s \u00e0 l&#039;humidit\u00e9.<\/p>\n<h3>Avantages de l&#039;utilisation de s\u00e9cheurs d&#039;air sans chaleur<\/h3>\n<p>Les avantages des s\u00e9cheurs d&#039;air chaud vont au-del\u00e0 de la simple \u00e9limination de l&#039;humidit\u00e9. Ils offrent un niveau d&#039;efficacit\u00e9 \u00e9lev\u00e9 et sont particuli\u00e8rement adapt\u00e9s aux applications industrielles \u00e0 grande \u00e9chelle o\u00f9 la demande en air sec est constante. Avec les s\u00e9cheurs d&#039;air chaud, vous pouvez vous attendre \u00e0 une efficacit\u00e9 op\u00e9rationnelle am\u00e9lior\u00e9e, \u00e0 une r\u00e9duction des temps d&#039;arr\u00eat et \u00e0 une diminution significative des probl\u00e8mes de maintenance li\u00e9s \u00e0 l&#039;humidit\u00e9. Le choix d&#039;un s\u00e9cheur d&#039;air chaud est id\u00e9al pour les applications n\u00e9cessitant un flux continu d&#039;air sec, en particulier dans les environnements o\u00f9 les temp\u00e9ratures ambiantes sont basses. Les industries telles que la production d&#039;\u00e9lectricit\u00e9, le p\u00e9trole et le gaz et les travaux publics\/commerciaux trouvent les s\u00e9cheurs d&#039;air chaud inestimables pour leur capacit\u00e9 \u00e0 maintenir des performances constantes malgr\u00e9 les temp\u00e9ratures et les conditions fluctuantes.<\/p>\n<p>&nbsp;<\/p>","protected":false},"excerpt":{"rendered":"<p>S\u00e9cheur par adsorption (PSA) Point de ros\u00e9e \u00e0 100 PSI -40 \u00b0C\/-40 \u00b0F<br \/>D\u00e9bit d&#039;air admissible 385 CFM \u00e0 100 PSI<br \/>Taille du tuyau : 2\u2033<br \/>Garantie 1 an<\/p>","protected":false},"featured_media":7836,"template":"","meta":{"_glsr_average":0,"_glsr_ranking":0,"_glsr_reviews":0},"product_brand":[],"product_cat":[78],"product_tag":[79,82,165],"class_list":{"0":"post-7861","1":"product","2":"type-product","3":"status-publish","4":"has-post-thumbnail","6":"product_cat-heated-adsorption-air-dryer","7":"product_tag-air-system-equipment","8":"product_tag-compressed-air-dryer","9":"product_tag-heated-adsorption-air-dryer","11":"first","12":"instock","13":"taxable","14":"shipping-taxable","15":"purchasable","16":"product-type-simple"},"_links":{"self":[{"href":"https:\/\/usaircompressor.com\/fr\/wp-json\/wp\/v2\/product\/7861","targetHints":{"allow":["GET"]}}],"collection":[{"href":"https:\/\/usaircompressor.com\/fr\/wp-json\/wp\/v2\/product"}],"about":[{"href":"https:\/\/usaircompressor.com\/fr\/wp-json\/wp\/v2\/types\/product"}],"wp:featuredmedia":[{"embeddable":true,"href":"https:\/\/usaircompressor.com\/fr\/wp-json\/wp\/v2\/media\/7836"}],"wp:attachment":[{"href":"https:\/\/usaircompressor.com\/fr\/wp-json\/wp\/v2\/media?parent=7861"}],"wp:term":[{"taxonomy":"product_brand","embeddable":true,"href":"https:\/\/usaircompressor.com\/fr\/wp-json\/wp\/v2\/product_brand?post=7861"},{"taxonomy":"product_cat","embeddable":true,"href":"https:\/\/usaircompressor.com\/fr\/wp-json\/wp\/v2\/product_cat?post=7861"},{"taxonomy":"product_tag","embeddable":true,"href":"https:\/\/usaircompressor.com\/fr\/wp-json\/wp\/v2\/product_tag?post=7861"}],"curies":[{"name":"wp","href":"https:\/\/api.w.org\/{rel}","templated":true}]}}