{"id":70988,"date":"2025-08-11T14:33:10","date_gmt":"2025-08-11T18:33:10","guid":{"rendered":"https:\/\/usaircompressor.com\/?post_type=product&#038;p=70988"},"modified":"2026-04-07T19:30:29","modified_gmt":"2026-04-07T23:30:29","slug":"10-hp-scroll-air-compressor","status":"publish","type":"product","link":"https:\/\/usaircompressor.com\/fr\/produit\/10-hp-scroll-air-compressor\/","title":{"rendered":"Compresseur d&#039;air lubrifi\u00e9 \u00e0 spirale de 10 CV \u2013 Vitesse fixe | Triphas\u00e9 | 208-230 V | 42 pi\u00b3\/min"},"content":{"rendered":"<p data-start=\"54\" data-end=\"311\">Un <strong data-start=\"57\" data-end=\"95\">compresseur d&#039;air \u00e0 spirale \u00e0 injection d&#039;huile<\/strong> est un compresseur volum\u00e9trique qui utilise deux volutes en forme de spirale, une fixe et une orbitale, pour comprimer l&#039;air, <strong data-start=\"214\" data-end=\"266\">avec de l&#039;huile introduite dans la chambre de compression<\/strong> pour <strong data-start=\"271\" data-end=\"308\">lubrification, refroidissement et \u00e9tanch\u00e9it\u00e9<\/strong>.<\/p>\n<p data-start=\"313\" data-end=\"625\">Cette conception offre le fonctionnement fluide et silencieux typique de la technologie Scroll, tout en b\u00e9n\u00e9ficiant de l&#039;\u00e9tanch\u00e9it\u00e9 et de la dissipation thermique am\u00e9lior\u00e9es assur\u00e9es par l&#039;huile. Le r\u00e9sultat est <strong data-start=\"484\" data-end=\"546\">une efficacit\u00e9 accrue, une dur\u00e9e de vie plus longue et de meilleures performances<\/strong> en fonctionnement continu ou intensif par rapport aux mod\u00e8les \u00e0 spirale sans huile.<\/p>\n<h3>Comment \u00e7a marche :<\/h3>\n<p data-start=\"647\" data-end=\"818\">En se d\u00e9pla\u00e7ant, la spirale orbitale emprisonne et comprime des poches d&#039;air vers l&#039;orifice de refoulement central. Une quantit\u00e9 contr\u00f4l\u00e9e d&#039;huile est inject\u00e9e dans la zone de compression pour\u00a0:<\/p>\n<ul data-start=\"819\" data-end=\"939\">\n<li data-start=\"819\" data-end=\"845\">\n<p data-start=\"821\" data-end=\"845\">Lubrifier les pi\u00e8ces mobiles<\/p>\n<\/li>\n<li data-start=\"846\" data-end=\"908\">\n<p data-start=\"848\" data-end=\"908\">Sceller les jeux internes pour une meilleure efficacit\u00e9 de compression<\/p>\n<\/li>\n<li data-start=\"909\" data-end=\"939\">\n<p data-start=\"911\" data-end=\"939\">Absorber et \u00e9vacuer la chaleur<\/p>\n<\/li>\n<\/ul>\n<p data-start=\"941\" data-end=\"1075\">L&#039;huile est ensuite s\u00e9par\u00e9e de l&#039;air comprim\u00e9 avant la livraison, la plupart des syst\u00e8mes incluant une filtration pour minimiser le transfert d&#039;huile.<\/p>\n<h3>Quels sont les avantages d\u2019un compresseur \u00e0 spirale ?<\/h3>\n<p data-start=\"1099\" data-end=\"1179\"><strong data-start=\"1099\" data-end=\"1120\">* Efficacit\u00e9 sup\u00e9rieure<\/strong>:Une meilleure \u00e9tanch\u00e9it\u00e9 conduit \u00e0 une efficacit\u00e9 volum\u00e9trique am\u00e9lior\u00e9e.<\/p>\n<p data-start=\"1182\" data-end=\"1264\"><strong data-start=\"1182\" data-end=\"1205\">* Dur\u00e9e de vie plus longue<\/strong>:L&#039;huile r\u00e9duit l&#039;usure et les contraintes li\u00e9es \u00e0 la chaleur sur les composants.<\/p>\n<p data-start=\"1267\" data-end=\"1345\"><strong data-start=\"1267\" data-end=\"1292\">* Pr\u00eat pour un service continu<\/strong>:G\u00e8re des charges de travail plus \u00e9lev\u00e9es et un fonctionnement soutenu.<\/p>\n<p data-start=\"1348\" data-end=\"1432\"><strong data-start=\"1348\" data-end=\"1367\">* Fonctionnement silencieux<\/strong>: Faibles niveaux de vibrations et de bruit, typiques de la technologie Scroll.<\/p>\n<h3 data-start=\"1434\" data-end=\"1459\">Applications id\u00e9ales :<\/h3>\n<ul data-start=\"1460\" data-end=\"1615\">\n<li data-start=\"1460\" data-end=\"1485\">\n<p data-start=\"1462\" data-end=\"1485\">Fabrication g\u00e9n\u00e9rale<\/p>\n<\/li>\n<li data-start=\"1486\" data-end=\"1516\">\n<p data-start=\"1488\" data-end=\"1516\">Centres de service automobile<\/p>\n<\/li>\n<li data-start=\"1517\" data-end=\"1536\">\n<p data-start=\"1519\" data-end=\"1536\">Petits ateliers<\/p>\n<\/li>\n<li data-start=\"1537\" data-end=\"1561\">\n<p data-start=\"1539\" data-end=\"1561\">Op\u00e9rations de conditionnement<\/p>\n<\/li>\n<li data-start=\"1562\" data-end=\"1615\">\n<p data-start=\"1564\" data-end=\"1615\">Industries o\u00f9 un certain transfert de p\u00e9trole est acceptable<\/p>\n<\/li>\n<\/ul>","protected":false},"excerpt":{"rendered":"<p>Compresseur \u00e0 vitesse fixe<br \/>D\u00e9bit d&#039;air libre 42 CFM \u00e0 90 PSI<br \/>Garantie d&#039;\u00e9change pare-chocs contre pare-chocs de 10 ans<\/p>","protected":false},"featured_media":70997,"template":"","meta":{"_glsr_average":0,"_glsr_ranking":0,"_glsr_reviews":0},"product_brand":[],"product_cat":[1073],"product_tag":[56,63,1074,1072],"class_list":{"0":"post-70988","1":"product","2":"type-product","3":"status-publish","4":"has-post-thumbnail","6":"product_cat-lubricated-scroll","7":"product_tag-oil-injected-compressor","8":"product_tag-rotary-screw-air-compressor","9":"product_tag-scroll","10":"product_tag-scroll-compressors","12":"first","13":"instock","14":"taxable","15":"shipping-taxable","16":"purchasable","17":"product-type-variable","18":"has-default-attributes"},"_links":{"self":[{"href":"https:\/\/usaircompressor.com\/fr\/wp-json\/wp\/v2\/product\/70988","targetHints":{"allow":["GET"]}}],"collection":[{"href":"https:\/\/usaircompressor.com\/fr\/wp-json\/wp\/v2\/product"}],"about":[{"href":"https:\/\/usaircompressor.com\/fr\/wp-json\/wp\/v2\/types\/product"}],"wp:featuredmedia":[{"embeddable":true,"href":"https:\/\/usaircompressor.com\/fr\/wp-json\/wp\/v2\/media\/70997"}],"wp:attachment":[{"href":"https:\/\/usaircompressor.com\/fr\/wp-json\/wp\/v2\/media?parent=70988"}],"wp:term":[{"taxonomy":"product_brand","embeddable":true,"href":"https:\/\/usaircompressor.com\/fr\/wp-json\/wp\/v2\/product_brand?post=70988"},{"taxonomy":"product_cat","embeddable":true,"href":"https:\/\/usaircompressor.com\/fr\/wp-json\/wp\/v2\/product_cat?post=70988"},{"taxonomy":"product_tag","embeddable":true,"href":"https:\/\/usaircompressor.com\/fr\/wp-json\/wp\/v2\/product_tag?post=70988"}],"curies":[{"name":"wp","href":"https:\/\/api.w.org\/{rel}","templated":true}]}}