{"id":70877,"date":"2025-08-07T14:03:23","date_gmt":"2025-08-07T18:03:23","guid":{"rendered":"https:\/\/usaircompressor.com\/?post_type=product&#038;p=70877"},"modified":"2026-04-07T19:20:19","modified_gmt":"2026-04-07T23:20:19","slug":"5-hp-oil-free-scroll-air-center-compressor-vsd","status":"publish","type":"product","link":"https:\/\/usaircompressor.com\/fr\/produit\/5-hp-oil-free-scroll-air-center-compressor-vsd\/","title":{"rendered":"Compresseur \u00e0 vis rotatif VSD sans huile de 5 CV avec s\u00e9cheur et r\u00e9servoir int\u00e9gr\u00e9s | Monophas\u00e9-triphas\u00e9 | 208-600 V | 14 pi3\/min"},"content":{"rendered":"<p>Les industries pharmaceutiques, agroalimentaires, \u00e9lectroniques et textiles ne peuvent s&#039;exposer \u00e0 aucun risque de contamination par l&#039;huile dans leurs proc\u00e9d\u00e9s. Il est donc essentiel que l&#039;air comprim\u00e9 soit exempt d&#039;huile 100%. La certification ISO 8573-1 (2010) est la norme, selon laquelle la classe z\u00e9ro repr\u00e9sente la puret\u00e9 d&#039;air la plus \u00e9lev\u00e9e. C&#039;est la seule fa\u00e7on de garantir un air exempt d&#039;huile pour vos proc\u00e9d\u00e9s critiques et, partant, votre tranquillit\u00e9 d&#039;esprit.<\/p>\n<p>Une fiabilit\u00e9 exceptionnelle, des co\u00fbts d&#039;entretien et d&#039;exploitation r\u00e9duits font des compresseurs sans huile un investissement judicieux.<\/p>\n<h3>Un air de haute qualit\u00e9 et \u00e0 haute efficacit\u00e9<\/h3>\n<p>Cette gamme offre des performances de premier ordre, une efficacit\u00e9 et une qualit\u00e9 optimales. De plus, gr\u00e2ce \u00e0 un compresseur sans huile, vous r\u00e9duisez votre co\u00fbt total de possession de trois mani\u00e8res\u00a0:<\/p>\n<p>(1) en \u00e9vitant les remplacements de filtres co\u00fbteux,<br \/>\n(2) r\u00e9duire les co\u00fbts de maintenance pour le traitement des condensats d&#039;huile et<br \/>\n(3) les co\u00fbts de l\u2019\u00e9nergie suppl\u00e9mentaire n\u00e9cessaire pour lutter contre la chute de pression dans les filtres.<\/p>\n<h3>Performances haut de gamme<\/h3>\n<p>\u2022 Pression nominale jusqu&#039;\u00e0 10 bar.<br \/>\n\u2022 Sortie de :<br \/>\n\u2013 6,8 \u00e0 147 m\u00b3\/h.<br \/>\n\u2013 1,9 \u00e0 40,8 l\/s.<br \/>\n\u2013 4,0 \u00e0 86,5 cfm.<br \/>\n\u2022 Niveaux sonores aussi bas que 53 dB.<\/p>\n<h3>Efficacit\u00e9 premium<\/h3>\n<p>\u2022 S\u00e9cheur int\u00e9gr\u00e9 pour r\u00e9duire la chute de pression en aval.<br \/>\n\u2022 Technologie de compression de pointe con\u00e7ue en interne.<br \/>\n\u2022 \u00c9quip\u00e9 en standard d&#039;un moteur IE3 \u00e0 haut rendement.<\/p>\n<h3>Qualit\u00e9 sup\u00e9rieure<\/h3>\n<p>\u2022 Qualit\u00e9 de l\u2019air certifi\u00e9e classe 0*.<br \/>\n\u2022 Mat\u00e9riaux r\u00e9sistants \u00e0 la corrosion.<br \/>\n\u2013 flexibles en acier inoxydable<br \/>\n\u2013 r\u00e9servoir rev\u00eatu d\u2019\u00e9poxy \u00e0 l\u2019int\u00e9rieur<br \/>\n\u2022 Mesures de s\u00e9curit\u00e9<br \/>\n\u2013 Capteur de temp\u00e9rature ambiante<br \/>\n\u2013 Capteur de temp\u00e9rature de sortie via le contr\u00f4leur graphique<br \/>\n\u2013 Identification et journalisation des arr\u00eats<br \/>\n\u2013 Visualisation du planning d\u2019entretien<\/p>","protected":false},"excerpt":{"rendered":"<p>Compresseur VSD (jusqu&#039;\u00e0 35% d&#039;\u00e9conomies d&#039;\u00e9nergie)<br \/>D\u00e9bit d&#039;air libre 14 CFM \u00e0 100 PSI \/ 13 CFM \u00e0 125 PSI<br \/>Garantie d&#039;\u00e9change pare-chocs contre pare-chocs de 10 ans<\/p>","protected":false},"featured_media":70972,"template":"","meta":{"_glsr_average":0,"_glsr_ranking":0,"_glsr_reviews":0},"product_brand":[],"product_cat":[1061,33],"product_tag":[1057,1065,63],"class_list":{"0":"post-70877","1":"product","2":"type-product","3":"status-publish","4":"has-post-thumbnail","6":"product_cat-oil-free-scroll-air-center","7":"product_cat-us-air-center-compressor","8":"product_tag-oil-free-compressor","9":"product_tag-oil-free-scroll-air-center-compressor","10":"product_tag-rotary-screw-air-compressor","12":"first","13":"instock","14":"taxable","15":"shipping-taxable","16":"purchasable","17":"product-type-variable"},"_links":{"self":[{"href":"https:\/\/usaircompressor.com\/fr\/wp-json\/wp\/v2\/product\/70877","targetHints":{"allow":["GET"]}}],"collection":[{"href":"https:\/\/usaircompressor.com\/fr\/wp-json\/wp\/v2\/product"}],"about":[{"href":"https:\/\/usaircompressor.com\/fr\/wp-json\/wp\/v2\/types\/product"}],"wp:featuredmedia":[{"embeddable":true,"href":"https:\/\/usaircompressor.com\/fr\/wp-json\/wp\/v2\/media\/70972"}],"wp:attachment":[{"href":"https:\/\/usaircompressor.com\/fr\/wp-json\/wp\/v2\/media?parent=70877"}],"wp:term":[{"taxonomy":"product_brand","embeddable":true,"href":"https:\/\/usaircompressor.com\/fr\/wp-json\/wp\/v2\/product_brand?post=70877"},{"taxonomy":"product_cat","embeddable":true,"href":"https:\/\/usaircompressor.com\/fr\/wp-json\/wp\/v2\/product_cat?post=70877"},{"taxonomy":"product_tag","embeddable":true,"href":"https:\/\/usaircompressor.com\/fr\/wp-json\/wp\/v2\/product_tag?post=70877"}],"curies":[{"name":"wp","href":"https:\/\/api.w.org\/{rel}","templated":true}]}}