{"id":70848,"date":"2025-08-07T09:39:24","date_gmt":"2025-08-07T13:39:24","guid":{"rendered":"https:\/\/usaircompressor.com\/?post_type=product&#038;p=70848"},"modified":"2026-03-03T19:00:57","modified_gmt":"2026-03-03T23:00:57","slug":"80-gallon-air-tank-300psi","status":"publish","type":"product","link":"https:\/\/usaircompressor.com\/fr\/produit\/80-gallon-air-tank-300psi\/","title":{"rendered":"R\u00e9servoir d&#039;air de 80 gallons \u2013 300 PSI"},"content":{"rendered":"<ul>\n<li>Garantie 1 an<\/li>\n<li>Certifi\u00e9 ASME (Tout r\u00e9cipient contenant une pression interne sup\u00e9rieure \u00e0 15 PSI.)<\/li>\n<\/ul>","protected":false},"excerpt":{"rendered":"<p>Capacit\u00e9 : 80 gallons<br \/>PSI : 200<br \/>Rev\u00eatement primaire uniquement<\/p>","protected":false},"featured_media":5792,"template":"","meta":{"_glsr_average":0,"_glsr_ranking":0,"_glsr_reviews":0},"product_brand":[],"product_cat":[37],"product_tag":[79,119],"class_list":{"0":"post-70848","1":"product","2":"type-product","3":"status-publish","4":"has-post-thumbnail","6":"product_cat-air-tank","7":"product_tag-air-system-equipment","8":"product_tag-air-tank","10":"first","11":"instock","12":"taxable","13":"shipping-taxable","14":"purchasable","15":"product-type-simple"},"_links":{"self":[{"href":"https:\/\/usaircompressor.com\/fr\/wp-json\/wp\/v2\/product\/70848","targetHints":{"allow":["GET"]}}],"collection":[{"href":"https:\/\/usaircompressor.com\/fr\/wp-json\/wp\/v2\/product"}],"about":[{"href":"https:\/\/usaircompressor.com\/fr\/wp-json\/wp\/v2\/types\/product"}],"wp:featuredmedia":[{"embeddable":true,"href":"https:\/\/usaircompressor.com\/fr\/wp-json\/wp\/v2\/media\/5792"}],"wp:attachment":[{"href":"https:\/\/usaircompressor.com\/fr\/wp-json\/wp\/v2\/media?parent=70848"}],"wp:term":[{"taxonomy":"product_brand","embeddable":true,"href":"https:\/\/usaircompressor.com\/fr\/wp-json\/wp\/v2\/product_brand?post=70848"},{"taxonomy":"product_cat","embeddable":true,"href":"https:\/\/usaircompressor.com\/fr\/wp-json\/wp\/v2\/product_cat?post=70848"},{"taxonomy":"product_tag","embeddable":true,"href":"https:\/\/usaircompressor.com\/fr\/wp-json\/wp\/v2\/product_tag?post=70848"}],"curies":[{"name":"wp","href":"https:\/\/api.w.org\/{rel}","templated":true}]}}