{"id":6749,"date":"2024-10-02T22:03:14","date_gmt":"2024-10-03T02:03:14","guid":{"rendered":"https:\/\/usaircompressor.com\/?post_type=product&#038;p=6749"},"modified":"2026-04-07T20:05:51","modified_gmt":"2026-04-08T00:05:51","slug":"200-hp-two-stage-air-compressor","status":"publish","type":"product","link":"https:\/\/usaircompressor.com\/fr\/produit\/200-hp-two-stage-air-compressor\/","title":{"rendered":"Compresseur \u00e0 deux \u00e9tages de 200 CV | 460-600 volts | 1\u00a0210 pi\u00b3\/min"},"content":{"rendered":"<p>Un compresseur bi-\u00e9tag\u00e9 de 200 CV offre une efficacit\u00e9 et des performances in\u00e9gal\u00e9es pour vos op\u00e9rations. Gr\u00e2ce \u00e0 sa technologie avanc\u00e9e de compression bi-\u00e9tag\u00e9e, il int\u00e8gre les premier et deuxi\u00e8me \u00e9tages de compression dans un seul bloc vis, r\u00e9duisant ainsi la temp\u00e9rature d&#039;aspiration gr\u00e2ce \u00e0 un refroidissement d&#039;huile am\u00e9lior\u00e9. Cette conception assure une compression quasi isotherme, optimisant la consommation d&#039;\u00e9nergie et am\u00e9liorant les performances. Le compresseur d&#039;air de 200 CV pr\u00e9sente un taux de compression \u00e9quilibr\u00e9 et des fuites internes r\u00e9duites, ce qui se traduit par un rendement volumique sup\u00e9rieur, des charges de paliers r\u00e9duites et une dur\u00e9e de vie prolong\u00e9e du bloc vis.<\/p>\n<p>Le compresseur \u00e0 vitesse variable \u00e0 deux \u00e9tages de 200 ch d&#039;US Air est au moins 20 % plus efficace que les mod\u00e8les \u00e0 vitesse variable \u00e0 un \u00e9tage et jusqu&#039;\u00e0 50 % plus efficace que les compresseurs \u00e0 vitesse fixe. \u00c9quip\u00e9 de quatre rotors au lieu de deux, il d\u00e9livre plus d&#039;air tout en consommant moins d&#039;\u00e9lectricit\u00e9, offrant ainsi des \u00e9conomies potentielles pouvant atteindre 1\u00a0TP4T50\u00a0000 par an. Choisissez un compresseur de 200 ch pour optimiser l&#039;efficacit\u00e9 \u00e9nerg\u00e9tique et les \u00e9conomies \u00e0 long terme de votre entreprise.<\/p>","protected":false},"excerpt":{"rendered":"<p>Compresseur VSD (jusqu&#039;\u00e0 50% d&#039;\u00e9conomies d&#039;\u00e9nergie)<br \/>D\u00e9bit d&#039;air libre 1210 CFM \u00e0 100 PSI \/ 840 CFM \u00e0 190 PSI<br \/>Garantie d&#039;\u00e9change pare-chocs contre pare-chocs de 10 ans<\/p>","protected":false},"featured_media":6735,"template":"","meta":{"_glsr_average":0,"_glsr_ranking":0,"_glsr_reviews":0},"product_brand":[],"product_cat":[32],"product_tag":[56,63,61],"class_list":{"0":"post-6749","1":"product","2":"type-product","3":"status-publish","4":"has-post-thumbnail","6":"product_cat-two-stage-compressor","7":"product_tag-oil-injected-compressor","8":"product_tag-rotary-screw-air-compressor","9":"product_tag-two-stage-rotary-screw-compressor","11":"first","12":"instock","13":"taxable","14":"shipping-taxable","15":"purchasable","16":"product-type-variable","17":"has-default-attributes"},"_links":{"self":[{"href":"https:\/\/usaircompressor.com\/fr\/wp-json\/wp\/v2\/product\/6749","targetHints":{"allow":["GET"]}}],"collection":[{"href":"https:\/\/usaircompressor.com\/fr\/wp-json\/wp\/v2\/product"}],"about":[{"href":"https:\/\/usaircompressor.com\/fr\/wp-json\/wp\/v2\/types\/product"}],"wp:featuredmedia":[{"embeddable":true,"href":"https:\/\/usaircompressor.com\/fr\/wp-json\/wp\/v2\/media\/6735"}],"wp:attachment":[{"href":"https:\/\/usaircompressor.com\/fr\/wp-json\/wp\/v2\/media?parent=6749"}],"wp:term":[{"taxonomy":"product_brand","embeddable":true,"href":"https:\/\/usaircompressor.com\/fr\/wp-json\/wp\/v2\/product_brand?post=6749"},{"taxonomy":"product_cat","embeddable":true,"href":"https:\/\/usaircompressor.com\/fr\/wp-json\/wp\/v2\/product_cat?post=6749"},{"taxonomy":"product_tag","embeddable":true,"href":"https:\/\/usaircompressor.com\/fr\/wp-json\/wp\/v2\/product_tag?post=6749"}],"curies":[{"name":"wp","href":"https:\/\/api.w.org\/{rel}","templated":true}]}}