{"id":6666,"date":"2024-10-02T11:43:56","date_gmt":"2024-10-02T15:43:56","guid":{"rendered":"https:\/\/usaircompressor.com\/?post_type=product&#038;p=6666"},"modified":"2026-04-17T00:10:05","modified_gmt":"2026-04-17T04:10:05","slug":"125-hp-two-stage-air-compressor","status":"publish","type":"product","link":"https:\/\/usaircompressor.com\/fr\/produit\/125-hp-two-stage-air-compressor\/","title":{"rendered":"Compresseur d&#039;air rotatif \u00e0 vis VSD \u00e0 deux \u00e9tages de 125 CV | Triphas\u00e9 | 460-480 volts | 756 pi3\/min"},"content":{"rendered":"<h3>Technologie de compression \u00e0 deux \u00e9tages<\/h3>\n<p>L&#039;unit\u00e9 de compression du premier \u00e9tage et l&#039;unit\u00e9 de compression du deuxi\u00e8me \u00e9tage sont int\u00e9gr\u00e9es dans une seule extr\u00e9mit\u00e9 d&#039;air entra\u00een\u00e9e directement par l&#039;engrenage h\u00e9lico\u00efdal, la vitesse lin\u00e9aire optimale pour chaque \u00e9tage.<\/p>\n<p>Apr\u00e8s la compression du premier \u00e9tage, la compression \u00e0 pression constante en intensifiant le refroidissement de l&#039;huile \u00e9tal\u00e9e, r\u00e9duit la temp\u00e9rature d&#039;aspiration de la compression du deuxi\u00e8me \u00e9tage, garantit que l&#039;unit\u00e9 de compression du deuxi\u00e8me \u00e9tage est proche de la compression isotherme.<\/p>\n<p>Taux de compression, distribution raisonnable, conception de roulement optimis\u00e9e, la compression du deuxi\u00e8me \u00e9tage r\u00e9duit le taux de compression de chaque \u00e9tage, r\u00e9duit les fuites internes, am\u00e9liore l&#039;efficacit\u00e9 du volume, r\u00e9duit la charge du roulement et am\u00e9liore la dur\u00e9e de vie de l&#039;extr\u00e9mit\u00e9 d&#039;air.<\/p>\n<h3>Quels sont les avantages d\u2019un compresseur \u00e0 deux \u00e9tages ?<\/h3>\n<ul>\n<li>La vis d&#039;entra\u00eenement \u00e0 vitesse variable \u00e0 deux \u00e9tages d&#039;US Air est au moins 20% plus efficace que toute autre vis \u00e0 vitesse variable \u00e0 un \u00e9tage<\/li>\n<li>Il peut \u00eatre jusqu&#039;\u00e0 50% plus efficace que votre compresseur \u00e0 vis \u00e0 vitesse fixe<\/li>\n<li>En utilisant quatre rotors au lieu de deux, ce compresseur fournira plus d&#039;air en utilisant moins d&#039;\u00e9lectricit\u00e9. Les \u00e9conomies peuvent atteindre plus de $50 000,00 par an<\/li>\n<\/ul>","protected":false},"excerpt":{"rendered":"<p>Compresseur VSD (jusqu&#039;\u00e0 50% d&#039;\u00e9conomies d&#039;\u00e9nergie)<br \/>D\u00e9bit d&#039;air libre 756 CFM \u00e0 100 PSI \/ 525 CFM \u00e0 190 PSI<br \/>Garantie d&#039;\u00e9change pare-chocs contre pare-chocs de 10 ans<\/p>","protected":false},"featured_media":6669,"template":"","meta":{"_glsr_average":0,"_glsr_ranking":0,"_glsr_reviews":0},"product_brand":[],"product_cat":[32],"product_tag":[56,63,61],"class_list":{"0":"post-6666","1":"product","2":"type-product","3":"status-publish","4":"has-post-thumbnail","6":"product_cat-two-stage-compressor","7":"product_tag-oil-injected-compressor","8":"product_tag-rotary-screw-air-compressor","9":"product_tag-two-stage-rotary-screw-compressor","11":"first","12":"instock","13":"taxable","14":"shipping-taxable","15":"purchasable","16":"product-type-variable","17":"has-default-attributes"},"_links":{"self":[{"href":"https:\/\/usaircompressor.com\/fr\/wp-json\/wp\/v2\/product\/6666","targetHints":{"allow":["GET"]}}],"collection":[{"href":"https:\/\/usaircompressor.com\/fr\/wp-json\/wp\/v2\/product"}],"about":[{"href":"https:\/\/usaircompressor.com\/fr\/wp-json\/wp\/v2\/types\/product"}],"wp:featuredmedia":[{"embeddable":true,"href":"https:\/\/usaircompressor.com\/fr\/wp-json\/wp\/v2\/media\/6669"}],"wp:attachment":[{"href":"https:\/\/usaircompressor.com\/fr\/wp-json\/wp\/v2\/media?parent=6666"}],"wp:term":[{"taxonomy":"product_brand","embeddable":true,"href":"https:\/\/usaircompressor.com\/fr\/wp-json\/wp\/v2\/product_brand?post=6666"},{"taxonomy":"product_cat","embeddable":true,"href":"https:\/\/usaircompressor.com\/fr\/wp-json\/wp\/v2\/product_cat?post=6666"},{"taxonomy":"product_tag","embeddable":true,"href":"https:\/\/usaircompressor.com\/fr\/wp-json\/wp\/v2\/product_tag?post=6666"}],"curies":[{"name":"wp","href":"https:\/\/api.w.org\/{rel}","templated":true}]}}