{"id":6632,"date":"2024-10-01T23:50:49","date_gmt":"2024-10-02T03:50:49","guid":{"rendered":"https:\/\/usaircompressor.com\/?post_type=product&#038;p=6632"},"modified":"2026-04-07T19:25:49","modified_gmt":"2026-04-07T23:25:49","slug":"100-hp-two-stage-air-compressor","status":"publish","type":"product","link":"https:\/\/usaircompressor.com\/fr\/produit\/100-hp-two-stage-air-compressor\/","title":{"rendered":"Compresseur \u00e0 deux \u00e9tages de 100 CV | 460-600 volts | 520 pi\u00b3\/min"},"content":{"rendered":"<p>Vous recherchez un compresseur bi-\u00e9tag\u00e9 de 100 CV fiable et performant\u00a0? Le compresseur bi-\u00e9tag\u00e9 \u00e0 vitesse variable d&#039;US Air \u00e9tablit une nouvelle norme en mati\u00e8re d&#039;efficacit\u00e9 et de performance. Contrairement aux compresseurs mono-\u00e9tag\u00e9s, ce compresseur d&#039;air avanc\u00e9 de 100 CV int\u00e8gre les premier et deuxi\u00e8me \u00e9tages de compression dans un seul bloc d&#039;alimentation, r\u00e9duisant ainsi la consommation d&#039;\u00e9nergie et am\u00e9liorant le rendement. Gr\u00e2ce \u00e0 un refroidissement optimis\u00e9 et \u00e0 une compression isotherme, il offre des performances maximales tout en minimisant l&#039;usure.<\/p>\n<p>Con\u00e7u pour les applications industrielles, ce compresseur industriel de 100 CV est \u00e9quip\u00e9 de quatre rotors, fournissant plus d&#039;air avec moins d&#039;\u00e9lectricit\u00e9, vous permettant ainsi d&#039;\u00e9conomiser jusqu&#039;\u00e0 50 % par rapport aux mod\u00e8les \u00e0 vitesse fixe. B\u00e9n\u00e9ficiez d&#039;\u00e9conomies d&#039;\u00e9nergie allant jusqu&#039;\u00e0 $50\u00a0000 par an tout en garantissant des performances constantes et \u00e0 haut volume pour vos op\u00e9rations. Que vous modernisiez votre syst\u00e8me actuel ou que vous lanciez un nouveau projet, ce compresseur offre une efficacit\u00e9 et une durabilit\u00e9 in\u00e9gal\u00e9es pour un usage industriel. D\u00e9couvrez d\u00e8s aujourd&#039;hui la puissance de l&#039;efficacit\u00e9 avec les compresseurs bi-\u00e9tag\u00e9s de 100 CV d&#039;US Air\u00a0!<\/p>","protected":false},"excerpt":{"rendered":"<p>Compresseur VSD (jusqu&#039;\u00e0 50% d&#039;\u00e9conomies d&#039;\u00e9nergie)<br \/>D\u00e9bit d&#039;air libre 520 CFM \u00e0 100 PSI \/ 278 CFM \u00e0 230 PSI<br \/>Garantie d&#039;\u00e9change pare-chocs contre pare-chocs de 10 ans<\/p>","protected":false},"featured_media":6634,"template":"","meta":{"_glsr_average":0,"_glsr_ranking":0,"_glsr_reviews":0},"product_brand":[],"product_cat":[32],"product_tag":[56,63,61],"class_list":{"0":"post-6632","1":"product","2":"type-product","3":"status-publish","4":"has-post-thumbnail","6":"product_cat-two-stage-compressor","7":"product_tag-oil-injected-compressor","8":"product_tag-rotary-screw-air-compressor","9":"product_tag-two-stage-rotary-screw-compressor","11":"first","12":"instock","13":"taxable","14":"shipping-taxable","15":"purchasable","16":"product-type-variable"},"_links":{"self":[{"href":"https:\/\/usaircompressor.com\/fr\/wp-json\/wp\/v2\/product\/6632","targetHints":{"allow":["GET"]}}],"collection":[{"href":"https:\/\/usaircompressor.com\/fr\/wp-json\/wp\/v2\/product"}],"about":[{"href":"https:\/\/usaircompressor.com\/fr\/wp-json\/wp\/v2\/types\/product"}],"wp:featuredmedia":[{"embeddable":true,"href":"https:\/\/usaircompressor.com\/fr\/wp-json\/wp\/v2\/media\/6634"}],"wp:attachment":[{"href":"https:\/\/usaircompressor.com\/fr\/wp-json\/wp\/v2\/media?parent=6632"}],"wp:term":[{"taxonomy":"product_brand","embeddable":true,"href":"https:\/\/usaircompressor.com\/fr\/wp-json\/wp\/v2\/product_brand?post=6632"},{"taxonomy":"product_cat","embeddable":true,"href":"https:\/\/usaircompressor.com\/fr\/wp-json\/wp\/v2\/product_cat?post=6632"},{"taxonomy":"product_tag","embeddable":true,"href":"https:\/\/usaircompressor.com\/fr\/wp-json\/wp\/v2\/product_tag?post=6632"}],"curies":[{"name":"wp","href":"https:\/\/api.w.org\/{rel}","templated":true}]}}