{"id":6588,"date":"2024-10-01T22:07:33","date_gmt":"2024-10-02T02:07:33","guid":{"rendered":"https:\/\/usaircompressor.com\/?post_type=product&#038;p=6588"},"modified":"2026-04-18T03:28:14","modified_gmt":"2026-04-18T07:28:14","slug":"50-hp-vsd-air-compressor","status":"publish","type":"product","link":"https:\/\/usaircompressor.com\/fr\/produit\/50-hp-vsd-air-compressor\/","title":{"rendered":"Compresseur d&#039;air rotatif \u00e0 vis \u00e0 vitesse variable de 50 CV | Monophas\u00e9 \u00e0 triphas\u00e9 | 208-600 V | 229 pi\u00b3\/min"},"content":{"rendered":"<h3>Un compresseur \u00e0 vitesse variable<\/h3>\n<ol>\n<li>Con\u00e7u pour une charge de travail 24h\/24 et 7j\/7<\/li>\n<li>Achetez un tout nouveau compresseur pour le prix de la r\u00e9paration d&#039;un compresseur, d&#039;un variateur de vitesse ou d&#039;un moteur<\/li>\n<li>Le premier syst\u00e8me au monde compatible Bluetooth avec une application pour t\u00e9l\u00e9phone\/tablette permettant de surveiller votre compresseur<\/li>\n<li>Compresseur \u00e0 entra\u00eenement direct \u00e0 faible consommation d&#039;\u00e9nergie, VSD, avec compresseur \u00e0 faible r\u00e9gime, sans courroies, tout en tubes d&#039;acier<\/li>\n<\/ol>\n<p>Le compresseur d&#039;air rotatif \u00e0 vis \u00e0 vitesse variable de 50 CV est une solution optimale pour les applications industrielles \u00e0 grande \u00e9chelle n\u00e9cessitant un d\u00e9bit d&#039;air constant et une efficacit\u00e9 \u00e9nerg\u00e9tique \u00e9lev\u00e9e. Son moteur puissant peut facilement g\u00e9rer des t\u00e2ches lourdes dans des secteurs tels que la fabrication, la transformation des aliments et la construction.<\/p>\n<h3>Quels sont les avantages d\u2019un compresseur VSD\/VFD ?<\/h3>\n<ul>\n<li>Capacit\u00e9 de d\u00e9marrer et d&#039;arr\u00eater sous pleine pression du syst\u00e8me sans avoir besoin de d\u00e9charger.<\/li>\n<li>Consommation d\u2019\u00e9nergie r\u00e9duite \u2013 aucune perte d\u2019\u00e9nergie lors du fonctionnement \u00e0 charge r\u00e9duite.<\/li>\n<li>Moins de pics de puissance \u2013 n\u2019activez pas le moteur du compresseur d\u2019air lorsque les courants les plus \u00e9lev\u00e9s sont pr\u00e9sents.<\/li>\n<li>Jusqu&#039;\u00e0 35%, moins d&#039;\u00e9nergie est n\u00e9cessaire qu&#039;avec un compresseur \u00e0 vitesse fixe normal, ce qui le rend plus \u00e9conome en \u00e9nergie.<\/li>\n<li>Un contr\u00f4le \u00e9lectrique pr\u00e9cis permet de ralentir, d&#039;arr\u00eater ou d&#039;acc\u00e9l\u00e9rer les vitesses du moteur.<\/li>\n<li>Les fuites du syst\u00e8me sont minimis\u00e9es puisque le risque de fuite est plus faible avec une pression du syst\u00e8me plus faible.<\/li>\n<\/ul>\n<p>La conception avanc\u00e9e d&#039;un compresseur d&#039;air de 50 ch garantit un fonctionnement fluide, r\u00e9duisant consid\u00e9rablement le risque de perturbations op\u00e9rationnelles. Son faible bruit de fonctionnement compl\u00e8te les environnements o\u00f9 le contr\u00f4le du son est essentiel, comme les installations m\u00e9dicales ou les laboratoires de recherche.<\/p>\n<p>Gr\u00e2ce \u00e0 sa construction durable et \u00e0 ses performances robustes, le compresseur d&#039;air rotatif \u00e0 vis \u00e0 entra\u00eenement \u00e0 vitesse variable de 50 CV minimise les besoins de maintenance, \u00e9conomisant ainsi du temps et de l&#039;argent. L&#039;int\u00e9gration d&#039;une technologie intelligente offre une surveillance en temps r\u00e9el, facilitant ainsi le suivi des performances.<\/p>\n<p>Pour les entreprises \u00e0 la recherche de solutions d&#039;air comprim\u00e9 \u00e9volutives et efficaces, cette solution offre une polyvalence et une valeur in\u00e9gal\u00e9es. Ses fonctionnalit\u00e9s optimis\u00e9es en termes d&#039;\u00e9nergie en font un merveilleux ajout aux installations modernes.<\/p>","protected":false},"excerpt":{"rendered":"<p>Compresseur VSD (jusqu&#039;\u00e0 35% d&#039;\u00e9conomies d&#039;\u00e9nergie)<br \/>D\u00e9bit d&#039;air libre 229 CFM \u00e0 100 PSI \/ 168 CFM \u00e0 190 PSI<br \/>Garantie d&#039;\u00e9change pare-chocs contre pare-chocs de 10 ans<\/p>","protected":false},"featured_media":39096,"template":"","meta":{"_glsr_average":0,"_glsr_ranking":0,"_glsr_reviews":0},"product_brand":[],"product_cat":[30],"product_tag":[56,63,57],"class_list":{"0":"post-6588","1":"product","2":"type-product","3":"status-publish","4":"has-post-thumbnail","6":"product_cat-variable-speed-drive","7":"product_tag-oil-injected-compressor","8":"product_tag-rotary-screw-air-compressor","9":"product_tag-variable-speed-drive-compressor","11":"first","12":"instock","13":"taxable","14":"shipping-taxable","15":"purchasable","16":"product-type-variable"},"_links":{"self":[{"href":"https:\/\/usaircompressor.com\/fr\/wp-json\/wp\/v2\/product\/6588","targetHints":{"allow":["GET"]}}],"collection":[{"href":"https:\/\/usaircompressor.com\/fr\/wp-json\/wp\/v2\/product"}],"about":[{"href":"https:\/\/usaircompressor.com\/fr\/wp-json\/wp\/v2\/types\/product"}],"wp:featuredmedia":[{"embeddable":true,"href":"https:\/\/usaircompressor.com\/fr\/wp-json\/wp\/v2\/media\/39096"}],"wp:attachment":[{"href":"https:\/\/usaircompressor.com\/fr\/wp-json\/wp\/v2\/media?parent=6588"}],"wp:term":[{"taxonomy":"product_brand","embeddable":true,"href":"https:\/\/usaircompressor.com\/fr\/wp-json\/wp\/v2\/product_brand?post=6588"},{"taxonomy":"product_cat","embeddable":true,"href":"https:\/\/usaircompressor.com\/fr\/wp-json\/wp\/v2\/product_cat?post=6588"},{"taxonomy":"product_tag","embeddable":true,"href":"https:\/\/usaircompressor.com\/fr\/wp-json\/wp\/v2\/product_tag?post=6588"}],"curies":[{"name":"wp","href":"https:\/\/api.w.org\/{rel}","templated":true}]}}