{"id":6560,"date":"2024-10-01T21:37:11","date_gmt":"2024-10-02T01:37:11","guid":{"rendered":"https:\/\/usaircompressor.com\/?post_type=product&#038;p=6560"},"modified":"2026-04-14T14:15:24","modified_gmt":"2026-04-14T18:15:24","slug":"50-hp-two-stage-air-compressor","status":"publish","type":"product","link":"https:\/\/usaircompressor.com\/fr\/produit\/50-hp-two-stage-air-compressor\/","title":{"rendered":"Compresseur \u00e0 deux \u00e9tages de 50 CV | Compresseur d&#039;air de 50 CV"},"content":{"rendered":"<p>D\u00e9couvrez l&#039;efficacit\u00e9 du compresseur bi-\u00e9tag\u00e9 de 50 CV d&#039;US Air. Dot\u00e9 d&#039;une technologie avanc\u00e9e de compression bi-\u00e9tag\u00e9e, ce compresseur d&#039;air de 50 CV int\u00e8gre les premier et deuxi\u00e8me \u00e9tages de compression dans un seul bloc d&#039;alimentation, entra\u00een\u00e9 par des engrenages h\u00e9lico\u00efdaux pour des performances optimales. Sa conception innovante garantit des temp\u00e9ratures d&#039;aspiration r\u00e9duites entre les \u00e9tages, permettant une compression quasi isotherme pour une efficacit\u00e9 maximale.<\/p>\n<p>Notre compresseur \u00e0 vitesse variable \u00e0 deux \u00e9tages est au moins 20 % plus efficace que les mod\u00e8les \u00e0 un \u00e9tage et jusqu&#039;\u00e0 50 % plus efficace que les compresseurs \u00e0 vitesse fixe. Dot\u00e9 de quatre rotors au lieu de deux, ce compresseur de 50 CV produit plus d&#039;air tout en consommant moins d&#039;\u00e9lectricit\u00e9, vous permettant ainsi d&#039;\u00e9conomiser jusqu&#039;\u00e0 50\u00a0000\u00a0\u00a3 par an. Gr\u00e2ce \u00e0 des taux de compression optimis\u00e9s et \u00e0 une conception de roulements am\u00e9lior\u00e9e, ce compresseur r\u00e9duit les fuites internes et prolonge sa dur\u00e9e de vie.<\/p>\n<p>Passez \u00e0 un compresseur \u00e0 deux \u00e9tages de 50 CV pour des \u00e9conomies d\u2019\u00e9nergie in\u00e9gal\u00e9es et des performances fiables.<\/p>","protected":false},"excerpt":{"rendered":"<p>Compresseur VSD (jusqu&#039;\u00e0 50% d&#039;\u00e9conomies d&#039;\u00e9nergie)<br \/>D\u00e9bit d&#039;air libre 257 CFM \u00e0 100 PSI \/ 135 CFM \u00e0 230 PSI<br \/>Garantie d&#039;\u00e9change pare-chocs contre pare-chocs de 10 ans<\/p>","protected":false},"featured_media":6202,"template":"","meta":{"_glsr_average":0,"_glsr_ranking":0,"_glsr_reviews":0},"product_brand":[],"product_cat":[32],"product_tag":[56,63,61],"class_list":{"0":"post-6560","1":"product","2":"type-product","3":"status-publish","4":"has-post-thumbnail","6":"product_cat-two-stage-compressor","7":"product_tag-oil-injected-compressor","8":"product_tag-rotary-screw-air-compressor","9":"product_tag-two-stage-rotary-screw-compressor","11":"first","12":"instock","13":"taxable","14":"shipping-taxable","15":"purchasable","16":"product-type-variable"},"_links":{"self":[{"href":"https:\/\/usaircompressor.com\/fr\/wp-json\/wp\/v2\/product\/6560","targetHints":{"allow":["GET"]}}],"collection":[{"href":"https:\/\/usaircompressor.com\/fr\/wp-json\/wp\/v2\/product"}],"about":[{"href":"https:\/\/usaircompressor.com\/fr\/wp-json\/wp\/v2\/types\/product"}],"wp:featuredmedia":[{"embeddable":true,"href":"https:\/\/usaircompressor.com\/fr\/wp-json\/wp\/v2\/media\/6202"}],"wp:attachment":[{"href":"https:\/\/usaircompressor.com\/fr\/wp-json\/wp\/v2\/media?parent=6560"}],"wp:term":[{"taxonomy":"product_brand","embeddable":true,"href":"https:\/\/usaircompressor.com\/fr\/wp-json\/wp\/v2\/product_brand?post=6560"},{"taxonomy":"product_cat","embeddable":true,"href":"https:\/\/usaircompressor.com\/fr\/wp-json\/wp\/v2\/product_cat?post=6560"},{"taxonomy":"product_tag","embeddable":true,"href":"https:\/\/usaircompressor.com\/fr\/wp-json\/wp\/v2\/product_tag?post=6560"}],"curies":[{"name":"wp","href":"https:\/\/api.w.org\/{rel}","templated":true}]}}