{"id":6535,"date":"2024-10-01T21:04:51","date_gmt":"2024-10-02T01:04:51","guid":{"rendered":"https:\/\/usaircompressor.com\/?post_type=product&#038;p=6535"},"modified":"2026-04-07T20:05:29","modified_gmt":"2026-04-08T00:05:29","slug":"25-hp-vsd-air-compressor","status":"publish","type":"product","link":"https:\/\/usaircompressor.com\/fr\/produit\/25-hp-vsd-air-compressor\/","title":{"rendered":"Compresseur d&#039;air \u00e0 vis rotatif \u00e0 entra\u00eenement \u00e0 vitesse variable de 25 CV | Monophas\u00e9 \u00e0 triphas\u00e9 | 208-600 volts | 115 pi3\/min"},"content":{"rendered":"<h3>Un compresseur \u00e0 vitesse variable<\/h3>\n<ol>\n<li>Con\u00e7u pour une charge de travail 24h\/24 et 7j\/7<\/li>\n<li>Achetez un tout nouveau compresseur pour le prix de la r\u00e9paration d&#039;un compresseur, d&#039;un variateur de vitesse ou d&#039;un moteur<\/li>\n<li>Le premier syst\u00e8me au monde compatible Bluetooth avec une application pour t\u00e9l\u00e9phone\/tablette permettant de surveiller votre compresseur<\/li>\n<li>Compresseur \u00e0 entra\u00eenement direct \u00e0 faible consommation d&#039;\u00e9nergie, VSD, avec compresseur \u00e0 faible r\u00e9gime, sans courroies, tout en tubes d&#039;acier<\/li>\n<\/ol>\n<p>&nbsp;<\/p>\n<h3>Quels sont les avantages d\u2019un compresseur VSD\/VFD ?<\/h3>\n<ul>\n<li>Capacit\u00e9 de d\u00e9marrer et d&#039;arr\u00eater sous pleine pression du syst\u00e8me sans avoir besoin de d\u00e9charger.<\/li>\n<li>Consommation d\u2019\u00e9nergie r\u00e9duite \u2013 aucune perte d\u2019\u00e9nergie lors du fonctionnement \u00e0 charge r\u00e9duite.<\/li>\n<li>Moins de pics de puissance \u2013 n\u2019activez pas le moteur du compresseur d\u2019air lorsque les courants les plus \u00e9lev\u00e9s sont pr\u00e9sents.<\/li>\n<li>Jusqu&#039;\u00e0 35%, moins d&#039;\u00e9nergie est n\u00e9cessaire qu&#039;avec un compresseur \u00e0 vitesse fixe normal, ce qui le rend plus \u00e9conome en \u00e9nergie.<\/li>\n<li>Un contr\u00f4le \u00e9lectrique pr\u00e9cis permet de ralentir, d&#039;arr\u00eater ou d&#039;acc\u00e9l\u00e9rer les vitesses du moteur.<\/li>\n<li>Les fuites du syst\u00e8me sont minimis\u00e9es puisque le risque de fuite est plus faible avec une pression du syst\u00e8me plus faible.<\/li>\n<\/ul>","protected":false},"excerpt":{"rendered":"<p>Compresseur VSD (jusqu&#039;\u00e0 35% d&#039;\u00e9conomies d&#039;\u00e9nergie)<br \/>D\u00e9bit d&#039;air libre 115 CFM \u00e0 100 PSI \/ 75 CFM \u00e0 175 PSI<br \/>Garantie d&#039;\u00e9change pare-chocs contre pare-chocs de 10 ans<\/p>","protected":false},"featured_media":39093,"template":"","meta":{"_glsr_average":0,"_glsr_ranking":0,"_glsr_reviews":0},"product_brand":[],"product_cat":[30],"product_tag":[56,63,57],"class_list":{"0":"post-6535","1":"product","2":"type-product","3":"status-publish","4":"has-post-thumbnail","6":"product_cat-variable-speed-drive","7":"product_tag-oil-injected-compressor","8":"product_tag-rotary-screw-air-compressor","9":"product_tag-variable-speed-drive-compressor","10":"product_shipping_class-free-shipping","12":"first","13":"instock","14":"sale","15":"taxable","16":"shipping-taxable","17":"purchasable","18":"product-type-variable"},"_links":{"self":[{"href":"https:\/\/usaircompressor.com\/fr\/wp-json\/wp\/v2\/product\/6535","targetHints":{"allow":["GET"]}}],"collection":[{"href":"https:\/\/usaircompressor.com\/fr\/wp-json\/wp\/v2\/product"}],"about":[{"href":"https:\/\/usaircompressor.com\/fr\/wp-json\/wp\/v2\/types\/product"}],"wp:featuredmedia":[{"embeddable":true,"href":"https:\/\/usaircompressor.com\/fr\/wp-json\/wp\/v2\/media\/39093"}],"wp:attachment":[{"href":"https:\/\/usaircompressor.com\/fr\/wp-json\/wp\/v2\/media?parent=6535"}],"wp:term":[{"taxonomy":"product_brand","embeddable":true,"href":"https:\/\/usaircompressor.com\/fr\/wp-json\/wp\/v2\/product_brand?post=6535"},{"taxonomy":"product_cat","embeddable":true,"href":"https:\/\/usaircompressor.com\/fr\/wp-json\/wp\/v2\/product_cat?post=6535"},{"taxonomy":"product_tag","embeddable":true,"href":"https:\/\/usaircompressor.com\/fr\/wp-json\/wp\/v2\/product_tag?post=6535"}],"curies":[{"name":"wp","href":"https:\/\/api.w.org\/{rel}","templated":true}]}}