{"id":6519,"date":"2024-10-01T20:39:55","date_gmt":"2024-10-02T00:39:55","guid":{"rendered":"https:\/\/usaircompressor.com\/?post_type=product&#038;p=6519"},"modified":"2026-04-12T21:16:46","modified_gmt":"2026-04-13T01:16:46","slug":"20-hp-vsd-air-compressor","status":"publish","type":"product","link":"https:\/\/usaircompressor.com\/fr\/produit\/20-hp-vsd-air-compressor\/","title":{"rendered":"Compresseur d&#039;air rotatif \u00e0 vis \u00e0 vitesse variable de 20 CV | Monophas\u00e9 \u00e0 triphas\u00e9 | 208-600 V | 86 pi\u00b3\/min"},"content":{"rendered":"<h3>Un compresseur \u00e0 vitesse variable<\/h3>\n<ol>\n<li>Con\u00e7u pour une charge de travail 24h\/24 et 7j\/7<\/li>\n<li>Achetez un tout nouveau compresseur pour le prix de la r\u00e9paration d&#039;un compresseur, d&#039;un variateur de vitesse ou d&#039;un moteur<\/li>\n<li>Le premier syst\u00e8me au monde compatible Bluetooth avec une application pour t\u00e9l\u00e9phone\/tablette permettant de surveiller votre compresseur<\/li>\n<li>Compresseur \u00e0 entra\u00eenement direct \u00e0 faible consommation d&#039;\u00e9nergie, VSD, avec compresseur \u00e0 faible r\u00e9gime, sans courroies, tout en tubes d&#039;acier<\/li>\n<\/ol>\n<p>Avec la capacit\u00e9 de g\u00e9rer la demande fluctuante, le compresseur d&#039;air rotatif \u00e0 vis \u00e0 entra\u00eenement \u00e0 vitesse variable de 20 CV garantit une utilisation optimale de l&#039;\u00e9nergie sans compromettre le rendement.<\/p>\n<h3>Quels sont les avantages d\u2019un compresseur VSD\/VFD ?<\/h3>\n<ul>\n<li>Capacit\u00e9 de d\u00e9marrer et d&#039;arr\u00eater sous pleine pression du syst\u00e8me sans avoir besoin de d\u00e9charger.<\/li>\n<li>Consommation d\u2019\u00e9nergie r\u00e9duite \u2013 aucune perte d\u2019\u00e9nergie lors du fonctionnement \u00e0 charge r\u00e9duite.<\/li>\n<li>Moins de pics de puissance \u2013 n\u2019activez pas le moteur du compresseur d\u2019air lorsque les courants les plus \u00e9lev\u00e9s sont pr\u00e9sents.<\/li>\n<li>Jusqu&#039;\u00e0 35%, moins d&#039;\u00e9nergie est n\u00e9cessaire qu&#039;avec un compresseur \u00e0 vitesse fixe normal, ce qui le rend plus \u00e9conome en \u00e9nergie.<\/li>\n<li>Un contr\u00f4le \u00e9lectrique pr\u00e9cis permet de ralentir, d&#039;arr\u00eater ou d&#039;acc\u00e9l\u00e9rer les vitesses du moteur.<\/li>\n<li>Les fuites du syst\u00e8me sont minimis\u00e9es puisque le risque de fuite est plus faible avec une pression du syst\u00e8me plus faible.<\/li>\n<\/ul>\n<p>Ce compresseur d&#039;air de 20 ch int\u00e8gre \u00e9galement des fonctions de s\u00e9curit\u00e9 robustes, garantissant des performances durables et une protection contre l&#039;usure dans les environnements exigeants. Gr\u00e2ce \u00e0 son fonctionnement silencieux, il prend en charge les environnements qui n\u00e9cessitent des niveaux de bruit r\u00e9duits, ce qui le rend polyvalent pour les laboratoires, les ateliers ou autres sites sensibles.<\/p>\n<p>De plus, son syst\u00e8me de surveillance intuitif compatible Bluetooth simplifie le suivi en temps r\u00e9el, offrant un meilleur contr\u00f4le de l&#039;efficacit\u00e9 du compresseur. La combinaison de durabilit\u00e9, de technologie avanc\u00e9e et de capacit\u00e9s d&#039;\u00e9conomie d&#039;\u00e9nergie fait du compresseur d&#039;air rotatif \u00e0 vis \u00e0 vitesse variable de 20 CV un excellent choix pour les entreprises qui privil\u00e9gient la durabilit\u00e9 et une productivit\u00e9 \u00e9lev\u00e9e.<\/p>","protected":false},"excerpt":{"rendered":"<p>Compresseur VSD (jusqu&#039;\u00e0 35% d&#039;\u00e9conomies d&#039;\u00e9nergie)<br \/>D\u00e9bit d&#039;air libre 86 CFM \u00e0 100 PSI \/ 57 CFM \u00e0 190 PSI<br \/>Garantie d&#039;\u00e9change pare-chocs contre pare-chocs de 10 ans<\/p>","protected":false},"featured_media":39092,"template":"","meta":{"_glsr_average":0,"_glsr_ranking":0,"_glsr_reviews":0},"product_brand":[],"product_cat":[30],"product_tag":[56,63,57],"class_list":{"0":"post-6519","1":"product","2":"type-product","3":"status-publish","4":"has-post-thumbnail","6":"product_cat-variable-speed-drive","7":"product_tag-oil-injected-compressor","8":"product_tag-rotary-screw-air-compressor","9":"product_tag-variable-speed-drive-compressor","10":"product_shipping_class-free-shipping","12":"first","13":"instock","14":"taxable","15":"shipping-taxable","16":"purchasable","17":"product-type-variable"},"_links":{"self":[{"href":"https:\/\/usaircompressor.com\/fr\/wp-json\/wp\/v2\/product\/6519","targetHints":{"allow":["GET"]}}],"collection":[{"href":"https:\/\/usaircompressor.com\/fr\/wp-json\/wp\/v2\/product"}],"about":[{"href":"https:\/\/usaircompressor.com\/fr\/wp-json\/wp\/v2\/types\/product"}],"wp:featuredmedia":[{"embeddable":true,"href":"https:\/\/usaircompressor.com\/fr\/wp-json\/wp\/v2\/media\/39092"}],"wp:attachment":[{"href":"https:\/\/usaircompressor.com\/fr\/wp-json\/wp\/v2\/media?parent=6519"}],"wp:term":[{"taxonomy":"product_brand","embeddable":true,"href":"https:\/\/usaircompressor.com\/fr\/wp-json\/wp\/v2\/product_brand?post=6519"},{"taxonomy":"product_cat","embeddable":true,"href":"https:\/\/usaircompressor.com\/fr\/wp-json\/wp\/v2\/product_cat?post=6519"},{"taxonomy":"product_tag","embeddable":true,"href":"https:\/\/usaircompressor.com\/fr\/wp-json\/wp\/v2\/product_tag?post=6519"}],"curies":[{"name":"wp","href":"https:\/\/api.w.org\/{rel}","templated":true}]}}