{"id":5778,"date":"2024-09-23T23:44:36","date_gmt":"2024-09-24T03:44:36","guid":{"rendered":"https:\/\/usaircompressor.com\/?post_type=product&#038;p=5778"},"modified":"2026-03-03T18:00:26","modified_gmt":"2026-03-03T22:00:26","slug":"60-hp-cycling-air-dryer","status":"publish","type":"product","link":"https:\/\/usaircompressor.com\/fr\/produit\/60-hp-cycling-air-dryer\/","title":{"rendered":"S\u00e9cheur d&#039;air comprim\u00e9 r\u00e9frig\u00e9r\u00e9 cyclique de 60 CV | S\u00e8che 300 CFM"},"content":{"rendered":"<ul>\n<li>Garantie 1 an<\/li>\n<li>Cyclisme (s&#039;allume et s&#039;\u00e9teint selon les besoins)<\/li>\n<li>S\u00e9cheur d&#039;air r\u00e9frig\u00e9r\u00e9 \u00e0 \u00e9conomie d&#039;\u00e9nergie<\/li>\n<\/ul>","protected":false},"excerpt":{"rendered":"<p>S\u00e9cheur d&#039;air r\u00e9frig\u00e9rant cyclique Point de ros\u00e9e \u00e0 100 PSI +40F<br \/>D\u00e9bit d&#039;air admissible 300 CFM \u00e0 100 PSI<br \/>Taille du tuyau : 1 1\/2<br \/>Garantie 1 an<\/p>","protected":false},"featured_media":5764,"template":"","meta":{"_glsr_average":0,"_glsr_ranking":0,"_glsr_reviews":0},"product_brand":[],"product_cat":[36],"product_tag":[79,82,81],"class_list":{"0":"post-5778","1":"product","2":"type-product","3":"status-publish","4":"has-post-thumbnail","6":"product_cat-refrigerated-air-dryer","7":"product_tag-air-system-equipment","8":"product_tag-compressed-air-dryer","9":"product_tag-refrigerated-air-dryer","11":"first","12":"instock","13":"taxable","14":"shipping-taxable","15":"purchasable","16":"product-type-simple"},"_links":{"self":[{"href":"https:\/\/usaircompressor.com\/fr\/wp-json\/wp\/v2\/product\/5778","targetHints":{"allow":["GET"]}}],"collection":[{"href":"https:\/\/usaircompressor.com\/fr\/wp-json\/wp\/v2\/product"}],"about":[{"href":"https:\/\/usaircompressor.com\/fr\/wp-json\/wp\/v2\/types\/product"}],"wp:featuredmedia":[{"embeddable":true,"href":"https:\/\/usaircompressor.com\/fr\/wp-json\/wp\/v2\/media\/5764"}],"wp:attachment":[{"href":"https:\/\/usaircompressor.com\/fr\/wp-json\/wp\/v2\/media?parent=5778"}],"wp:term":[{"taxonomy":"product_brand","embeddable":true,"href":"https:\/\/usaircompressor.com\/fr\/wp-json\/wp\/v2\/product_brand?post=5778"},{"taxonomy":"product_cat","embeddable":true,"href":"https:\/\/usaircompressor.com\/fr\/wp-json\/wp\/v2\/product_cat?post=5778"},{"taxonomy":"product_tag","embeddable":true,"href":"https:\/\/usaircompressor.com\/fr\/wp-json\/wp\/v2\/product_tag?post=5778"}],"curies":[{"name":"wp","href":"https:\/\/api.w.org\/{rel}","templated":true}]}}