{"id":5725,"date":"2024-09-23T19:55:14","date_gmt":"2024-09-23T23:55:14","guid":{"rendered":"https:\/\/usaircompressor.com\/?post_type=product&#038;p=5725"},"modified":"2026-04-07T19:55:49","modified_gmt":"2026-04-07T23:55:49","slug":"10-hp-vsd-air-compressor","status":"publish","type":"product","link":"https:\/\/usaircompressor.com\/fr\/produit\/10-hp-vsd-air-compressor\/","title":{"rendered":"Compresseur d&#039;air \u00e0 vis rotatif \u00e0 entra\u00eenement \u00e0 vitesse variable de 10 CV | Monophas\u00e9 \u00e0 triphas\u00e9 | 208-600 volts | 42 pi3\/min"},"content":{"rendered":"<h3>Un compresseur \u00e0 vitesse variable<\/h3>\n<ol>\n<li>Con\u00e7u pour une charge de travail 24h\/24 et 7j\/7<\/li>\n<li>Achetez un tout nouveau compresseur pour le prix de la r\u00e9paration d&#039;un compresseur, d&#039;un variateur de vitesse ou d&#039;un moteur<\/li>\n<li>Le premier syst\u00e8me au monde compatible Bluetooth avec une application pour t\u00e9l\u00e9phone\/tablette permettant de surveiller votre compresseur<\/li>\n<li>Compresseur \u00e0 entra\u00eenement direct \u00e0 faible consommation d&#039;\u00e9nergie, VSD, avec compresseur \u00e0 faible r\u00e9gime, sans courroies, tout en tubes d&#039;acier<\/li>\n<\/ol>\n<h3>Quels sont les avantages d\u2019un compresseur VSD\/VFD ?<\/h3>\n<ul>\n<li>Capacit\u00e9 de d\u00e9marrer et d&#039;arr\u00eater sous pleine pression du syst\u00e8me sans avoir besoin de d\u00e9charger.<\/li>\n<li>Consommation d\u2019\u00e9nergie r\u00e9duite \u2013 aucune perte d\u2019\u00e9nergie lors du fonctionnement \u00e0 charge r\u00e9duite.<\/li>\n<li>Moins de pics de puissance \u2013 n\u2019activez pas le moteur du compresseur d\u2019air lorsque les courants les plus \u00e9lev\u00e9s sont pr\u00e9sents.<\/li>\n<li>Jusqu&#039;\u00e0 35%, moins d&#039;\u00e9nergie est n\u00e9cessaire qu&#039;avec un compresseur \u00e0 vitesse fixe normal, ce qui le rend plus \u00e9conome en \u00e9nergie.<\/li>\n<li>Un contr\u00f4le \u00e9lectrique pr\u00e9cis permet de ralentir, d&#039;arr\u00eater ou d&#039;acc\u00e9l\u00e9rer les vitesses du moteur.<\/li>\n<li>Les fuites du syst\u00e8me sont minimis\u00e9es puisque le risque de fuite est plus faible avec une pression du syst\u00e8me plus faible.<\/li>\n<\/ul>\n<p>Le compresseur d&#039;air \u00e0 vis rotative \u00e0 entra\u00eenement \u00e0 vitesse variable de 10 CV s&#039;attaque aux applications exigeantes tout en minimisant le gaspillage d&#039;\u00e9nergie. La conception de la vis rotative assure un flux d&#039;air plus fluide, offrant un rendement constant et fiable. Il fonctionne \u00e0 des temp\u00e9ratures plus basses, r\u00e9duisant l&#039;usure et minimisant les temps d&#039;arr\u00eat pour les r\u00e9parations.<\/p>\n<p>Les entreprises peuvent adapter leurs op\u00e9rations avec un compresseur d&#039;air de 10 chevaux, s&#039;adaptant facilement aux fluctuations de la demande en air comprim\u00e9. Sa conception compacte optimise l&#039;espace et son fonctionnement plus silencieux prend en charge les environnements sensibles au bruit ou les emplacements soumis \u00e0 des restrictions de bruit strictes.<\/p>\n<p>Gr\u00e2ce \u00e0 la fonction Bluetooth, les utilisateurs peuvent surveiller le syst\u00e8me et ajuster instantan\u00e9ment les param\u00e8tres de fonctionnement, garantissant ainsi une fonctionnalit\u00e9 optimale. Cette connectivit\u00e9 avanc\u00e9e fournit des mises \u00e0 jour en temps r\u00e9el via des smartphones ou des tablettes, \u00e9vitant ainsi les probl\u00e8mes potentiels avant qu&#039;ils ne s&#039;aggravent. Dans l&#039;ensemble, le compresseur d&#039;air rotatif \u00e0 vis \u00e0 entra\u00eenement \u00e0 vitesse variable de 10 CV aide les entreprises \u00e0 la recherche de syst\u00e8mes d&#039;air comprim\u00e9 durables, \u00e9conomes en \u00e9nergie et intelligents.<\/p>","protected":false},"excerpt":{"rendered":"<p>Compresseur VSD (jusqu&#039;\u00e0 35% d&#039;\u00e9conomies d&#039;\u00e9nergie)<br \/>D\u00e9bit d&#039;air libre 43 CFM \u00e0 100 PSI \/ 25 CFM \u00e0 190 PSI<br \/>Garantie d&#039;\u00e9change pare-chocs contre pare-chocs de 10 ans<\/p>","protected":false},"featured_media":39090,"template":"","meta":{"_glsr_average":0,"_glsr_ranking":0,"_glsr_reviews":0},"product_brand":[],"product_cat":[30],"product_tag":[56,63,57],"class_list":{"0":"post-5725","1":"product","2":"type-product","3":"status-publish","4":"has-post-thumbnail","6":"product_cat-variable-speed-drive","7":"product_tag-oil-injected-compressor","8":"product_tag-rotary-screw-air-compressor","9":"product_tag-variable-speed-drive-compressor","10":"product_shipping_class-free-shipping","12":"first","13":"instock","14":"sale","15":"taxable","16":"shipping-taxable","17":"purchasable","18":"product-type-variable"},"_links":{"self":[{"href":"https:\/\/usaircompressor.com\/fr\/wp-json\/wp\/v2\/product\/5725","targetHints":{"allow":["GET"]}}],"collection":[{"href":"https:\/\/usaircompressor.com\/fr\/wp-json\/wp\/v2\/product"}],"about":[{"href":"https:\/\/usaircompressor.com\/fr\/wp-json\/wp\/v2\/types\/product"}],"wp:featuredmedia":[{"embeddable":true,"href":"https:\/\/usaircompressor.com\/fr\/wp-json\/wp\/v2\/media\/39090"}],"wp:attachment":[{"href":"https:\/\/usaircompressor.com\/fr\/wp-json\/wp\/v2\/media?parent=5725"}],"wp:term":[{"taxonomy":"product_brand","embeddable":true,"href":"https:\/\/usaircompressor.com\/fr\/wp-json\/wp\/v2\/product_brand?post=5725"},{"taxonomy":"product_cat","embeddable":true,"href":"https:\/\/usaircompressor.com\/fr\/wp-json\/wp\/v2\/product_cat?post=5725"},{"taxonomy":"product_tag","embeddable":true,"href":"https:\/\/usaircompressor.com\/fr\/wp-json\/wp\/v2\/product_tag?post=5725"}],"curies":[{"name":"wp","href":"https:\/\/api.w.org\/{rel}","templated":true}]}}