{"id":5701,"date":"2024-09-23T17:51:48","date_gmt":"2024-09-23T21:51:48","guid":{"rendered":"https:\/\/usaircompressor.com\/?post_type=product&#038;p=5701"},"modified":"2026-04-10T18:15:21","modified_gmt":"2026-04-10T22:15:21","slug":"7-hp-air-center-compressor","status":"publish","type":"product","link":"https:\/\/usaircompressor.com\/fr\/produit\/7-hp-air-center-compressor\/","title":{"rendered":"Compresseur \u00e0 vis rotatif US AIR CENTER 7 CV \u00e0 vitesse fixe avec s\u00e9cheur et r\u00e9servoir int\u00e9gr\u00e9s | Triphas\u00e9 | 208-600 V | 29 pi\u00b3\/min"},"content":{"rendered":"<p>Les co\u00fbts \u00e9nerg\u00e9tiques peuvent rapidement devenir une d\u00e9pense importante pour toute entreprise. Les compresseurs \u00e0 vis rotatives sont connus pour leur efficacit\u00e9 \u00e9nerg\u00e9tique sup\u00e9rieure et leurs conceptions optimis\u00e9es qui minimisent les d\u00e9chets. Avec l&#039;accent croissant mis sur la durabilit\u00e9 environnementale, l&#039;utilisation d&#039;\u00e9quipements \u00e9conomes en \u00e9nergie peut \u00e9galement contribuer \u00e0 vos initiatives \u00e9cologiques tout en maintenant les co\u00fbts d&#039;exploitation bas. C&#039;est pourquoi, chez US Air Compressor, nous ne stockons que les \u00e9quipements de compression les plus r\u00e9cents et les plus performants.<\/p>\n<p>Tout propri\u00e9taire d&#039;entreprise sait que les temps d&#039;arr\u00eat dus \u00e0 une panne d&#039;\u00e9quipement peuvent \u00eatre co\u00fbteux. Avec notre compresseur \u00e0 vis rotatif US Air Center de 7 CV, vous aurez tout ce dont vous avez besoin pour faire le travail correctement !<\/p>\n<h3>La solution compacte TOUT-EN-UN<\/h3>\n<p>L&#039;ensemble d&#039;air comprim\u00e9 int\u00e9gr\u00e9 US Air comprend un compresseur \u00e0 vis rotatif, un s\u00e9cheur r\u00e9frig\u00e9r\u00e9, des filtres et un r\u00e9servoir de stockage avec un encombrement minimal.<\/p>\n<p>La gamme de compresseurs \u00e0 vis rotatifs cl\u00e9s en main de Air Centers allie une efficacit\u00e9 exceptionnelle et des performances \u00e9conomiques \u00e0 une production, un traitement et un stockage d&#039;air comprim\u00e9 ultra-silencieux. Le bo\u00eetier en poly\u00e9thyl\u00e8ne rotomoul\u00e9 \u00e0 double paroi d&#039;Air Centers dissimule un syst\u00e8me d&#039;alimentation en air comprim\u00e9 complet.<\/p>\n<p>Le choix id\u00e9al pour les ateliers et les petites installations de production disposant d&#039;un espace limit\u00e9 et n\u00e9cessitant une grande quantit\u00e9 d&#039;air. Ces syst\u00e8mes de compresseurs avanc\u00e9s offrent une facilit\u00e9 d&#039;entretien et une durabilit\u00e9 exceptionnelles pour garantir des ann\u00e9es de service fiable.<\/p>\n<h3>Quels sont les avantages d&#039;un compresseur US Air Center ?<\/h3>\n<ul>\n<li>Les US AIR CENTERS sont \u00e9quip\u00e9s d&#039;un compresseur \u00e0 vis rotatif \u00e9quip\u00e9 de rotors \u00e0 haut rendement pour garantir plus d&#039;air pour moins d&#039;\u00e9nergie<\/li>\n<li>Avec une puissance d&#039;entra\u00eenement disponible de 5 \u00e0 30 ch, vous trouverez toujours le mod\u00e8le adapt\u00e9 \u00e0 vos besoins sp\u00e9cifiques en air comprim\u00e9<\/li>\n<li>Avec un niveau sonore maximal de 63 dB(A), les groupes int\u00e9gr\u00e9s US Air sont exceptionnellement silencieux. \u00c9quip\u00e9s d&#039;un s\u00e9cheur frigorifique int\u00e9gr\u00e9, ils fournissent de l&#039;air comprim\u00e9 sec et propre \u00e0 tout moment<\/li>\n<li>Les syst\u00e8mes \u00ab tout-en-un \u00bb d&#039;US Air sont dot\u00e9s d&#039;un contr\u00f4leur de compresseur 6080 avanc\u00e9 pour garantir un fonctionnement fiable et efficace avec une disponibilit\u00e9 maximale<br \/>\nGr\u00e2ce au s\u00e9cheur frigorifique int\u00e9gr\u00e9, les syst\u00e8mes US AIR fournissent de l&#039;air comprim\u00e9 de haute qualit\u00e9 qui prot\u00e8ge vos outils et \u00e9quipements contre les dommages caus\u00e9s par la corrosion<\/li>\n<li>Travail minimal en mati\u00e8re de tuyauterie et d&#039;installation. Il suffit de raccorder le groupe d&#039;air comprim\u00e9 compact au r\u00e9seau d&#039;alimentation \u00e9lectrique et de distribution d&#039;air comprim\u00e9 et le tour est jou\u00e9<\/li>\n<\/ul>\n<p>Si vous appr\u00e9ciez la fiabilit\u00e9, l\u2019efficacit\u00e9 \u00e9nerg\u00e9tique, la durabilit\u00e9 et les performances haut de gamme, notre compresseur \u00e0 vis rotatif US Air Center de 7 CV est un excellent choix.<\/p>","protected":false},"excerpt":{"rendered":"<p>Compresseur \u00e0 vitesse fixe<br \/>D\u00e9bit d&#039;air libre 29 CFM \u00e0 90 PSI<br \/>Garantie d&#039;\u00e9change pare-chocs contre pare-chocs de 10 ans<\/p>","protected":false},"featured_media":39070,"template":"","meta":{"_glsr_average":0,"_glsr_ranking":0,"_glsr_reviews":0},"product_brand":[],"product_cat":[33],"product_tag":[56,63,58],"class_list":{"0":"post-5701","1":"product","2":"type-product","3":"status-publish","4":"has-post-thumbnail","6":"product_cat-us-air-center-compressor","7":"product_tag-oil-injected-compressor","8":"product_tag-rotary-screw-air-compressor","9":"product_tag-us-air-center-compressor","10":"product_shipping_class-free-shipping","12":"first","13":"instock","14":"taxable","15":"shipping-taxable","16":"purchasable","17":"product-type-variable"},"_links":{"self":[{"href":"https:\/\/usaircompressor.com\/fr\/wp-json\/wp\/v2\/product\/5701","targetHints":{"allow":["GET"]}}],"collection":[{"href":"https:\/\/usaircompressor.com\/fr\/wp-json\/wp\/v2\/product"}],"about":[{"href":"https:\/\/usaircompressor.com\/fr\/wp-json\/wp\/v2\/types\/product"}],"wp:featuredmedia":[{"embeddable":true,"href":"https:\/\/usaircompressor.com\/fr\/wp-json\/wp\/v2\/media\/39070"}],"wp:attachment":[{"href":"https:\/\/usaircompressor.com\/fr\/wp-json\/wp\/v2\/media?parent=5701"}],"wp:term":[{"taxonomy":"product_brand","embeddable":true,"href":"https:\/\/usaircompressor.com\/fr\/wp-json\/wp\/v2\/product_brand?post=5701"},{"taxonomy":"product_cat","embeddable":true,"href":"https:\/\/usaircompressor.com\/fr\/wp-json\/wp\/v2\/product_cat?post=5701"},{"taxonomy":"product_tag","embeddable":true,"href":"https:\/\/usaircompressor.com\/fr\/wp-json\/wp\/v2\/product_tag?post=5701"}],"curies":[{"name":"wp","href":"https:\/\/api.w.org\/{rel}","templated":true}]}}