{"id":38865,"date":"2025-02-19T18:00:23","date_gmt":"2025-02-19T22:00:23","guid":{"rendered":"https:\/\/usaircompressor.com\/?post_type=product&#038;p=38865"},"modified":"2026-03-03T18:31:05","modified_gmt":"2026-03-03T22:31:05","slug":"13-hp-gasoline-piston-compressor-two-stage","status":"publish","type":"product","link":"https:\/\/usaircompressor.com\/fr\/produit\/13-hp-gasoline-piston-compressor-two-stage\/","title":{"rendered":"Compresseur \u00e0 piston \u00e0 essence de 13 CV | Mont\u00e9 sur base | Deux \u00e9tages | 25 CFM"},"content":{"rendered":"<p>Am\u00e9liorez votre efficacit\u00e9 op\u00e9rationnelle gr\u00e2ce \u00e0 la s\u00e9lection polyvalente de compresseurs d&#039;air \u00e0 gaz d&#039;US Air, con\u00e7us pour g\u00e9rer les t\u00e2ches les plus exigeantes. Faites votre choix parmi des mod\u00e8les verticaux compacts id\u00e9aux pour les espaces restreints ou des unit\u00e9s horizontales robustes con\u00e7ues pour les applications intensives. Ces compresseurs offrent des performances et une fiabilit\u00e9 exceptionnelles. Parfaites pour une utilisation commerciale et industrielle, nos solutions \u00e0 gaz garantissent un fonctionnement continu et \u00e0 haut rendement dans divers environnements, offrant la puissance et l&#039;adaptabilit\u00e9 n\u00e9cessaires pour relever tous les d\u00e9fis.<\/p>\n<h3>Alimentation au gaz \u2013 Solution industrielle<\/h3>\n<p data-start=\"0\" data-end=\"379\">Notre compresseur d&#039;air \u00e0 gaz horizontal industriel est con\u00e7u pour des performances et une fiabilit\u00e9 sup\u00e9rieures. Aliment\u00e9 par une pompe robuste \u00e0 deux \u00e9tages de 13 CV, il excelle dans les applications \u00e0 forte demande, offrant une compression d&#039;air efficace et constante.<\/p>\n<p data-start=\"381\" data-end=\"679\">Con\u00e7u pour l&#039;efficacit\u00e9, le syst\u00e8me mono-\u00e9tage maximise le d\u00e9bit d&#039;air, tandis que la disposition horizontale du r\u00e9servoir optimise l&#039;espace et permet un acc\u00e8s facile pour l&#039;entretien. Le moteur durable am\u00e9liore la fiabilit\u00e9 du compresseur, garantissant un fonctionnement fiable dans divers environnements industriels.<\/p>\n<p data-start=\"681\" data-end=\"1014\" data-is-last-node=\"\">Con\u00e7u et assembl\u00e9 avec fiert\u00e9 au Canada, ce compresseur d&#039;air r\u00e9pond \u00e0 des normes de qualit\u00e9 rigoureuses en mati\u00e8re de durabilit\u00e9 et de performance. Con\u00e7u pour une utilisation intensive dans la fabrication, la r\u00e9paration automobile, la construction et d&#039;autres applications industrielles, chaque unit\u00e9 subit des tests rigoureux pour garantir une fiabilit\u00e9 et une efficacit\u00e9 exceptionnelles.<\/p>","protected":false},"excerpt":{"rendered":"<p>Compresseur \u00e0 piston \u00e0 essence (deux \u00e9tages \/ mont\u00e9 sur base)<br \/>D\u00e9bit d&#039;air libre 25 CFM \u00e0 175 PSI<br \/>Type de moteur \u00e0 essence : Honda GRX380-13HP avec \u00e9toile \u00e9lectrique<\/p>","protected":false},"featured_media":39055,"template":"","meta":{"_glsr_average":0,"_glsr_ranking":0,"_glsr_reviews":0},"product_brand":[],"product_cat":[853],"product_tag":[854],"class_list":{"0":"post-38865","1":"product","2":"type-product","3":"status-publish","4":"has-post-thumbnail","6":"product_cat-gasoline-piston","7":"product_tag-gasoline-piston-compressor","9":"first","10":"instock","11":"taxable","12":"shipping-taxable","13":"purchasable","14":"product-type-simple"},"_links":{"self":[{"href":"https:\/\/usaircompressor.com\/fr\/wp-json\/wp\/v2\/product\/38865","targetHints":{"allow":["GET"]}}],"collection":[{"href":"https:\/\/usaircompressor.com\/fr\/wp-json\/wp\/v2\/product"}],"about":[{"href":"https:\/\/usaircompressor.com\/fr\/wp-json\/wp\/v2\/types\/product"}],"wp:featuredmedia":[{"embeddable":true,"href":"https:\/\/usaircompressor.com\/fr\/wp-json\/wp\/v2\/media\/39055"}],"wp:attachment":[{"href":"https:\/\/usaircompressor.com\/fr\/wp-json\/wp\/v2\/media?parent=38865"}],"wp:term":[{"taxonomy":"product_brand","embeddable":true,"href":"https:\/\/usaircompressor.com\/fr\/wp-json\/wp\/v2\/product_brand?post=38865"},{"taxonomy":"product_cat","embeddable":true,"href":"https:\/\/usaircompressor.com\/fr\/wp-json\/wp\/v2\/product_cat?post=38865"},{"taxonomy":"product_tag","embeddable":true,"href":"https:\/\/usaircompressor.com\/fr\/wp-json\/wp\/v2\/product_tag?post=38865"}],"curies":[{"name":"wp","href":"https:\/\/api.w.org\/{rel}","templated":true}]}}