{"id":3941,"date":"2024-09-15T02:59:43","date_gmt":"2024-09-15T02:59:43","guid":{"rendered":"https:\/\/usaircompressor.com\/?page_id=3941"},"modified":"2024-09-15T03:16:07","modified_gmt":"2024-09-15T03:16:07","slug":"privacy-policy","status":"publish","type":"page","link":"https:\/\/usaircompressor.com\/fr\/privacy-policy\/","title":{"rendered":"politique de confidentialit\u00e9"},"content":{"rendered":"<div data-elementor-type=\"wp-page\" data-elementor-id=\"3941\" class=\"elementor elementor-3941\" data-elementor-settings=\"{&quot;element_pack_global_tooltip_width&quot;:{&quot;unit&quot;:&quot;px&quot;,&quot;size&quot;:&quot;&quot;,&quot;sizes&quot;:[]},&quot;element_pack_global_tooltip_width_tablet&quot;:{&quot;unit&quot;:&quot;px&quot;,&quot;size&quot;:&quot;&quot;,&quot;sizes&quot;:[]},&quot;element_pack_global_tooltip_width_mobile&quot;:{&quot;unit&quot;:&quot;px&quot;,&quot;size&quot;:&quot;&quot;,&quot;sizes&quot;:[]},&quot;element_pack_global_tooltip_padding&quot;:{&quot;unit&quot;:&quot;px&quot;,&quot;top&quot;:&quot;&quot;,&quot;right&quot;:&quot;&quot;,&quot;bottom&quot;:&quot;&quot;,&quot;left&quot;:&quot;&quot;,&quot;isLinked&quot;:true},&quot;element_pack_global_tooltip_padding_tablet&quot;:{&quot;unit&quot;:&quot;px&quot;,&quot;top&quot;:&quot;&quot;,&quot;right&quot;:&quot;&quot;,&quot;bottom&quot;:&quot;&quot;,&quot;left&quot;:&quot;&quot;,&quot;isLinked&quot;:true},&quot;element_pack_global_tooltip_padding_mobile&quot;:{&quot;unit&quot;:&quot;px&quot;,&quot;top&quot;:&quot;&quot;,&quot;right&quot;:&quot;&quot;,&quot;bottom&quot;:&quot;&quot;,&quot;left&quot;:&quot;&quot;,&quot;isLinked&quot;:true},&quot;element_pack_global_tooltip_border_radius&quot;:{&quot;unit&quot;:&quot;px&quot;,&quot;top&quot;:&quot;&quot;,&quot;right&quot;:&quot;&quot;,&quot;bottom&quot;:&quot;&quot;,&quot;left&quot;:&quot;&quot;,&quot;isLinked&quot;:true},&quot;element_pack_global_tooltip_border_radius_tablet&quot;:{&quot;unit&quot;:&quot;px&quot;,&quot;top&quot;:&quot;&quot;,&quot;right&quot;:&quot;&quot;,&quot;bottom&quot;:&quot;&quot;,&quot;left&quot;:&quot;&quot;,&quot;isLinked&quot;:true},&quot;element_pack_global_tooltip_border_radius_mobile&quot;:{&quot;unit&quot;:&quot;px&quot;,&quot;top&quot;:&quot;&quot;,&quot;right&quot;:&quot;&quot;,&quot;bottom&quot;:&quot;&quot;,&quot;left&quot;:&quot;&quot;,&quot;isLinked&quot;:true}}\" data-elementor-post-type=\"page\">\n\t\t\t\t<div class=\"elementor-element elementor-element-347a0bc e-flex e-con-boxed e-con e-parent\" data-id=\"347a0bc\" data-element_type=\"container\" data-e-type=\"container\" data-settings=\"{&quot;jet_parallax_layout_list&quot;:[]}\">\n\t\t\t\t\t<div class=\"e-con-inner\">\n\t\t\t\t<div class=\"elementor-element elementor-element-37bc791 elementor-widget elementor-widget-text-editor\" data-id=\"37bc791\" data-element_type=\"widget\" data-e-type=\"widget\" data-widget_type=\"text-editor.default\">\n\t\t\t\t<div class=\"elementor-widget-container\">\n\t\t\t\t\t\t\t\t\t<div class=\"elementor elementor-3\" data-elementor-type=\"wp-page\" data-elementor-id=\"3\"><section class=\"elementor-section elementor-top-section elementor-element elementor-element-f741308 elementor-section-boxed elementor-section-height-default elementor-section-height-default\" data-id=\"f741308\" data-element_type=\"section\"><div class=\"elementor-container elementor-column-gap-default\"><div class=\"elementor-column elementor-col-100 elementor-top-column elementor-element elementor-element-3d9fc36\" data-id=\"3d9fc36\" data-element_type=\"column\"><div class=\"elementor-widget-wrap elementor-element-populated\"><div class=\"elementor elementor-3\" data-elementor-type=\"wp-page\" data-elementor-id=\"3\"><section class=\"elementor-section elementor-top-section elementor-element elementor-element-f741308 elementor-section-boxed elementor-section-height-default elementor-section-height-default\" data-id=\"f741308\" data-element_type=\"section\"><div class=\"elementor-container elementor-column-gap-default\"><div class=\"elementor-column elementor-col-100 elementor-top-column elementor-element elementor-element-3d9fc36\" data-id=\"3d9fc36\" data-element_type=\"column\"><div class=\"elementor-widget-wrap elementor-element-populated\"><div class=\"elementor-element elementor-element-73d06ae elementor-align-center elementor-widget elementor-widget-etheme_advanced_headline\" data-id=\"73d06ae\" data-element_type=\"widget\" data-widget_type=\"etheme_advanced_headline.default\"><div class=\"elementor-widget-container\"><div class=\"etheme-a-h-wrapper\"><h3 class=\"etheme-advanced-headline etheme-advanced-headline-mask\">POLITIQUE DE CONFIDENTIALIT\u00c9 DE US AIR COMPRESSOR<\/h3><p class=\"etheme-a-h-text-after\"><strong>Cette politique de confidentialit\u00e9 d\u00e9crit comment US Air Compressor (le \u00ab Site \u00bb ou \u00ab nous \u00bb) collecte, utilise et divulgue vos informations personnelles lorsque vous visitez ou effectuez un achat sur le Site.<br \/><br \/><\/strong><\/p><\/div><\/div><\/div><div class=\"elementor-element elementor-element-953b9fb elementor-widget elementor-widget-text-editor\" data-id=\"953b9fb\" data-element_type=\"widget\" data-widget_type=\"text-editor.default\"><div class=\"elementor-widget-container\"><div><p class=\"font_8\">Nous s\u00e9curisons vos donn\u00e9es \u00e0 l&#039;aide de m\u00e9canismes techniques solides, de politiques de gestion des donn\u00e9es appropri\u00e9es et des lois applicables. Nous veillons, dans la mesure du possible, \u00e0 ce que les donn\u00e9es ne fassent pas l&#039;objet d&#039;un acc\u00e8s non autoris\u00e9 ni d&#039;une divulgation ill\u00e9gale.<\/p><p class=\"font_8\">Vous consentez et acceptez nos termes et conditions d\u00e9crits ici en utilisant ce site.<\/p><\/div><div><br \/><strong>Collecte de renseignements personnels<\/strong><br \/><br \/><\/div><div>Lorsque vous visitez le Site, nous collectons certaines informations sur votre interaction avec le Site, ainsi que les informations n\u00e9cessaires au traitement de vos achats. Nous pouvons \u00e9galement collecter des informations suppl\u00e9mentaires si vous nous contactez pour obtenir une assistance client. Dans la pr\u00e9sente Politique de confidentialit\u00e9, nous d\u00e9signons toute information permettant d&#039;identifier de mani\u00e8re unique une personne (y compris les informations ci-dessous) par \u00ab Informations personnelles \u00bb. Consultez la liste ci-dessous pour plus d&#039;informations sur les Informations personnelles que nous collectons et pourquoi.<\/div><div>\u00a0<\/div><div><strong>Informations sur la commande<br \/><\/strong><\/div><ul><li><p class=\"font_8\">Exemples d\u2019informations personnelles collect\u00e9es : nom, adresse de facturation, adresse de livraison, informations de paiement (y compris les num\u00e9ros de carte de cr\u00e9dit, l\u2019adresse e-mail et le num\u00e9ro de t\u00e9l\u00e9phone).<\/p><\/li><li><p class=\"font_8\"><strong>Finalit\u00e9 de la collecte<\/strong>: pour vous fournir des produits ou des services afin de remplir notre contrat, pour traiter vos informations de paiement, organiser l&#039;exp\u00e9dition et vous fournir des factures et\/ou des confirmations de commande, communiquer avec vous, filtrer nos commandes pour d\u00e9tecter tout risque potentiel ou fraude et, lorsque cela correspond aux pr\u00e9f\u00e9rences que vous avez partag\u00e9es avec nous, vous fournir des informations ou des publicit\u00e9s relatives \u00e0 nos produits ou services.<\/p><\/li><li><p class=\"font_8\"><strong>Source de la collecte<\/strong>:recueilli aupr\u00e8s de vous.<\/p><\/li><li><p class=\"font_8\"><strong>Divulgation \u00e0 des fins commerciales<\/strong>:partag\u00e9 avec notre processeur <a href=\"https:\/\/wordpress.com\/\" target=\"_blank\" rel=\"noopener\">WordPress<\/a><\/p><\/li><\/ul><div><strong>Informations sur le service client<br \/><\/strong><\/div><div><ul class=\"font_8\"><li><p class=\"font_8\">Exemples d\u2019informations personnelles collect\u00e9es : nom, adresse de facturation, adresse de livraison, informations de paiement (y compris les num\u00e9ros de carte de cr\u00e9dit, l\u2019adresse e-mail et le num\u00e9ro de t\u00e9l\u00e9phone).<\/p><\/li><li><p class=\"font_8\">\u00a0Finalit\u00e9 de la collecte : fournir un support client.<\/p><\/li><li><p class=\"font_8\">\u00a0Source de la collecte : collect\u00e9e aupr\u00e8s de vous<\/p><\/li><\/ul><p class=\"font_8\"><strong>Partage d&#039;informations personnelles<\/strong><\/p><p class=\"font_8\"><span class=\"wixGuard\">\u200b<\/span>Nous partageons vos informations personnelles avec des prestataires de services pour nous aider \u00e0 fournir nos services et \u00e0 remplir nos contrats avec vous, comme d\u00e9crit ci-dessus. Par exemple :<\/p><ul><li><ul class=\"font_8\"><li><p class=\"font_8\">Nous utilisons WordPress pour alimenter notre boutique en ligne. Vous pouvez en savoir plus sur la fa\u00e7on dont WordPress utilise vos informations personnelles ici\u00a0: <a href=\"https:\/\/wordpress.org\/about\/privacy\/\" target=\"_blank\" rel=\"noopener\">https:\/\/wordpress.org\/about\/privacy\/<\/a>\u00a0<\/p><\/li><li><p class=\"font_8\">Nous pouvons partager vos informations personnelles pour nous conformer aux lois et r\u00e9glementations applicables, pour r\u00e9pondre \u00e0 une assignation \u00e0 compara\u00eetre, \u00e0 un mandat de perquisition ou \u00e0 toute autre demande l\u00e9gale d&#039;informations que nous recevons, ou pour prot\u00e9ger nos droits.<\/p><\/li><\/ul><\/li><\/ul><p class=\"font_8\"><strong>Utilisation des informations personnelles<\/strong><\/p><p class=\"font_8\"><span class=\"wixGuard\">\u200b<\/span>Nous utilisons vos informations personnelles pour vous fournir nos services, ce qui comprend : proposer des produits \u00e0 la vente, traiter les paiements, exp\u00e9dier et ex\u00e9cuter votre commande, et vous tenir au courant des nouveaux produits, services et offres.<\/p><p class=\"font_8\"><strong>Changements<\/strong><\/p><p class=\"font_8\">Nous pouvons mettre \u00e0 jour cette politique de confidentialit\u00e9 de temps \u00e0 autre afin de refl\u00e9ter, par exemple, des changements dans nos pratiques ou pour d&#039;autres raisons op\u00e9rationnelles, juridiques ou r\u00e9glementaires.<\/p><p class=\"font_8\"><span class=\"wixGuard\">\u200b<\/span><strong>Contact<\/strong><\/p><p class=\"font_8\"><span class=\"wixGuard\">\u200b<\/span>Pour plus d&#039;informations sur nos pratiques de confidentialit\u00e9, si vous avez des questions ou si vous souhaitez d\u00e9poser une plainte, veuillez nous contacter en utilisant les coordonn\u00e9es ci-dessous :<\/p><p class=\"font_8\"><span class=\"wixGuard\">\u200b<\/span>Compresseur d&#039;air am\u00e9ricain\u00a0<br \/>8100 W 96th Street, Bloomington, 55438, MN, \u00c9tats-Unis\u00a0 <br \/><a href=\"tel:+1 612 987 8933\">612 987 8933<\/a><\/p><\/div><\/div><\/div><\/div><\/div><\/div><\/section><\/div><\/div><\/div><\/div><\/section><\/div>\t\t\t\t\t\t\t\t<\/div>\n\t\t\t\t<\/div>\n\t\t\t\t\t<\/div>\n\t\t\t\t<\/div>\n\t\t\t\t<\/div>","protected":false},"excerpt":{"rendered":"<p>US AIR COMPRESSOR PRIVACY POLICY This Privacy Policy describes how U.S. Air Compressor (the \u201cSite\u201d or \u201cwe\u201d) collects, uses, and discloses your [&hellip;]<\/p>\n","protected":false},"author":1,"featured_media":0,"parent":0,"menu_order":0,"comment_status":"closed","ping_status":"closed","template":"","meta":{"_glsr_average":0,"_glsr_ranking":0,"_glsr_reviews":0,"footnotes":""},"class_list":["post-3941","page","type-page","status-publish","hentry"],"_links":{"self":[{"href":"https:\/\/usaircompressor.com\/fr\/wp-json\/wp\/v2\/pages\/3941","targetHints":{"allow":["GET"]}}],"collection":[{"href":"https:\/\/usaircompressor.com\/fr\/wp-json\/wp\/v2\/pages"}],"about":[{"href":"https:\/\/usaircompressor.com\/fr\/wp-json\/wp\/v2\/types\/page"}],"author":[{"embeddable":true,"href":"https:\/\/usaircompressor.com\/fr\/wp-json\/wp\/v2\/users\/1"}],"replies":[{"embeddable":true,"href":"https:\/\/usaircompressor.com\/fr\/wp-json\/wp\/v2\/comments?post=3941"}],"version-history":[{"count":0,"href":"https:\/\/usaircompressor.com\/fr\/wp-json\/wp\/v2\/pages\/3941\/revisions"}],"wp:attachment":[{"href":"https:\/\/usaircompressor.com\/fr\/wp-json\/wp\/v2\/media?parent=3941"}],"curies":[{"name":"wp","href":"https:\/\/api.w.org\/{rel}","templated":true}]}}