{"id":3189,"date":"2024-09-12T20:17:26","date_gmt":"2024-09-12T20:17:26","guid":{"rendered":"https:\/\/usaircompressor.com\/?page_id=3189"},"modified":"2024-12-09T16:06:48","modified_gmt":"2024-12-09T20:06:48","slug":"warranty","status":"publish","type":"page","link":"https:\/\/usaircompressor.com\/fr\/warranty\/","title":{"rendered":"Garantie"},"content":{"rendered":"<div data-elementor-type=\"wp-page\" data-elementor-id=\"3189\" class=\"elementor elementor-3189\" data-elementor-settings=\"{&quot;element_pack_global_tooltip_width&quot;:{&quot;unit&quot;:&quot;px&quot;,&quot;size&quot;:&quot;&quot;,&quot;sizes&quot;:[]},&quot;element_pack_global_tooltip_width_tablet&quot;:{&quot;unit&quot;:&quot;px&quot;,&quot;size&quot;:&quot;&quot;,&quot;sizes&quot;:[]},&quot;element_pack_global_tooltip_width_mobile&quot;:{&quot;unit&quot;:&quot;px&quot;,&quot;size&quot;:&quot;&quot;,&quot;sizes&quot;:[]},&quot;element_pack_global_tooltip_padding&quot;:{&quot;unit&quot;:&quot;px&quot;,&quot;top&quot;:&quot;&quot;,&quot;right&quot;:&quot;&quot;,&quot;bottom&quot;:&quot;&quot;,&quot;left&quot;:&quot;&quot;,&quot;isLinked&quot;:true},&quot;element_pack_global_tooltip_padding_tablet&quot;:{&quot;unit&quot;:&quot;px&quot;,&quot;top&quot;:&quot;&quot;,&quot;right&quot;:&quot;&quot;,&quot;bottom&quot;:&quot;&quot;,&quot;left&quot;:&quot;&quot;,&quot;isLinked&quot;:true},&quot;element_pack_global_tooltip_padding_mobile&quot;:{&quot;unit&quot;:&quot;px&quot;,&quot;top&quot;:&quot;&quot;,&quot;right&quot;:&quot;&quot;,&quot;bottom&quot;:&quot;&quot;,&quot;left&quot;:&quot;&quot;,&quot;isLinked&quot;:true},&quot;element_pack_global_tooltip_border_radius&quot;:{&quot;unit&quot;:&quot;px&quot;,&quot;top&quot;:&quot;&quot;,&quot;right&quot;:&quot;&quot;,&quot;bottom&quot;:&quot;&quot;,&quot;left&quot;:&quot;&quot;,&quot;isLinked&quot;:true},&quot;element_pack_global_tooltip_border_radius_tablet&quot;:{&quot;unit&quot;:&quot;px&quot;,&quot;top&quot;:&quot;&quot;,&quot;right&quot;:&quot;&quot;,&quot;bottom&quot;:&quot;&quot;,&quot;left&quot;:&quot;&quot;,&quot;isLinked&quot;:true},&quot;element_pack_global_tooltip_border_radius_mobile&quot;:{&quot;unit&quot;:&quot;px&quot;,&quot;top&quot;:&quot;&quot;,&quot;right&quot;:&quot;&quot;,&quot;bottom&quot;:&quot;&quot;,&quot;left&quot;:&quot;&quot;,&quot;isLinked&quot;:true}}\" data-elementor-post-type=\"page\">\n\t\t\t\t<div class=\"elementor-element elementor-element-33a50938 e-con-full e-flex e-con e-parent\" data-id=\"33a50938\" data-element_type=\"container\" data-e-type=\"container\" data-settings=\"{&quot;background_background&quot;:&quot;gradient&quot;,&quot;jet_parallax_layout_list&quot;:[]}\">\n\t\t<div class=\"elementor-element elementor-element-57a67ab1 e-flex e-con-boxed e-con e-child\" data-id=\"57a67ab1\" data-element_type=\"container\" data-e-type=\"container\" data-settings=\"{&quot;background_background&quot;:&quot;classic&quot;,&quot;jet_parallax_layout_list&quot;:[]}\">\n\t\t\t\t\t<div class=\"e-con-inner\">\n\t\t<div class=\"elementor-element elementor-element-2f64c191 e-con-full e-flex e-con e-child\" data-id=\"2f64c191\" data-element_type=\"container\" data-e-type=\"container\" data-settings=\"{&quot;jet_parallax_layout_list&quot;:[]}\">\n\t\t\t\t<div class=\"elementor-element elementor-element-3232bade elementor-invisible elementor-widget elementor-widget-heading\" data-id=\"3232bade\" data-element_type=\"widget\" data-e-type=\"widget\" data-settings=\"{&quot;_animation&quot;:&quot;fadeInUp&quot;,&quot;_animation_delay&quot;:&quot;160&quot;}\" data-widget_type=\"heading.default\">\n\t\t\t\t<div class=\"elementor-widget-container\">\n\t\t\t\t\t<h1 class=\"elementor-heading-title elementor-size-default\">Garantie d&#039;\u00e9change de 10 ans<\/h1>\t\t\t\t<\/div>\n\t\t\t\t<\/div>\n\t\t\t\t<div class=\"elementor-element elementor-element-5763dd3a elementor-invisible elementor-widget elementor-widget-text-editor\" data-id=\"5763dd3a\" data-element_type=\"widget\" data-e-type=\"widget\" data-settings=\"{&quot;_animation&quot;:&quot;fadeInUp&quot;,&quot;_animation_delay&quot;:&quot;200&quot;}\" data-widget_type=\"text-editor.default\">\n\t\t\t\t<div class=\"elementor-widget-container\">\n\t\t\t\t\t\t\t\t\t<h3>Aussi simple que 1-2-3<\/h3>\t\t\t\t\t\t\t\t<\/div>\n\t\t\t\t<\/div>\n\t\t\t\t<div class=\"elementor-element elementor-element-24b8117 elementor-widget__width-inherit elementor-widget elementor-widget-video\" data-id=\"24b8117\" data-element_type=\"widget\" data-e-type=\"widget\" data-settings=\"{&quot;youtube_url&quot;:&quot;https:\\\/\\\/www.youtube.com\\\/watch?v=5-uo5ArDmxU&amp;rel=0&quot;,&quot;video_type&quot;:&quot;youtube&quot;,&quot;controls&quot;:&quot;yes&quot;}\" data-widget_type=\"video.default\">\n\t\t\t\t<div class=\"elementor-widget-container\">\n\t\t\t\t\t\t\t<div class=\"elementor-wrapper elementor-open-inline\">\n\t\t\t<div class=\"elementor-video\"><\/div>\t\t<\/div>\n\t\t\t\t\t\t<\/div>\n\t\t\t\t<\/div>\n\t\t\t\t<\/div>\n\t\t<div class=\"elementor-element elementor-element-33f44030 e-con-full ui-borderanim-rotate e-flex e-con e-child\" data-id=\"33f44030\" data-element_type=\"container\" data-e-type=\"container\" data-settings=\"{&quot;background_background&quot;:&quot;classic&quot;,&quot;jet_parallax_layout_list&quot;:[]}\">\n\t\t<div class=\"elementor-element elementor-element-64106dc6 e-con-full e-flex elementor-invisible e-con e-child\" data-id=\"64106dc6\" data-element_type=\"container\" data-e-type=\"container\" data-settings=\"{&quot;animation&quot;:&quot;fadeInUp&quot;,&quot;animation_delay&quot;:&quot;800&quot;,&quot;jet_parallax_layout_list&quot;:[]}\">\n\t\t\t\t<div class=\"elementor-element elementor-element-c6dacc3 elementor-widget elementor-widget-image\" data-id=\"c6dacc3\" data-element_type=\"widget\" data-e-type=\"widget\" data-widget_type=\"image.default\">\n\t\t\t\t<div class=\"elementor-widget-container\">\n\t\t\t\t\t\t\t\t\t\t\t\t\t\t\t<img decoding=\"async\" width=\"96\" height=\"96\" src=\"https:\/\/usaircompressor.com\/wp-content\/uploads\/2024\/10\/warranty-1.webp\" class=\"attachment-full size-full wp-image-7706\" alt=\"\" srcset=\"https:\/\/usaircompressor.com\/wp-content\/uploads\/2024\/10\/warranty-1.webp 96w, https:\/\/usaircompressor.com\/wp-content\/uploads\/2024\/10\/warranty-1-12x12.webp 12w\" sizes=\"(max-width: 96px) 100vw, 96px\" \/>\t\t\t\t\t\t\t\t\t\t\t\t\t\t\t<\/div>\n\t\t\t\t<\/div>\n\t\t\t\t<div class=\"elementor-element elementor-element-75e47c7a elementor-widget__width-inherit elementor-align-center elementor-icon-list--layout-traditional elementor-list-item-link-full_width elementor-widget elementor-widget-icon-list\" data-id=\"75e47c7a\" data-element_type=\"widget\" data-e-type=\"widget\" data-widget_type=\"icon-list.default\">\n\t\t\t\t<div class=\"elementor-widget-container\">\n\t\t\t\t\t\t\t<ul class=\"elementor-icon-list-items\">\n\t\t\t\t\t\t\t<li class=\"elementor-icon-list-item\">\n\t\t\t\t\t\t\t\t\t\t<span class=\"elementor-icon-list-text\"> L&#039;IA a suivi le programme d&#039;entretien<\/span>\n\t\t\t\t\t\t\t\t\t<\/li>\n\t\t\t\t\t\t<\/ul>\n\t\t\t\t\t\t<\/div>\n\t\t\t\t<\/div>\n\t\t\t\t<div class=\"elementor-element elementor-element-f99acab elementor-widget elementor-widget-text-editor\" data-id=\"f99acab\" data-element_type=\"widget\" data-e-type=\"widget\" data-widget_type=\"text-editor.default\">\n\t\t\t\t<div class=\"elementor-widget-container\">\n\t\t\t\t\t\t\t\t\t<p>Pensez \u00e0 votre compresseur d&#039;air de la m\u00eame mani\u00e8re que vous pensez \u00e0 votre corps : il est utile de proc\u00e9der \u00e0 des contr\u00f4les r\u00e9guliers pour identifier les probl\u00e8mes potentiels avant qu&#039;ils ne deviennent un probl\u00e8me. Faites de m\u00eame avec votre compresseur \u00e0 vis. Faites r\u00e9guli\u00e8rement des changements d&#039;huile, remplacez les filtres \u00e0 air et c&#039;est tout<\/p>\t\t\t\t\t\t\t\t<\/div>\n\t\t\t\t<\/div>\n\t\t\t\t<\/div>\n\t\t<div class=\"elementor-element elementor-element-63ff1f65 e-con-full e-flex elementor-invisible e-con e-child\" data-id=\"63ff1f65\" data-element_type=\"container\" data-e-type=\"container\" data-settings=\"{&quot;background_background&quot;:&quot;classic&quot;,&quot;animation&quot;:&quot;fadeInUp&quot;,&quot;animation_delay&quot;:&quot;800&quot;,&quot;jet_parallax_layout_list&quot;:[]}\">\n\t\t\t\t<div class=\"elementor-element elementor-element-c1138af elementor-widget elementor-widget-image\" data-id=\"c1138af\" data-element_type=\"widget\" data-e-type=\"widget\" data-widget_type=\"image.default\">\n\t\t\t\t<div class=\"elementor-widget-container\">\n\t\t\t\t\t\t\t\t\t\t\t\t\t\t\t<img decoding=\"async\" width=\"96\" height=\"96\" src=\"https:\/\/usaircompressor.com\/wp-content\/uploads\/2024\/10\/warranty-2.webp\" class=\"attachment-full size-full wp-image-7707\" alt=\"\" srcset=\"https:\/\/usaircompressor.com\/wp-content\/uploads\/2024\/10\/warranty-2.webp 96w, https:\/\/usaircompressor.com\/wp-content\/uploads\/2024\/10\/warranty-2-12x12.webp 12w\" sizes=\"(max-width: 96px) 100vw, 96px\" \/>\t\t\t\t\t\t\t\t\t\t\t\t\t\t\t<\/div>\n\t\t\t\t<\/div>\n\t\t\t\t<div class=\"elementor-element elementor-element-6cca2ca4 elementor-widget__width-inherit elementor-align-center elementor-icon-list--layout-traditional elementor-list-item-link-full_width elementor-widget elementor-widget-icon-list\" data-id=\"6cca2ca4\" data-element_type=\"widget\" data-e-type=\"widget\" data-widget_type=\"icon-list.default\">\n\t\t\t\t<div class=\"elementor-widget-container\">\n\t\t\t\t\t\t\t<ul class=\"elementor-icon-list-items\">\n\t\t\t\t\t\t\t<li class=\"elementor-icon-list-item\">\n\t\t\t\t\t\t\t\t\t\t<span class=\"elementor-icon-list-text\">PERFORMEZ-VOUS<\/span>\n\t\t\t\t\t\t\t\t\t<\/li>\n\t\t\t\t\t\t<\/ul>\n\t\t\t\t\t\t<\/div>\n\t\t\t\t<\/div>\n\t\t\t\t<div class=\"elementor-element elementor-element-5e461b10 elementor-widget elementor-widget-text-editor\" data-id=\"5e461b10\" data-element_type=\"widget\" data-e-type=\"widget\" data-widget_type=\"text-editor.default\">\n\t\t\t\t<div class=\"elementor-widget-container\">\n\t\t\t\t\t\t\t\t\t<p>D\u00e9pensez moins d&#039;argent pour votre compresseur d&#039;air si vous \u00e9vitez les abonnements dont vous n&#039;avez pas besoin. Le processus de remplacement des pi\u00e8ces est assez simple et vous pouvez l&#039;effectuer vous-m\u00eame<\/p>\t\t\t\t\t\t\t\t<\/div>\n\t\t\t\t<\/div>\n\t\t\t\t<\/div>\n\t\t<div class=\"elementor-element elementor-element-2e49baa2 e-con-full e-flex elementor-invisible e-con e-child\" data-id=\"2e49baa2\" data-element_type=\"container\" data-e-type=\"container\" data-settings=\"{&quot;animation&quot;:&quot;fadeInUp&quot;,&quot;animation_delay&quot;:&quot;800&quot;,&quot;jet_parallax_layout_list&quot;:[]}\">\n\t\t\t\t<div class=\"elementor-element elementor-element-0ac3e44 elementor-widget elementor-widget-image\" data-id=\"0ac3e44\" data-element_type=\"widget\" data-e-type=\"widget\" data-widget_type=\"image.default\">\n\t\t\t\t<div class=\"elementor-widget-container\">\n\t\t\t\t\t\t\t\t\t\t\t\t\t\t\t<img decoding=\"async\" width=\"96\" height=\"96\" src=\"https:\/\/usaircompressor.com\/wp-content\/uploads\/2024\/10\/warranty-3.webp\" class=\"attachment-full size-full wp-image-7708\" alt=\"\" srcset=\"https:\/\/usaircompressor.com\/wp-content\/uploads\/2024\/10\/warranty-3.webp 96w, https:\/\/usaircompressor.com\/wp-content\/uploads\/2024\/10\/warranty-3-12x12.webp 12w\" sizes=\"(max-width: 96px) 100vw, 96px\" \/>\t\t\t\t\t\t\t\t\t\t\t\t\t\t\t<\/div>\n\t\t\t\t<\/div>\n\t\t\t\t<div class=\"elementor-element elementor-element-7ee6e0a6 elementor-widget__width-initial elementor-align-center elementor-icon-list--layout-traditional elementor-list-item-link-full_width elementor-widget elementor-widget-icon-list\" data-id=\"7ee6e0a6\" data-element_type=\"widget\" data-e-type=\"widget\" data-widget_type=\"icon-list.default\">\n\t\t\t\t<div class=\"elementor-widget-container\">\n\t\t\t\t\t\t\t<ul class=\"elementor-icon-list-items\">\n\t\t\t\t\t\t\t<li class=\"elementor-icon-list-item\">\n\t\t\t\t\t\t\t\t\t\t<span class=\"elementor-icon-list-text\">AUCUN CONTRAT DE SERVICE REQUIS<\/span>\n\t\t\t\t\t\t\t\t\t<\/li>\n\t\t\t\t\t\t<\/ul>\n\t\t\t\t\t\t<\/div>\n\t\t\t\t<\/div>\n\t\t\t\t<div class=\"elementor-element elementor-element-2e6dedb7 elementor-widget elementor-widget-text-editor\" data-id=\"2e6dedb7\" data-element_type=\"widget\" data-e-type=\"widget\" data-widget_type=\"text-editor.default\">\n\t\t\t\t<div class=\"elementor-widget-container\">\n\t\t\t\t\t\t\t\t\t<p>Vous n&#039;avez pas besoin de nous engager avec des services mensuels r\u00e9currents. Y a-t-il des services ou un support que vous trouvez suppl\u00e9mentaires ? Annulez-les ! Vous pouvez ainsi nous appeler en cas de besoin<\/p>\t\t\t\t\t\t\t\t<\/div>\n\t\t\t\t<\/div>\n\t\t\t\t<\/div>\n\t\t\t\t<\/div>\n\t\t\t\t\t<\/div>\n\t\t\t\t<\/div>\n\t\t\t\t<\/div>\n\t\t\t\t<div class=\"elementor-section elementor-top-section elementor-element elementor-element-2fd8f2f7 elementor-section-boxed elementor-section-height-default elementor-section-height-default\" data-id=\"2fd8f2f7\" data-element_type=\"section\" data-e-type=\"section\" data-settings=\"{&quot;background_background&quot;:&quot;classic&quot;,&quot;jet_parallax_layout_list&quot;:[]}\">\n\t\t\t\t\t\t<div class=\"elementor-container elementor-column-gap-default\">\n\t\t\t\t\t<div class=\"elementor-column elementor-col-100 elementor-top-column elementor-element elementor-element-1588aeae\" data-id=\"1588aeae\" data-element_type=\"column\" data-e-type=\"column\">\n\t\t\t<div class=\"elementor-widget-wrap elementor-element-populated\">\n\t\t\t\t\t\t<div class=\"elementor-element elementor-element-41127752 elementor-widget__width-initial elementor-invisible elementor-widget elementor-widget-heading\" data-id=\"41127752\" data-element_type=\"widget\" data-e-type=\"widget\" data-settings=\"{&quot;_animation&quot;:&quot;zoomOutUp&quot;,&quot;_animation_delay&quot;:350}\" data-widget_type=\"heading.default\">\n\t\t\t\t<div class=\"elementor-widget-container\">\n\t\t\t\t\t<h2 class=\"elementor-heading-title elementor-size-default\">Pourquoi la garantie d\u2019\u00e9change de 10 ans est la meilleure du secteur ?<\/h2>\t\t\t\t<\/div>\n\t\t\t\t<\/div>\n\t\t\t\t<div class=\"elementor-element elementor-element-730f0099 elementor-widget__width-initial elementor-widget-tablet__width-inherit elementor-widget-mobile__width-inherit elementor-invisible elementor-widget elementor-widget-text-editor\" data-id=\"730f0099\" data-element_type=\"widget\" data-e-type=\"widget\" data-settings=\"{&quot;_animation&quot;:&quot;zoomOutUp&quot;,&quot;_animation_delay&quot;:450}\" data-widget_type=\"text-editor.default\">\n\t\t\t\t<div class=\"elementor-widget-container\">\n\t\t\t\t\t\t\t\t\t<p>Les compresseurs n\u00e9cessitent un entretien p\u00e9riodique. On consid\u00e8re g\u00e9n\u00e9ralement que le changement d&#039;huile et de filtre est l&#039;entretien p\u00e9riodique et que tout le reste doit \u00eatre remplac\u00e9 ou r\u00e9par\u00e9 en cas de panne. C&#039;est une compr\u00e9hension compl\u00e8tement erron\u00e9e lorsqu&#039;il s&#039;agit de maintenance pr\u00e9ventive (MP). Il existe d&#039;autres pi\u00e8ces comme les vannes, l&#039;\u00e9lectronique, les roulements, etc. qui doivent \u00eatre remplac\u00e9es \u00e0 intervalles r\u00e9guliers pour \u00e9viter les temps d&#039;arr\u00eat inattendus.<\/p>\t\t\t\t\t\t\t\t<\/div>\n\t\t\t\t<\/div>\n\t\t\t\t<section class=\"elementor-section elementor-inner-section elementor-element elementor-element-5f9ed866 elementor-section-boxed elementor-section-height-default elementor-section-height-default\" data-id=\"5f9ed866\" data-element_type=\"section\" data-e-type=\"section\" data-settings=\"{&quot;jet_parallax_layout_list&quot;:[]}\">\n\t\t\t\t\t\t<div class=\"elementor-container elementor-column-gap-default\">\n\t\t\t\t\t<div class=\"elementor-column elementor-col-100 elementor-inner-column elementor-element elementor-element-2f9470e7\" data-id=\"2f9470e7\" data-element_type=\"column\" data-e-type=\"column\">\n\t\t\t<div class=\"elementor-widget-wrap elementor-element-populated\">\n\t\t\t\t\t\t<div class=\"elementor-element elementor-element-420c78de ui-e-a-animate elementor-invisible elementor-widget elementor-widget-highlighted-text\" data-id=\"420c78de\" data-element_type=\"widget\" data-e-type=\"widget\" data-settings=\"{&quot;_animation&quot;:&quot;fadeInRight&quot;,&quot;_animation_delay&quot;:250}\" data-widget_type=\"highlighted-text.default\">\n\t\t\t\t<div class=\"elementor-widget-container\">\n\t\t\t\t\t        <h3 class=\"ui-e--highlighted-text\">\n            <span class=\"ui-e-headline-text elementor-repeater-item-a9df759\">Si vous ne planifiez pas l&#039;entretien de votre compresseur,<\/span><span class=\"ui-e-headline-text elementor-repeater-item-fed3ade ui-e-headline-color\">\n\t\t\t\t\t\t\t\t\t<span class=\"whitespace\"><\/span>\n                                    <span>\n                                        <span class=\"ui-e-headline-text ui-e-headline-highlighted\">votre compresseur le programmera pour vous !<\/span><span class=\"uicore-svg-wrapper\"><svg xmlns=\"http:\/\/www.w3.org\/2000\/svg\" viewbox=\"0 0 500 150\" preserveaspectratio=\"none\"><\/svg><\/span><\/span> <span class=\"whitespace\"> <\/span><\/span>        <\/h3>\n    \t\t\t\t<\/div>\n\t\t\t\t<\/div>\n\t\t\t\t<div class=\"elementor-element elementor-element-29bb48b0 elementor-invisible elementor-widget elementor-widget-text-editor\" data-id=\"29bb48b0\" data-element_type=\"widget\" data-e-type=\"widget\" data-settings=\"{&quot;_animation&quot;:&quot;fadeInRight&quot;,&quot;_animation_delay&quot;:350}\" data-widget_type=\"text-editor.default\">\n\t\t\t\t<div class=\"elementor-widget-container\">\n\t\t\t\t\t\t\t\t\t<p>US Air Compressor sait qu&#039;un compresseur d\u00e9faillant est comme un c\u0153ur qui ne pompe pas le sang vers le corps. L&#039;air comprim\u00e9 doit \u00eatre disponible en permanence pour l&#039;usine. Il existe deux approches pour \u00ab maintenir \u00bb un air constant dans l&#039;usine.<\/p><ol><li><strong>Maintenance pr\u00e9ventive<\/strong>, changer les pi\u00e8ces arriv\u00e9es en fin de vie \u00e9conomique ou,<\/li><li>Traiter le probl\u00e8me\u00a0<strong>lorsque le compresseur tombe en panne<\/strong>.<\/li><\/ol><p>US Air Compressor propose \u00e0 ses clients un syst\u00e8me complet dot\u00e9 de toutes les derni\u00e8res technologies. Votre t\u00e9l\u00e9phone surveille votre compresseur et vous indique quand et quoi entretenir. Si un t\u00e9l\u00e9phone ou un ordinateur n&#039;est pas utilis\u00e9 fr\u00e9quemment pour communiquer avec le compresseur, ce dernier commencera \u00e0 \u00e9mettre diff\u00e9rents messages d&#039;erreur pour avertir l&#039;utilisateur que la prochaine maintenance pr\u00e9ventive approche.<\/p><pre>Le compresseur peut \u00e9galement s&#039;arr\u00eater s&#039;il n&#039;est pas entretenu \u00e0 temps pour \u00e9viter de graves dommages. Il ne faut pas oublier que si un produit n&#039;est pas entretenu \u00e0 temps et ne se prot\u00e8ge pas, il tombera en panne et causera des dommages importants qui ne pourront peut-\u00eatre pas \u00eatre r\u00e9par\u00e9s.<\/pre><p><br \/>Il est possible de v\u00e9rifier les pi\u00e8ces n\u00e9cessaires pour le prochain service et de les commander via l&#039;application SmartCom ou en se connectant au portail des membres sur le portail des membres de US Air Compressor. Il est m\u00eame possible d&#039;autoriser le syst\u00e8me de telle sorte que lorsque le moment de l&#039;entretien pr\u00e9ventif est sur le point d&#039;arriver, les pi\u00e8ces pour chaque entretien pr\u00e9ventif soient automatiquement factur\u00e9es et exp\u00e9di\u00e9es \u00e0 l&#039;utilisateur.<\/p><p>Une fois tout ce qui pr\u00e9c\u00e8de effectu\u00e9, la garantie de 10 ans du compresseur est valable et l&#039;utilisateur est prot\u00e9g\u00e9 contre tout d\u00e9faut de fabrication ou de main-d&#039;\u0153uvre.<br \/>Ce qui sera utilis\u00e9 et quand ne constitue pas un myst\u00e8re pour les 10 prochaines ann\u00e9es de vie du compresseur. Pas de surprises, pas de course du dimanche pour trouver un technicien pour r\u00e9parer le compresseur.<\/p><p>L&#039;utilisateur est prot\u00e9g\u00e9 contre les temps d&#039;arr\u00eat impr\u00e9vus presque compl\u00e8tement gr\u00e2ce \u00e0 une maintenance pr\u00e9ventive appropri\u00e9e, contrairement \u00e0 l&#039;approche Deal en cas de panne. Un moteur en panne, un bloc-cylindres gripp\u00e9 ou un refroidisseur grill\u00e9, il n&#039;est pas n\u00e9cessaire de faire face \u00e0 des co\u00fbts \u00e9lev\u00e9s pour en acheter un dans les 10 prochaines ann\u00e9es.<\/p><p>Il s&#039;agit du syst\u00e8me de garantie le plus avantageux et le plus complet au monde. Il prot\u00e8ge l&#039;utilisateur contre les d\u00e9penses impr\u00e9vues et l&#039;arr\u00eat du compresseur \u00e0 des moments tr\u00e8s inattendus, ce qui pourrait provoquer d&#039;\u00e9normes temps d&#039;arr\u00eat, et garantit les meilleures performances du compresseur pour les dix prochaines ann\u00e9es.<\/p>\t\t\t\t\t\t\t\t<\/div>\n\t\t\t\t<\/div>\n\t\t\t\t\t<\/div>\n\t\t<\/div>\n\t\t\t\t\t<\/div>\n\t\t<\/section>\n\t\t\t\t\t<\/div>\n\t\t<\/div>\n\t\t\t\t\t<\/div>\n\t\t<\/div>\n\t\t<div class=\"elementor-element elementor-element-4fd08cb4 e-con-full e-flex e-con e-parent\" data-id=\"4fd08cb4\" data-element_type=\"container\" data-e-type=\"container\" data-settings=\"{&quot;jet_parallax_layout_list&quot;:[]}\">\n\t\t<div class=\"elementor-element elementor-element-63c682be e-flex e-con-boxed e-con e-child\" data-id=\"63c682be\" data-element_type=\"container\" data-e-type=\"container\" data-settings=\"{&quot;background_background&quot;:&quot;gradient&quot;,&quot;jet_parallax_layout_list&quot;:[]}\">\n\t\t\t\t\t<div class=\"e-con-inner\">\n\t\t<div class=\"elementor-element elementor-element-ade3799 e-flex e-con-boxed e-con e-child\" data-id=\"ade3799\" data-element_type=\"container\" data-e-type=\"container\" data-settings=\"{&quot;background_background&quot;:&quot;classic&quot;,&quot;jet_parallax_layout_list&quot;:[]}\">\n\t\t\t\t\t<div class=\"e-con-inner\">\n\t\t\t\t<div class=\"elementor-element elementor-element-7ac2dda1 elementor-widget__width-initial elementor-invisible elementor-widget elementor-widget-heading\" data-id=\"7ac2dda1\" data-element_type=\"widget\" data-e-type=\"widget\" data-settings=\"{&quot;_animation&quot;:&quot;fadeInUp&quot;,&quot;_animation_delay&quot;:&quot;200&quot;}\" data-widget_type=\"heading.default\">\n\t\t\t\t<div class=\"elementor-widget-container\">\n\t\t\t\t\t<h2 class=\"elementor-heading-title elementor-size-default\">Ayez l&#039;esprit tranquille gr\u00e2ce \u00e0 notre garantie de 10 ans<\/h2>\t\t\t\t<\/div>\n\t\t\t\t<\/div>\n\t\t\t\t<div class=\"elementor-element elementor-element-700d90a3 elementor-widget__width-initial elementor-widget-tablet__width-initial elementor-widget-mobile__width-inherit elementor-invisible elementor-widget elementor-widget-text-editor\" data-id=\"700d90a3\" data-element_type=\"widget\" data-e-type=\"widget\" data-settings=\"{&quot;_animation&quot;:&quot;fadeInUp&quot;,&quot;_animation_delay&quot;:&quot;240&quot;}\" data-widget_type=\"text-editor.default\">\n\t\t\t\t<div class=\"elementor-widget-container\">\n\t\t\t\t\t\t\t\t\t<p>Nous offrons une garantie de 10 ans, la meilleure du secteur, pour garantir que votre investissement est prot\u00e9g\u00e9 \u00e0 long terme. Gr\u00e2ce \u00e0 notre engagement en mati\u00e8re de performance et de fiabilit\u00e9, vous pouvez vous concentrer sur la gestion de votre entreprise pendant que nous nous occupons du reste.<\/p>\t\t\t\t\t\t\t\t<\/div>\n\t\t\t\t<\/div>\n\t\t\t\t<div class=\"elementor-element elementor-element-75ac10ae elementor-invisible elementor-widget elementor-widget-button\" data-id=\"75ac10ae\" data-element_type=\"widget\" data-e-type=\"widget\" data-settings=\"{&quot;_animation&quot;:&quot;fadeInUp&quot;,&quot;_animation_delay&quot;:&quot;280&quot;}\" data-widget_type=\"button.default\">\n\t\t\t\t<div class=\"elementor-widget-container\">\n\t\t\t\t\t\t\t\t\t<div class=\"elementor-button-wrapper\">\n\t\t\t\t\t<a class=\"elementor-button elementor-button-link elementor-size-sm\" href=\"https:\/\/usaircompressor.com\/fr\/shop\/\">\n\t\t\t\t\t\t<span class=\"elementor-button-content-wrapper\">\n\t\t\t\t\t\t<span class=\"elementor-button-icon\">\n\t\t\t\t<i aria-hidden=\"true\" class=\"ti ti-arrow-right\"><\/i>\t\t\t<\/span>\n\t\t\t\t\t\t\t\t\t<span class=\"elementor-button-text\">Commen\u00e7ons<\/span>\n\t\t\t\t\t<\/span>\n\t\t\t\t\t<\/a>\n\t\t\t\t<\/div>\n\t\t\t\t\t\t\t\t<\/div>\n\t\t\t\t<\/div>\n\t\t\t\t\t<\/div>\n\t\t\t\t<\/div>\n\t\t\t\t\t<\/div>\n\t\t\t\t<\/div>\n\t\t\t\t<\/div>\n\t\t\t\t<\/div>","protected":false},"excerpt":{"rendered":"<p>10 Year Exchange Warranty Easy as 1-2-3 https:\/\/www.youtube.com\/watch?v=5-uo5ArDmxU&#038;rel=0 AI FOLLOWED SERVICE SCHEDULE Think of your air compressor the same way you think [&hellip;]<\/p>\n","protected":false},"author":1,"featured_media":0,"parent":0,"menu_order":0,"comment_status":"closed","ping_status":"closed","template":"elementor_theme","meta":{"_glsr_average":0,"_glsr_ranking":0,"_glsr_reviews":0,"footnotes":""},"class_list":["post-3189","page","type-page","status-publish","hentry"],"_links":{"self":[{"href":"https:\/\/usaircompressor.com\/fr\/wp-json\/wp\/v2\/pages\/3189","targetHints":{"allow":["GET"]}}],"collection":[{"href":"https:\/\/usaircompressor.com\/fr\/wp-json\/wp\/v2\/pages"}],"about":[{"href":"https:\/\/usaircompressor.com\/fr\/wp-json\/wp\/v2\/types\/page"}],"author":[{"embeddable":true,"href":"https:\/\/usaircompressor.com\/fr\/wp-json\/wp\/v2\/users\/1"}],"replies":[{"embeddable":true,"href":"https:\/\/usaircompressor.com\/fr\/wp-json\/wp\/v2\/comments?post=3189"}],"version-history":[{"count":0,"href":"https:\/\/usaircompressor.com\/fr\/wp-json\/wp\/v2\/pages\/3189\/revisions"}],"wp:attachment":[{"href":"https:\/\/usaircompressor.com\/fr\/wp-json\/wp\/v2\/media?parent=3189"}],"curies":[{"name":"wp","href":"https:\/\/api.w.org\/{rel}","templated":true}]}}