{"id":10,"date":"2024-09-11T15:00:55","date_gmt":"2024-09-11T15:00:55","guid":{"rendered":"https:\/\/usaircompressor.com\/?page_id=10"},"modified":"2024-09-15T03:16:11","modified_gmt":"2024-09-15T03:16:11","slug":"return-policy","status":"publish","type":"page","link":"https:\/\/usaircompressor.com\/fr\/return-policy\/","title":{"rendered":"Politique de retour"},"content":{"rendered":"<div data-elementor-type=\"wp-page\" data-elementor-id=\"10\" class=\"elementor elementor-10\" data-elementor-settings=\"{&quot;element_pack_global_tooltip_width&quot;:{&quot;unit&quot;:&quot;px&quot;,&quot;size&quot;:&quot;&quot;,&quot;sizes&quot;:[]},&quot;element_pack_global_tooltip_width_tablet&quot;:{&quot;unit&quot;:&quot;px&quot;,&quot;size&quot;:&quot;&quot;,&quot;sizes&quot;:[]},&quot;element_pack_global_tooltip_width_mobile&quot;:{&quot;unit&quot;:&quot;px&quot;,&quot;size&quot;:&quot;&quot;,&quot;sizes&quot;:[]},&quot;element_pack_global_tooltip_padding&quot;:{&quot;unit&quot;:&quot;px&quot;,&quot;top&quot;:&quot;&quot;,&quot;right&quot;:&quot;&quot;,&quot;bottom&quot;:&quot;&quot;,&quot;left&quot;:&quot;&quot;,&quot;isLinked&quot;:true},&quot;element_pack_global_tooltip_padding_tablet&quot;:{&quot;unit&quot;:&quot;px&quot;,&quot;top&quot;:&quot;&quot;,&quot;right&quot;:&quot;&quot;,&quot;bottom&quot;:&quot;&quot;,&quot;left&quot;:&quot;&quot;,&quot;isLinked&quot;:true},&quot;element_pack_global_tooltip_padding_mobile&quot;:{&quot;unit&quot;:&quot;px&quot;,&quot;top&quot;:&quot;&quot;,&quot;right&quot;:&quot;&quot;,&quot;bottom&quot;:&quot;&quot;,&quot;left&quot;:&quot;&quot;,&quot;isLinked&quot;:true},&quot;element_pack_global_tooltip_border_radius&quot;:{&quot;unit&quot;:&quot;px&quot;,&quot;top&quot;:&quot;&quot;,&quot;right&quot;:&quot;&quot;,&quot;bottom&quot;:&quot;&quot;,&quot;left&quot;:&quot;&quot;,&quot;isLinked&quot;:true},&quot;element_pack_global_tooltip_border_radius_tablet&quot;:{&quot;unit&quot;:&quot;px&quot;,&quot;top&quot;:&quot;&quot;,&quot;right&quot;:&quot;&quot;,&quot;bottom&quot;:&quot;&quot;,&quot;left&quot;:&quot;&quot;,&quot;isLinked&quot;:true},&quot;element_pack_global_tooltip_border_radius_mobile&quot;:{&quot;unit&quot;:&quot;px&quot;,&quot;top&quot;:&quot;&quot;,&quot;right&quot;:&quot;&quot;,&quot;bottom&quot;:&quot;&quot;,&quot;left&quot;:&quot;&quot;,&quot;isLinked&quot;:true}}\" data-elementor-post-type=\"page\">\n\t\t\t\t<div class=\"elementor-element elementor-element-539b7c69 e-flex e-con-boxed e-con e-parent\" data-id=\"539b7c69\" data-element_type=\"container\" data-e-type=\"container\" data-settings=\"{&quot;jet_parallax_layout_list&quot;:[]}\">\n\t\t\t\t\t<div class=\"e-con-inner\">\n\t\t\t\t<div class=\"elementor-element elementor-element-1745a568 elementor-widget elementor-widget-text-editor\" data-id=\"1745a568\" data-element_type=\"widget\" data-e-type=\"widget\" data-widget_type=\"text-editor.default\">\n\t\t\t\t<div class=\"elementor-widget-container\">\n\t\t\t\t\t\t\t\t\t<div class=\"elementor elementor-9\" data-elementor-type=\"wp-page\" data-elementor-id=\"9\">\n<section class=\"elementor-section elementor-top-section elementor-element elementor-element-eec2e44 elementor-section-boxed elementor-section-height-default elementor-section-height-default\" data-id=\"eec2e44\" data-element_type=\"section\">\n<div class=\"elementor-container elementor-column-gap-default\">\n<div class=\"elementor-column elementor-col-100 elementor-top-column elementor-element elementor-element-d968bac\" data-id=\"d968bac\" data-element_type=\"column\">\n<div class=\"elementor-widget-wrap elementor-element-populated\">\n<div class=\"elementor-element elementor-element-f92eda1 elementor-align-center elementor-widget elementor-widget-etheme_advanced_headline\" data-id=\"f92eda1\" data-element_type=\"widget\" data-widget_type=\"etheme_advanced_headline.default\">\n<div class=\"elementor-widget-container\">\n<div class=\"etheme-a-h-wrapper\">\n<h3 class=\"etheme-advanced-headline etheme-advanced-headline-mask\">POLITIQUE DE RETOUR DES COMPRESSEURS D&#039;AIR AM\u00c9RICAINS<\/h3>\n<p class=\"etheme-a-h-text-after\"><strong>Tel qu&#039;utilis\u00e9 dans le pr\u00e9sent document, US Air Compressors Canada et US Air Compressor, dont le si\u00e8ge social est situ\u00e9 au 5311 John Lucas Dr. Unit 5-6 Burlington, L7L 6A8 ON, Canada et au 8100 West 96th Street, Bloomington, MN 55438, \u00c9tats-Unis, sont d\u00e9nomm\u00e9s le \u00ab Vendeur \u00bb et l&#039;entit\u00e9 achetant des Produits aupr\u00e8s du Vendeur est d\u00e9nomm\u00e9e l&#039;\u00ab Acheteur \u00bb.<\/strong><\/p>\n<p>\u00a0<\/p>\n<\/div>\n<\/div>\n<\/div>\n<div class=\"elementor-element elementor-element-4796f2c elementor-widget elementor-widget-text-editor\" data-id=\"4796f2c\" data-element_type=\"widget\" data-widget_type=\"text-editor.default\">\n<div class=\"elementor-widget-container\">\n<div>\n<p>Nous vous remercions d&#039;avoir achet\u00e9 les produits US Air Compressor. Nous esp\u00e9rons que vous serez satisfait de votre achat. Cependant, si vous n&#039;\u00eates pas enti\u00e8rement satisfait, vous pouvez nous le retourner. Veuillez noter que cette politique est une clause de non-responsabilit\u00e9, ce qui signifie que le client accepte ces conditions une fois le devis approuv\u00e9 OU le paiement trait\u00e9.<\/p>\n<p><strong style=\"--tw-border-spacing-x: 0; --tw-border-spacing-y: 0; --tw-translate-x: 0; --tw-translate-y: 0; --tw-rotate: 0; --tw-skew-x: 0; --tw-skew-y: 0; --tw-scale-x: 1; --tw-scale-y: 1; --tw-scroll-snap-strictness: proximity; --tw-ring-offset-width: 0px; --tw-ring-offset-color: #fff; --tw-ring-color: rgb(59 130 246 \/ 0.5); --tw-ring-offset-shadow: 0 0 #0000; --tw-ring-shadow: 0 0 #0000; --tw-shadow: 0 0 #0000; --tw-shadow-colored: 0 0 #0000; --bdt-inverse: initial;\">RETOURS<br \/><\/strong>Tous les retours doivent \u00eatre effectu\u00e9s dans les trente (30) jours suivant la date d&#039;exp\u00e9dition. Tous les articles retourn\u00e9s doivent \u00eatre intacts et avoir toutes les \u00e9tiquettes et \u00e9tiquettes d&#039;origine attach\u00e9es.<span style=\"background-color: var(--et_container-bg-color, transparent); color: var(--et_font-color);\">\u00a0<\/span><\/p>\n<p>\u00a0<\/p>\n<\/div>\n<div><b>PROCESSUS DE RETOUR<\/b><\/div>\n<p>Veuillez envoyer un e-mail au service client \u00e0\u00a0<a href=\"mailto:service@usaircompressor.com\">service@usaircompressor.com<\/a>\u00a0et\u00a0<a href=\"mailto:info@usaircompressor.com\">info@usaircompressor.com<\/a>\u00a0pour obtenir un num\u00e9ro d&#039;autorisation de retour de marchandise (RMA). Apr\u00e8s avoir obtenu un num\u00e9ro RMA, emballez soigneusement l&#039;article dans son emballage d&#039;origine et renvoyez-le \u00e0 l&#039;adresse suivante\u00a0:<\/p>\n<p style=\"font-weight: 400;\">Compresseur d&#039;air am\u00e9ricain Canada<br \/>Compresseur d&#039;air am\u00e9ricain Canada INC.<br \/>5311 John Lucas Dr Unit\u00e9 12-13,<br \/>Burlington (Ontario) L7L 6A8,<br \/>Canada<\/p>\n<p style=\"font-weight: 400;\">Vous pouvez demander de l&#039;aide pour organiser une exp\u00e9dition aupr\u00e8s de US Air Compressor dans des circonstances particuli\u00e8res. Veuillez vous r\u00e9f\u00e9rer \u00e0 la politique mentionn\u00e9e ci-dessous.<\/p>\n<p style=\"font-weight: 400;\"><strong>Veuillez noter:<\/strong>\u00a0Vous devez prendre en charge tous les frais de retour et de r\u00e9approvisionnement, sauf mention contraire dans la pr\u00e9sente politique. Nous vous recommandons fortement d&#039;utiliser une m\u00e9thode de suivi pour envoyer votre retour.<\/p>\n<div><b>REMBOURSEMENTS<\/b><\/div>\n<div>Apr\u00e8s avoir re\u00e7u le retour, nous inspecterons l&#039;\u00e9tat de votre article et traiterons votre remboursement. Selon votre soci\u00e9t\u00e9 de carte de cr\u00e9dit, les remboursements peuvent prendre 1 \u00e0 2 cycles de facturation pour appara\u00eetre sur votre relev\u00e9. S&#039;il ne s&#039;agit pas d&#039;un paiement par carte de cr\u00e9dit, le traitement du remboursement peut prendre jusqu&#039;\u00e0 45 jours. Nous vous informerons par e-mail lorsque votre retour aura \u00e9t\u00e9 trait\u00e9.<\/div>\n<div>\u00a0<\/div>\n<div><b>EXCEPTIONS<\/b><\/div>\n<div>\n<p style=\"font-weight: 400;\">Les produits suivants ne peuvent pas \u00eatre retourn\u00e9s, sauf mention contraire dans cette politique :<\/p>\n<ul style=\"font-weight: 400;\">\n<li>Articles d&#039;occasion<\/li>\n<li>Consommables, y compris filtres, r\u00e9servoirs d&#039;air comprim\u00e9, huile et pi\u00e8ces de rechange<\/li>\n<\/ul>\n<p style=\"font-weight: 400;\">Les marchandises ne peuvent pas \u00eatre retourn\u00e9es \u00e0 US Air Compressor sans approbation. US Air Compressor se r\u00e9serve le droit de refuser tout retour \u00e0 sa seule discr\u00e9tion sans pr\u00e9avis. Les frais d&#039;exp\u00e9dition, les frais de r\u00e9approvisionnement et les frais de carte de cr\u00e9dit sont \u00e0 la charge de l&#039;acheteur. Des frais de r\u00e9approvisionnement 40% seront factur\u00e9s pour tous les retours, sauf mention contraire dans cette politique.<\/p>\n<p><b>IMPORTANT:<\/b>\u00a0Notre responsabilit\u00e9 en mati\u00e8re d&#039;exp\u00e9dition se termine au quai des entrep\u00f4ts d&#039;US Air Compressor. Le client ach\u00e8te des services d&#039;exp\u00e9dition aupr\u00e8s de tiers utilisant le syst\u00e8me US Air Compressor. US Air Compressor aidera \u00e0 r\u00e9soudre les probl\u00e8mes d&#039;exp\u00e9dition tels que les marchandises perdues ou endommag\u00e9es ou les livraisons tardives avec les soci\u00e9t\u00e9s de transport tierces, mais la r\u00e9solution peut prendre jusqu&#039;\u00e0 4 \u00e0 6 mois. US Air Compressor ne peut traiter aucun retour, \u00e9change ou remboursement tant que le probl\u00e8me d&#039;exp\u00e9dition n&#039;est pas r\u00e9solu par la soci\u00e9t\u00e9 de transport tierce. La cargaison peut ne pas \u00eatre enti\u00e8rement assur\u00e9e et peut ne pas \u00eatre enti\u00e8rement indemnis\u00e9e en cas de dommage ou de perte. Il est conseill\u00e9 aux clients de souscrire une assurance tous risques suppl\u00e9mentaire, que US Air Compressor peut aider \u00e0 organiser s&#039;il est contact\u00e9 et pay\u00e9 avant l&#039;exp\u00e9dition.<\/p>\n<p>\u00a0<\/p>\n<\/div>\n<p><b>VEUILLEZ INSPECTER VOTRE LIVRAISON POUR D\u00c9TECTER D&#039;\u00c9VENTUELS DOMMAGES.<\/b>\u00a0En cas de dommage, refusez l&#039;envoi ou inscrivez \u00ab ENDOMMAG\u00c9 \u00bb sur le connaissement. Si le client accepte l&#039;\u00e9quipement sans inspection, il sera responsable de tout dommage subi. Veuillez nous en informer par e-mail d\u00e8s r\u00e9ception des marchandises. Avant de signer les documents d&#039;acceptation de la marchandise livr\u00e9e, assurez-vous qu&#039;aucun dommage n&#039;est survenu et que les articles exp\u00e9di\u00e9s sont en bon \u00e9tat. Si des dommages sont constat\u00e9s pendant le transport, veuillez les sp\u00e9cifier sur le connaissement avec le consentement \u00e9crit du personnel de livraison. Le non-respect de cette consigne impliquera que les marchandises ont \u00e9t\u00e9 livr\u00e9es sans dommage. US Air Compressors n&#039;assume aucune responsabilit\u00e9 pour tout dommage caus\u00e9 \u00e0 la marchandise pendant le transport ; toute r\u00e9clamation doit \u00eatre adress\u00e9e au transporteur.<\/p>\n<p><b>Produits endommag\u00e9s :<\/b>\u00a0Inspectez les marchandises avant de signer le connaissement fourni par le transporteur. Si le client signe le connaissement sans inspecter l&#039;envoi, il sera responsable de l&#039;ouverture d&#039;une r\u00e9clamation de fret et de l&#039;organisation de la r\u00e9paration ou du retour des marchandises endommag\u00e9es. Les r\u00e9clamations pour dommages cach\u00e9s doivent \u00eatre signal\u00e9es imm\u00e9diatement et doivent \u00eatre accompagn\u00e9es de photos du compresseur endommag\u00e9.<\/p>\n<p style=\"font-weight: 400;\">Les dommages doivent \u00eatre clairement indiqu\u00e9s sur le connaissement des marchandises livr\u00e9es. Si aucune explication des dommages n&#039;est enregistr\u00e9e sur le connaissement sign\u00e9 pour une raison quelconque, y compris, mais sans s&#039;y limiter, la livraison sans contact ou l&#039;acceptation par une personne autoris\u00e9e au point de livraison, il sera pr\u00e9sum\u00e9 que les marchandises ont \u00e9t\u00e9 livr\u00e9es dans un \u00e9tat acceptable comme demand\u00e9.<\/p>\n<p style=\"font-weight: 400;\">Veuillez noter que le fait de ne pas documenter correctement les dommages sur le BOL limitera notre capacit\u00e9 \u00e0 vous aider dans vos r\u00e9clamations contre la compagnie de transport.<\/p>\n<p style=\"font-weight: 400;\"><strong>Dommage suspect\u00e9 :<\/strong>\u00a0Si le carton\/emballage ext\u00e9rieur semble endommag\u00e9 mais que le produit \u00e0 l&#039;int\u00e9rieur ne semble pas affect\u00e9, notez \u00ab Dommage possible li\u00e9 au transport \u00bb sur le re\u00e7u de livraison en pr\u00e9sence du chauffeur. De cette fa\u00e7on, si des dommages sont d\u00e9couverts ult\u00e9rieurement, le processus de r\u00e9clamation du transport sera plus facile.<\/p>\n<p style=\"font-weight: 400;\"><strong>Dommages \u00e9vidents :<\/strong>\u00a0Ne signez pas pour des produits endommag\u00e9s. Si votre produit arrive endommag\u00e9, veuillez (a) refuser la livraison et (b) nous appeler imm\u00e9diatement afin que nous puissions lancer le processus de r\u00e9clamation n\u00e9cessaire et coordonner un \u00e9change.<\/p>\n<p style=\"font-weight: 400;\"><strong>R\u00c8GLES ET EXCEPTIONS<\/strong><\/p>\n<p style=\"font-weight: 400;\"><strong>Pi\u00e8ces (consommables, y compris filtres, r\u00e9servoirs d&#039;air comprim\u00e9, huile et pi\u00e8ces de rechange) :<\/strong><\/p>\n<ul style=\"font-weight: 400;\">\n<li>Aucun retour ni remboursement sauf en cas de d\u00e9faut de fabrication ou si le mauvais article a \u00e9t\u00e9 envoy\u00e9. Dans tous les cas, les marchandises doivent \u00eatre inutilis\u00e9es et dans leur emballage d&#039;origine. Pour les pi\u00e8ces qui n&#039;ont pas encore \u00e9t\u00e9 exp\u00e9di\u00e9es, nous n&#039;offrons pas de remboursement. Cependant, selon le cas sp\u00e9cifique, nous pouvons cr\u00e9diter le montant sur le profil du client pour une utilisation ult\u00e9rieure.<\/li>\n<\/ul>\n<p style=\"font-weight: 400;\"><strong>Compresseurs, s\u00e9cheurs et autres produits finis :<\/strong><\/p>\n<ol style=\"font-weight: 400;\">\n<li><strong>Frais de livraison :<\/strong>\n<ul>\n<li>Les frais d&#039;exp\u00e9dition sont \u00e0 la charge du client. US Air Compressor ne paiera aucun frais d&#039;exp\u00e9dition en aucune circonstance, sauf s&#039;il s&#039;agit d&#039;erreurs op\u00e9rationnelles de US Air Compressor (cela peut ne pas couvrir les mat\u00e9riaux de garantie dans les conditions mentionn\u00e9es dans l&#039;\u00e9l\u00e9ment de remplacement de garantie ci-dessous).<\/li>\n<\/ul>\n<\/li>\n<li><strong>R\u00e8gle des 30 jours :<\/strong>\n<ul>\n<li>Les retours ne sont pas accept\u00e9s 30 jours apr\u00e8s la date d&#039;exp\u00e9dition. Si dans les 30 jours, les frais d&#039;exp\u00e9dition doivent \u00eatre \u00e0 la charge du client et des frais de restockage 40% seront appliqu\u00e9s. Le remplacement ou le remboursement sera trait\u00e9 apr\u00e8s r\u00e9ception et inspection du produit. Les marchandises doivent \u00eatre inutilis\u00e9es et dans leur emballage d&#039;origine. Dans le cas contraire, le retour ne sera pas accept\u00e9. Tout dommage ou frais de r\u00e9paration sera factur\u00e9 au client.<\/li>\n<\/ul>\n<\/li>\n<li><strong>Probl\u00e8mes d&#039;exp\u00e9dition :<\/strong>\n<ul>\n<li>Les dommages doivent \u00eatre correctement enregistr\u00e9s ; l&#039;absence d&#039;enregistrement signifie qu&#039;il n&#039;y a pas de remboursement ou de remplacement. US Air Compressor ouvre une r\u00e9clamation aupr\u00e8s de la soci\u00e9t\u00e9 de transport tierce et la r\u00e9clamation doit \u00eatre finalis\u00e9e avant toute action. En cas d&#039;absence d&#039;enregistrement, le compresseur peut \u00eatre renvoy\u00e9 \u00e0 l&#039;entrep\u00f4t aux frais du client pour inspection et r\u00e9paration, les frais d&#039;exp\u00e9dition \u00e9tant \u00e0 la charge du client.<\/li>\n<li><strong>Apr\u00e8s 30 jours \u00e0 compter de la date d&#039;exp\u00e9dition :<\/strong>\n<ul>\n<li>Aucun remboursement ni \u00e9change. Pour les probl\u00e8mes li\u00e9s \u00e0 l&#039;exp\u00e9dition, le processus de retour peut \u00eatre lanc\u00e9, tous les frais \u00e9tant \u00e0 la charge du client, y compris la r\u00e9paration et l&#039;exp\u00e9dition. Les marchandises doivent \u00eatre inutilis\u00e9es et dans leur emballage d&#039;origine.<\/li>\n<\/ul>\n<\/li>\n<\/ul>\n<\/li>\n<li><strong>Erreurs op\u00e9rationnelles :<\/strong>\n<ul>\n<li>Si le mauvais produit ou la mauvaise pi\u00e8ce a \u00e9t\u00e9 envoy\u00e9, l&#039;\u00e9quipe d&#039;assistance technique enqu\u00eatera. Si le probl\u00e8me est v\u00e9rifi\u00e9, la nouvelle pi\u00e8ce ou le nouveau produit sera envoy\u00e9 apr\u00e8s r\u00e9ception de l&#039;ancien produit, tous les frais \u00e9tant \u00e0 la charge de US Air Compressor. Les marchandises doivent \u00eatre inutilis\u00e9es et dans leur emballage d&#039;origine.<\/li>\n<\/ul>\n<\/li>\n<li><strong>Remplacement sous garantie :<\/strong>\n<ul>\n<li>Le client peut remplacer ou rembourser le compresseur dans les 30 jours suivant la date d&#039;exp\u00e9dition en cas de probl\u00e8me de garantie, sans frais de r\u00e9approvisionnement et frais d&#039;exp\u00e9dition pay\u00e9s par US Air Compressor. Apr\u00e8s 30 jours, pour les r\u00e9clamations au titre de la garantie, aucun remplacement ou remboursement n&#039;est acceptable, mais les pi\u00e8ces de rechange doivent \u00eatre envoy\u00e9es gratuitement. Les frais d&#039;exp\u00e9dition des pi\u00e8ces peuvent \u00eatre pay\u00e9s par US Air Compressor pour les articles sous garantie. Pour les r\u00e9parations n\u00e9cessaires dans les locaux d&#039;US Air Compressor, les frais d&#039;exp\u00e9dition du produit final doivent \u00eatre pris en charge par le client dans les deux sens. S&#039;il s&#039;agit d&#039;un article sous garantie, les r\u00e9parations sont gratuites ; s&#039;il n&#039;est pas r\u00e9parable, un nouveau compresseur peut \u00eatre fourni gratuitement.<\/li>\n<\/ul>\n<\/li>\n<\/ol>\n<p style=\"font-weight: 400;\">Cette politique garantit la clart\u00e9 et prot\u00e8ge \u00e0 la fois le client et US Air Compressor dans toutes les situations de retour et de remboursement.<\/p>\n<\/div>\n<\/div>\n<\/div>\n<\/div>\n<\/div>\n<\/section>\n<\/div>\t\t\t\t\t\t\t\t<\/div>\n\t\t\t\t<\/div>\n\t\t\t\t\t<\/div>\n\t\t\t\t<\/div>\n\t\t\t\t<\/div>","protected":false},"excerpt":{"rendered":"<p>US AIR COMPRESSOR RETURN POLICY As used herein, US Air Compressors Canada and US Air Compressor, having its principal place of business [&hellip;]<\/p>\n","protected":false},"author":1,"featured_media":0,"parent":0,"menu_order":0,"comment_status":"closed","ping_status":"closed","template":"","meta":{"_glsr_average":0,"_glsr_ranking":0,"_glsr_reviews":0,"footnotes":""},"class_list":["post-10","page","type-page","status-publish","hentry"],"_links":{"self":[{"href":"https:\/\/usaircompressor.com\/fr\/wp-json\/wp\/v2\/pages\/10","targetHints":{"allow":["GET"]}}],"collection":[{"href":"https:\/\/usaircompressor.com\/fr\/wp-json\/wp\/v2\/pages"}],"about":[{"href":"https:\/\/usaircompressor.com\/fr\/wp-json\/wp\/v2\/types\/page"}],"author":[{"embeddable":true,"href":"https:\/\/usaircompressor.com\/fr\/wp-json\/wp\/v2\/users\/1"}],"replies":[{"embeddable":true,"href":"https:\/\/usaircompressor.com\/fr\/wp-json\/wp\/v2\/comments?post=10"}],"version-history":[{"count":0,"href":"https:\/\/usaircompressor.com\/fr\/wp-json\/wp\/v2\/pages\/10\/revisions"}],"wp:attachment":[{"href":"https:\/\/usaircompressor.com\/fr\/wp-json\/wp\/v2\/media?parent=10"}],"curies":[{"name":"wp","href":"https:\/\/api.w.org\/{rel}","templated":true}]}}