{"id":8297,"date":"2024-10-28T16:35:08","date_gmt":"2024-10-28T20:35:08","guid":{"rendered":"https:\/\/usaircompressor.com\/?post_type=product&#038;p=8297"},"modified":"2026-03-03T18:50:19","modified_gmt":"2026-03-03T22:50:19","slug":"25-hp-air-center-compressor","status":"publish","type":"product","link":"https:\/\/usaircompressor.com\/es\/producto\/25-hp-air-center-compressor\/","title":{"rendered":"Compresor de tornillo rotativo US AIR CENTER de 25 HP y velocidad fija con secador y tanque integrados | Trif\u00e1sico | 208-600 voltios | 96 CFM"},"content":{"rendered":"<h3>La soluci\u00f3n compacta TODO EN UNO<\/h3>\n<p>El paquete de aire comprimido integrado de US Air incluye un compresor de tornillo rotativo, un secador refrigerado, filtros y un tanque de almacenamiento con un requerimiento m\u00ednimo de espacio.<\/p>\n<p>La gama de compresores de tornillo rotativos llave en mano de combina una eficiencia excepcional y un rendimiento rentable con una producci\u00f3n, tratamiento y almacenamiento de aire comprimido ultrasilenciosos. La carcasa de polietileno rotomoldeado de doble pared de Air Centers alberga un sistema completo de suministro de aire comprimido.<\/p>\n<p>La opci\u00f3n perfecta para talleres e instalaciones de producci\u00f3n peque\u00f1as con espacio limitado que requieren una gran cantidad de aire. Estos avanzados sistemas de compresores ofrecen una facilidad de mantenimiento excepcional y una gran durabilidad para garantizar a\u00f1os de servicio confiable.<\/p>\n<h3>\u00bfQu\u00e9 ventajas tiene un compresor de US Air Center?<\/h3>\n<ul>\n<li>Los US AIR CENTERS cuentan con un extremo de aire de compresor de tornillo rotativo equipado con rotores de alta eficiencia para garantizar m\u00e1s aire por menos energ\u00eda.<\/li>\n<li>Con potencias de accionamiento disponibles de 5 a 30 hp, siempre encontrar\u00e1 el modelo adecuado para satisfacer sus necesidades espec\u00edficas de aire comprimido.<\/li>\n<li>Con un nivel sonoro m\u00e1ximo de 69 dB(A), los equipos integrados US Air son excepcionalmente silenciosos. Equipados con un secador frigor\u00edfico integrado, suministran aire comprimido seco y limpio en todo momento.<\/li>\n<li>Los sistemas \u201ctodo en uno\u201d de US Air cuentan con un controlador de compresor 6080 avanzado para garantizar un funcionamiento confiable y eficiente con m\u00e1xima disponibilidad.<br \/>\nGracias al secador frigor\u00edfico integrado, los sistemas US AIR suministran aire comprimido de alta calidad que protege sus herramientas y equipos contra da\u00f1os por corrosi\u00f3n.<\/li>\n<li>M\u00ednimo esfuerzo de tuber\u00edas e instalaci\u00f3n. Simplemente conecte el paquete compacto de aire comprimido a la red el\u00e9ctrica y de distribuci\u00f3n de aire comprimido, y listo.<\/li>\n<\/ul>","protected":false},"excerpt":{"rendered":"<p>Compresor de velocidad fija<br \/>Entrega de aire libre 96 CFM a 90 PSI<br \/>Garant\u00eda de intercambio de parachoques a parachoques de 10 a\u00f1os<\/p>","protected":false},"featured_media":39081,"template":"","meta":{"_glsr_average":0,"_glsr_ranking":0,"_glsr_reviews":0},"product_brand":[],"product_cat":[33],"product_tag":[56,63,58],"class_list":{"0":"post-8297","1":"product","2":"type-product","3":"status-publish","4":"has-post-thumbnail","6":"product_cat-us-air-center-compressor","7":"product_tag-oil-injected-compressor","8":"product_tag-rotary-screw-air-compressor","9":"product_tag-us-air-center-compressor","10":"product_shipping_class-free-shipping","12":"first","13":"instock","14":"sale","15":"taxable","16":"shipping-taxable","17":"purchasable","18":"product-type-variable"},"_links":{"self":[{"href":"https:\/\/usaircompressor.com\/es\/wp-json\/wp\/v2\/product\/8297","targetHints":{"allow":["GET"]}}],"collection":[{"href":"https:\/\/usaircompressor.com\/es\/wp-json\/wp\/v2\/product"}],"about":[{"href":"https:\/\/usaircompressor.com\/es\/wp-json\/wp\/v2\/types\/product"}],"wp:featuredmedia":[{"embeddable":true,"href":"https:\/\/usaircompressor.com\/es\/wp-json\/wp\/v2\/media\/39081"}],"wp:attachment":[{"href":"https:\/\/usaircompressor.com\/es\/wp-json\/wp\/v2\/media?parent=8297"}],"wp:term":[{"taxonomy":"product_brand","embeddable":true,"href":"https:\/\/usaircompressor.com\/es\/wp-json\/wp\/v2\/product_brand?post=8297"},{"taxonomy":"product_cat","embeddable":true,"href":"https:\/\/usaircompressor.com\/es\/wp-json\/wp\/v2\/product_cat?post=8297"},{"taxonomy":"product_tag","embeddable":true,"href":"https:\/\/usaircompressor.com\/es\/wp-json\/wp\/v2\/product_tag?post=8297"}],"curies":[{"name":"wp","href":"https:\/\/api.w.org\/{rel}","templated":true}]}}