{"id":8237,"date":"2024-10-24T14:41:15","date_gmt":"2024-10-24T18:41:15","guid":{"rendered":"https:\/\/usaircompressor.com\/?post_type=product&#038;p=8237"},"modified":"2026-03-03T19:01:00","modified_gmt":"2026-03-03T23:01:00","slug":"350-hp-two-stage-air-compressor","status":"publish","type":"product","link":"https:\/\/usaircompressor.com\/es\/producto\/350-hp-two-stage-air-compressor\/","title":{"rendered":"Compresor de aire de tornillo rotativo VSD de dos etapas de 350 HP | Trif\u00e1sico | 460-600 voltios | 1840 CFM"},"content":{"rendered":"<h3>Tecnolog\u00eda de compresi\u00f3n de dos etapas<\/h3>\n<p>La unidad de compresi\u00f3n de primera etapa y la unidad de compresi\u00f3n de segunda etapa est\u00e1n integradas en un extremo de aire impulsado directamente por el engranaje helicoidal, la velocidad lineal \u00f3ptima para cada etapa.<\/p>\n<p>Despu\u00e9s de la compresi\u00f3n de la primera etapa, la compresi\u00f3n a presi\u00f3n constante intensifica el enfriamiento del aceite distribuido, reduce la temperatura de succi\u00f3n de la compresi\u00f3n de la segunda etapa y garantiza que la unidad de compresi\u00f3n de la segunda etapa est\u00e9 cerca de la compresi\u00f3n isot\u00e9rmica.<\/p>\n<p>Relaci\u00f3n de compresi\u00f3n, distribuci\u00f3n razonable, dise\u00f1o de cojinete optimizado, la compresi\u00f3n de la segunda etapa reduce la relaci\u00f3n de compresi\u00f3n de cada etapa, reduce las fugas internas, mejora la eficiencia del volumen, reduce la carga del cojinete y mejora la vida \u00fatil del extremo de aire.<\/p>\n<h3>\u00bfQu\u00e9 ventajas tiene un compresor de dos etapas?<\/h3>\n<ul>\n<li>El tornillo de accionamiento de velocidad variable de dos etapas de US Air es al menos 20% m\u00e1s eficiente que cualquier otro tornillo de una sola etapa de velocidad variable.<\/li>\n<li>Puede ser hasta 50% m\u00e1s eficiente que su compresor de tornillo de velocidad fija<\/li>\n<li>Al usar cuatro rotores en lugar de dos, este compresor suministrar\u00e1 m\u00e1s aire con menos electricidad. El ahorro puede superar los 100.000 d\u00f3lares anuales.<\/li>\n<\/ul>","protected":false},"excerpt":{"rendered":"<p>Compresor VSD (hasta 50% de ahorro de energ\u00eda)<br \/>Entrega de aire libre 1840 CFM a 100 PSI \/ 1440 CFM a 190 PSI<br \/>Garant\u00eda de intercambio de parachoques a parachoques de 10 a\u00f1os<\/p>","protected":false},"featured_media":33878,"template":"","meta":{"_glsr_average":0,"_glsr_ranking":0,"_glsr_reviews":0},"product_brand":[],"product_cat":[32],"product_tag":[56,63,61],"class_list":{"0":"post-8237","1":"product","2":"type-product","3":"status-publish","4":"has-post-thumbnail","6":"product_cat-two-stage-compressor","7":"product_tag-oil-injected-compressor","8":"product_tag-rotary-screw-air-compressor","9":"product_tag-two-stage-rotary-screw-compressor","11":"first","12":"instock","13":"taxable","14":"shipping-taxable","15":"purchasable","16":"product-type-variable"},"_links":{"self":[{"href":"https:\/\/usaircompressor.com\/es\/wp-json\/wp\/v2\/product\/8237","targetHints":{"allow":["GET"]}}],"collection":[{"href":"https:\/\/usaircompressor.com\/es\/wp-json\/wp\/v2\/product"}],"about":[{"href":"https:\/\/usaircompressor.com\/es\/wp-json\/wp\/v2\/types\/product"}],"wp:featuredmedia":[{"embeddable":true,"href":"https:\/\/usaircompressor.com\/es\/wp-json\/wp\/v2\/media\/33878"}],"wp:attachment":[{"href":"https:\/\/usaircompressor.com\/es\/wp-json\/wp\/v2\/media?parent=8237"}],"wp:term":[{"taxonomy":"product_brand","embeddable":true,"href":"https:\/\/usaircompressor.com\/es\/wp-json\/wp\/v2\/product_brand?post=8237"},{"taxonomy":"product_cat","embeddable":true,"href":"https:\/\/usaircompressor.com\/es\/wp-json\/wp\/v2\/product_cat?post=8237"},{"taxonomy":"product_tag","embeddable":true,"href":"https:\/\/usaircompressor.com\/es\/wp-json\/wp\/v2\/product_tag?post=8237"}],"curies":[{"name":"wp","href":"https:\/\/api.w.org\/{rel}","templated":true}]}}