{"id":8088,"date":"2024-10-17T13:43:00","date_gmt":"2024-10-17T17:43:00","guid":{"rendered":"https:\/\/usaircompressor.com\/?post_type=product&#038;p=8088"},"modified":"2026-03-03T17:56:34","modified_gmt":"2026-03-03T21:56:34","slug":"zero-loss-autodrain","status":"publish","type":"product","link":"https:\/\/usaircompressor.com\/es\/producto\/zero-loss-autodrain\/","title":{"rendered":"Drenaje autom\u00e1tico con P\u00c9RDIDA CERO | 220 voltios"},"content":{"rendered":"","protected":false},"excerpt":{"rendered":"<p>220 V monof\u00e1sico<\/p>","protected":false},"featured_media":39136,"template":"","meta":{"_glsr_average":0,"_glsr_ranking":0,"_glsr_reviews":0},"product_brand":[],"product_cat":[190],"product_tag":[183,184],"class_list":{"0":"post-8088","1":"product","2":"type-product","3":"status-publish","4":"has-post-thumbnail","6":"product_cat-drain-valve","7":"product_tag-auto-drains","8":"product_tag-zero-loss-autodrain","10":"first","11":"instock","12":"taxable","13":"shipping-taxable","14":"purchasable","15":"product-type-simple"},"_links":{"self":[{"href":"https:\/\/usaircompressor.com\/es\/wp-json\/wp\/v2\/product\/8088","targetHints":{"allow":["GET"]}}],"collection":[{"href":"https:\/\/usaircompressor.com\/es\/wp-json\/wp\/v2\/product"}],"about":[{"href":"https:\/\/usaircompressor.com\/es\/wp-json\/wp\/v2\/types\/product"}],"wp:featuredmedia":[{"embeddable":true,"href":"https:\/\/usaircompressor.com\/es\/wp-json\/wp\/v2\/media\/39136"}],"wp:attachment":[{"href":"https:\/\/usaircompressor.com\/es\/wp-json\/wp\/v2\/media?parent=8088"}],"wp:term":[{"taxonomy":"product_brand","embeddable":true,"href":"https:\/\/usaircompressor.com\/es\/wp-json\/wp\/v2\/product_brand?post=8088"},{"taxonomy":"product_cat","embeddable":true,"href":"https:\/\/usaircompressor.com\/es\/wp-json\/wp\/v2\/product_cat?post=8088"},{"taxonomy":"product_tag","embeddable":true,"href":"https:\/\/usaircompressor.com\/es\/wp-json\/wp\/v2\/product_tag?post=8088"}],"curies":[{"name":"wp","href":"https:\/\/api.w.org\/{rel}","templated":true}]}}