{"id":70999,"date":"2025-08-11T15:01:38","date_gmt":"2025-08-11T19:01:38","guid":{"rendered":"https:\/\/usaircompressor.com\/?post_type=product&#038;p=70999"},"modified":"2026-04-07T19:25:37","modified_gmt":"2026-04-07T23:25:37","slug":"20-hp-high-pressure-scroll-air-compressor-25bar","status":"publish","type":"product","link":"https:\/\/usaircompressor.com\/es\/producto\/20-hp-high-pressure-scroll-air-compressor-25bar\/","title":{"rendered":"Compresor de aire de espiral lubricado de alta presi\u00f3n de 20 HP \u2013 VSD | 25 bar | Trif\u00e1sico | 575-600 voltios | 45 CFM"},"content":{"rendered":"<p>Industrias como la farmac\u00e9utica, la alimentaria, la electr\u00f3nica y la textil no pueden arriesgarse a la contaminaci\u00f3n por aceite en sus procesos. Por lo tanto, es esencial que el aire comprimido est\u00e9 libre de aceite 100%. La norma ISO 8573-1 (2010) certifica que la Clase Cero representa la m\u00e1xima pureza del aire. Es la \u00fanica manera de garantizar aire libre de aceite para sus procesos cr\u00edticos y, con ello, tranquilidad.<\/p>\n<p>La excelente confiabilidad y los bajos costos de mantenimiento y operaci\u00f3n hacen que los compresores sin aceite sean una inversi\u00f3n inteligente.<\/p>\n<h3>Aire de alta calidad y alta eficiencia<\/h3>\n<p>La gama ofrece un rendimiento de primera clase, eficiencia y calidad premium. Adem\u00e1s, con un compresor sin aceite, tambi\u00e9n reduce su coste total de propiedad de tres maneras:<\/p>\n<p>(1) evitando costosos reemplazos de filtros,<br \/>\n(2) reducir los costos de mantenimiento para el tratamiento del condensado de petr\u00f3leo y<br \/>\n(3) los costos de energ\u00eda adicional necesaria para combatir la ca\u00edda de presi\u00f3n en los filtros.<\/p>\n<h3>Rendimiento premium<\/h3>\n<p>\u2022 Presi\u00f3n nominal hasta 10 bar.<br \/>\n\u2022 Salida de:<br \/>\n\u2013 6,8 a 147 m\u00b3\/h.<br \/>\n\u2013 1,9 a 40,8 l\/s.<br \/>\n\u2013 4,0 a 86,5 cfm.<br \/>\n\u2022 Niveles de sonido tan bajos como 53 dB.<\/p>\n<h3>Eficiencia premium<\/h3>\n<p>\u2022 Secador incorporado para reducir la ca\u00edda de presi\u00f3n aguas abajo.<br \/>\n\u2022 \u00daltima tecnolog\u00eda de compresi\u00f3n dise\u00f1ada internamente.<br \/>\n\u2022 Equipado de serie con motor IE3 de alta eficiencia.<\/p>\n<h3>Calidad premium<\/h3>\n<p>\u2022 Aire de calidad certificado clase 0*.<br \/>\n\u2022 Materiales a prueba de corrosi\u00f3n.<br \/>\n\u2013 flexibles de acero inoxidable<br \/>\n\u2013 Tanque recubierto de epoxi en el interior<br \/>\n\u2022 Medidas de seguridad<br \/>\n\u2013 Sensor de temperatura ambiente<br \/>\n\u2013 Sensor de temperatura de salida a trav\u00e9s del controlador gr\u00e1fico<br \/>\n\u2013 Identificaci\u00f3n y registro de paradas<br \/>\n\u2013 Visualizaci\u00f3n del cronograma de servicios<\/p>","protected":false},"excerpt":{"rendered":"<p>Compresor VSD (hasta 35% de ahorro de energ\u00eda)<br \/>Entrega de aire libre 45 CFM a 100 PSI \/ 43 CFM a 363 PSI<br \/>Garant\u00eda de intercambio de parachoques a parachoques de 10 a\u00f1os<\/p>","protected":false},"featured_media":70997,"template":"","meta":{"_glsr_average":0,"_glsr_ranking":0,"_glsr_reviews":0},"product_brand":[],"product_cat":[1073],"product_tag":[56,63,1072],"class_list":{"0":"post-70999","1":"product","2":"type-product","3":"status-publish","4":"has-post-thumbnail","6":"product_cat-lubricated-scroll","7":"product_tag-oil-injected-compressor","8":"product_tag-rotary-screw-air-compressor","9":"product_tag-scroll-compressors","11":"first","12":"instock","13":"taxable","14":"shipping-taxable","15":"purchasable","16":"product-type-variable","17":"has-default-attributes"},"_links":{"self":[{"href":"https:\/\/usaircompressor.com\/es\/wp-json\/wp\/v2\/product\/70999","targetHints":{"allow":["GET"]}}],"collection":[{"href":"https:\/\/usaircompressor.com\/es\/wp-json\/wp\/v2\/product"}],"about":[{"href":"https:\/\/usaircompressor.com\/es\/wp-json\/wp\/v2\/types\/product"}],"wp:featuredmedia":[{"embeddable":true,"href":"https:\/\/usaircompressor.com\/es\/wp-json\/wp\/v2\/media\/70997"}],"wp:attachment":[{"href":"https:\/\/usaircompressor.com\/es\/wp-json\/wp\/v2\/media?parent=70999"}],"wp:term":[{"taxonomy":"product_brand","embeddable":true,"href":"https:\/\/usaircompressor.com\/es\/wp-json\/wp\/v2\/product_brand?post=70999"},{"taxonomy":"product_cat","embeddable":true,"href":"https:\/\/usaircompressor.com\/es\/wp-json\/wp\/v2\/product_cat?post=70999"},{"taxonomy":"product_tag","embeddable":true,"href":"https:\/\/usaircompressor.com\/es\/wp-json\/wp\/v2\/product_tag?post=70999"}],"curies":[{"name":"wp","href":"https:\/\/api.w.org\/{rel}","templated":true}]}}