{"id":70988,"date":"2025-08-11T14:33:10","date_gmt":"2025-08-11T18:33:10","guid":{"rendered":"https:\/\/usaircompressor.com\/?post_type=product&#038;p=70988"},"modified":"2026-04-07T19:30:29","modified_gmt":"2026-04-07T23:30:29","slug":"10-hp-scroll-air-compressor","status":"publish","type":"product","link":"https:\/\/usaircompressor.com\/es\/producto\/10-hp-scroll-air-compressor\/","title":{"rendered":"Compresor de aire de espiral lubricado de 10 HP \u2013 Velocidad fija | Trif\u00e1sico | 208-230 voltios | 42 CFM"},"content":{"rendered":"<p data-start=\"54\" data-end=\"311\">Un <strong data-start=\"57\" data-end=\"95\">compresor de aire scroll con inyecci\u00f3n de aceite<\/strong> es un compresor de desplazamiento positivo que utiliza dos espirales (una fija y otra en \u00f3rbita) para comprimir el aire., <strong data-start=\"214\" data-end=\"266\">con aceite introducido en la c\u00e1mara de compresi\u00f3n<\/strong> para <strong data-start=\"271\" data-end=\"308\">lubricaci\u00f3n, refrigeraci\u00f3n y sellado<\/strong>.<\/p>\n<p data-start=\"313\" data-end=\"625\">Este dise\u00f1o ofrece el funcionamiento suave y silencioso t\u00edpico de la tecnolog\u00eda de espiral, a la vez que se beneficia del sellado y la disipaci\u00f3n de calor mejorados que proporciona el aceite. El resultado es <strong data-start=\"484\" data-end=\"546\">mayor eficiencia, mayor vida \u00fatil y mejor rendimiento<\/strong> bajo funcionamiento continuo o de servicio pesado en comparaci\u00f3n con los modelos scroll sin aceite.<\/p>\n<h3>C\u00f3mo funciona:<\/h3>\n<p data-start=\"647\" data-end=\"818\">A medida que el espiral orbital se mueve, atrapa y comprime bolsas de aire hacia el puerto de descarga central. Se inyecta una cantidad controlada de aceite en el \u00e1rea de compresi\u00f3n para:<\/p>\n<ul data-start=\"819\" data-end=\"939\">\n<li data-start=\"819\" data-end=\"845\">\n<p data-start=\"821\" data-end=\"845\">Lubricar las piezas m\u00f3viles<\/p>\n<\/li>\n<li data-start=\"846\" data-end=\"908\">\n<p data-start=\"848\" data-end=\"908\">Sella los espacios internos para una mejor eficiencia de compresi\u00f3n<\/p>\n<\/li>\n<li data-start=\"909\" data-end=\"939\">\n<p data-start=\"911\" data-end=\"939\">Absorber y transportar el calor<\/p>\n<\/li>\n<\/ul>\n<p data-start=\"941\" data-end=\"1075\">Luego, el aceite se separa del aire comprimido antes de su entrega; la mayor\u00eda de los sistemas incluyen filtraci\u00f3n para minimizar el arrastre de aceite.<\/p>\n<h3>\u00bfQu\u00e9 ventajas tiene un compresor scroll?<\/h3>\n<p data-start=\"1099\" data-end=\"1179\"><strong data-start=\"1099\" data-end=\"1120\">* Mayor eficiencia<\/strong>:Un mejor sellado conduce a una mejor eficiencia volum\u00e9trica.<\/p>\n<p data-start=\"1182\" data-end=\"1264\"><strong data-start=\"1182\" data-end=\"1205\">* Mayor vida \u00fatil<\/strong>:El aceite reduce el desgaste y el estr\u00e9s relacionado con el calor en los componentes.<\/p>\n<p data-start=\"1267\" data-end=\"1345\"><strong data-start=\"1267\" data-end=\"1292\">* Listo para servicio continuo<\/strong>:Maneja mayores cargas de trabajo y operaci\u00f3n sostenida.<\/p>\n<p data-start=\"1348\" data-end=\"1432\"><strong data-start=\"1348\" data-end=\"1367\">* Funcionamiento silencioso<\/strong>:Bajos niveles de vibraci\u00f3n y ruido, t\u00edpicos de la tecnolog\u00eda scroll.<\/p>\n<h3 data-start=\"1434\" data-end=\"1459\">Aplicaciones ideales:<\/h3>\n<ul data-start=\"1460\" data-end=\"1615\">\n<li data-start=\"1460\" data-end=\"1485\">\n<p data-start=\"1462\" data-end=\"1485\">Fabricaci\u00f3n general<\/p>\n<\/li>\n<li data-start=\"1486\" data-end=\"1516\">\n<p data-start=\"1488\" data-end=\"1516\">Centros de servicio automotriz<\/p>\n<\/li>\n<li data-start=\"1517\" data-end=\"1536\">\n<p data-start=\"1519\" data-end=\"1536\">Peque\u00f1os talleres<\/p>\n<\/li>\n<li data-start=\"1537\" data-end=\"1561\">\n<p data-start=\"1539\" data-end=\"1561\">Operaciones de embalaje<\/p>\n<\/li>\n<li data-start=\"1562\" data-end=\"1615\">\n<p data-start=\"1564\" data-end=\"1615\">Industrias en las que es aceptable cierto arrastre de petr\u00f3leo<\/p>\n<\/li>\n<\/ul>","protected":false},"excerpt":{"rendered":"<p>Compresor de velocidad fija<br \/>Entrega de aire libre 42 CFM a 90 PSI<br \/>Garant\u00eda de intercambio de parachoques a parachoques de 10 a\u00f1os<\/p>","protected":false},"featured_media":70997,"template":"","meta":{"_glsr_average":0,"_glsr_ranking":0,"_glsr_reviews":0},"product_brand":[],"product_cat":[1073],"product_tag":[56,63,1074,1072],"class_list":{"0":"post-70988","1":"product","2":"type-product","3":"status-publish","4":"has-post-thumbnail","6":"product_cat-lubricated-scroll","7":"product_tag-oil-injected-compressor","8":"product_tag-rotary-screw-air-compressor","9":"product_tag-scroll","10":"product_tag-scroll-compressors","12":"first","13":"instock","14":"taxable","15":"shipping-taxable","16":"purchasable","17":"product-type-variable","18":"has-default-attributes"},"_links":{"self":[{"href":"https:\/\/usaircompressor.com\/es\/wp-json\/wp\/v2\/product\/70988","targetHints":{"allow":["GET"]}}],"collection":[{"href":"https:\/\/usaircompressor.com\/es\/wp-json\/wp\/v2\/product"}],"about":[{"href":"https:\/\/usaircompressor.com\/es\/wp-json\/wp\/v2\/types\/product"}],"wp:featuredmedia":[{"embeddable":true,"href":"https:\/\/usaircompressor.com\/es\/wp-json\/wp\/v2\/media\/70997"}],"wp:attachment":[{"href":"https:\/\/usaircompressor.com\/es\/wp-json\/wp\/v2\/media?parent=70988"}],"wp:term":[{"taxonomy":"product_brand","embeddable":true,"href":"https:\/\/usaircompressor.com\/es\/wp-json\/wp\/v2\/product_brand?post=70988"},{"taxonomy":"product_cat","embeddable":true,"href":"https:\/\/usaircompressor.com\/es\/wp-json\/wp\/v2\/product_cat?post=70988"},{"taxonomy":"product_tag","embeddable":true,"href":"https:\/\/usaircompressor.com\/es\/wp-json\/wp\/v2\/product_tag?post=70988"}],"curies":[{"name":"wp","href":"https:\/\/api.w.org\/{rel}","templated":true}]}}