{"id":6749,"date":"2024-10-02T22:03:14","date_gmt":"2024-10-03T02:03:14","guid":{"rendered":"https:\/\/usaircompressor.com\/?post_type=product&#038;p=6749"},"modified":"2026-04-07T20:05:51","modified_gmt":"2026-04-08T00:05:51","slug":"200-hp-two-stage-air-compressor","status":"publish","type":"product","link":"https:\/\/usaircompressor.com\/es\/producto\/200-hp-two-stage-air-compressor\/","title":{"rendered":"Compresor de dos etapas de 200 HP | 460-600 voltios | 1210 CFM"},"content":{"rendered":"<p>Un compresor de dos etapas de 200 HP ofrece una eficiencia y un rendimiento inigualables para sus operaciones. Con tecnolog\u00eda avanzada de compresi\u00f3n de dos etapas, integra la primera y la segunda etapa de compresi\u00f3n en un solo elemento compresor, reduciendo la temperatura de succi\u00f3n mediante una mejor refrigeraci\u00f3n del aceite. Este dise\u00f1o garantiza una compresi\u00f3n casi isot\u00e9rmica, optimizando el consumo de energ\u00eda y mejorando el rendimiento. El compresor de aire de 200 HP presenta una relaci\u00f3n de compresi\u00f3n equilibrada y reduce las fugas internas, lo que resulta en una mayor eficiencia de volumen, menores cargas sobre los cojinetes y una mayor vida \u00fatil del elemento compresor.<\/p>\n<p>El compresor de velocidad variable de dos etapas de 200 HP de US Air es al menos un 20 % m\u00e1s eficiente que los modelos de velocidad variable de una sola etapa y hasta un 50 % m\u00e1s eficiente que los compresores de velocidad fija. Equipado con cuatro rotores en lugar de dos, suministra m\u00e1s aire con un consumo menor de electricidad, lo que ofrece un ahorro potencial de hasta $50,000 al a\u00f1o. Elija un compresor de 200 HP para maximizar la eficiencia energ\u00e9tica y el ahorro de costos a largo plazo para su negocio.<\/p>","protected":false},"excerpt":{"rendered":"<p>Compresor VSD (hasta 50% de ahorro de energ\u00eda)<br \/>Entrega de aire libre 1210 CFM a 100 PSI \/ 840 CFM a 190 PSI<br \/>Garant\u00eda de intercambio de parachoques a parachoques de 10 a\u00f1os<\/p>","protected":false},"featured_media":6735,"template":"","meta":{"_glsr_average":0,"_glsr_ranking":0,"_glsr_reviews":0},"product_brand":[],"product_cat":[32],"product_tag":[56,63,61],"class_list":{"0":"post-6749","1":"product","2":"type-product","3":"status-publish","4":"has-post-thumbnail","6":"product_cat-two-stage-compressor","7":"product_tag-oil-injected-compressor","8":"product_tag-rotary-screw-air-compressor","9":"product_tag-two-stage-rotary-screw-compressor","11":"first","12":"instock","13":"taxable","14":"shipping-taxable","15":"purchasable","16":"product-type-variable","17":"has-default-attributes"},"_links":{"self":[{"href":"https:\/\/usaircompressor.com\/es\/wp-json\/wp\/v2\/product\/6749","targetHints":{"allow":["GET"]}}],"collection":[{"href":"https:\/\/usaircompressor.com\/es\/wp-json\/wp\/v2\/product"}],"about":[{"href":"https:\/\/usaircompressor.com\/es\/wp-json\/wp\/v2\/types\/product"}],"wp:featuredmedia":[{"embeddable":true,"href":"https:\/\/usaircompressor.com\/es\/wp-json\/wp\/v2\/media\/6735"}],"wp:attachment":[{"href":"https:\/\/usaircompressor.com\/es\/wp-json\/wp\/v2\/media?parent=6749"}],"wp:term":[{"taxonomy":"product_brand","embeddable":true,"href":"https:\/\/usaircompressor.com\/es\/wp-json\/wp\/v2\/product_brand?post=6749"},{"taxonomy":"product_cat","embeddable":true,"href":"https:\/\/usaircompressor.com\/es\/wp-json\/wp\/v2\/product_cat?post=6749"},{"taxonomy":"product_tag","embeddable":true,"href":"https:\/\/usaircompressor.com\/es\/wp-json\/wp\/v2\/product_tag?post=6749"}],"curies":[{"name":"wp","href":"https:\/\/api.w.org\/{rel}","templated":true}]}}