{"id":6588,"date":"2024-10-01T22:07:33","date_gmt":"2024-10-02T02:07:33","guid":{"rendered":"https:\/\/usaircompressor.com\/?post_type=product&#038;p=6588"},"modified":"2026-04-18T03:28:14","modified_gmt":"2026-04-18T07:28:14","slug":"50-hp-vsd-air-compressor","status":"publish","type":"product","link":"https:\/\/usaircompressor.com\/es\/producto\/50-hp-vsd-air-compressor\/","title":{"rendered":"Compresor de aire de tornillo rotativo con variador de velocidad de 50 HP | Monof\u00e1sico a trif\u00e1sico | 208-600 voltios | 229 CFM"},"content":{"rendered":"<h3>Un compresor con accionamiento de velocidad variable<\/h3>\n<ol>\n<li>Dise\u00f1ado para una carga de trabajo 24\/7<\/li>\n<li>Compre un compresor nuevo por el costo de reparar un compresor, una unidad VSD o un motor<\/li>\n<li>El primer sistema del mundo con Bluetooth habilitado y una aplicaci\u00f3n para tel\u00e9fono o tableta para monitorear su compresor<\/li>\n<li>Compresor VSD de accionamiento directo y eficiencia energ\u00e9tica con unidad de compresi\u00f3n de bajas revoluciones, sin correas y tubos de acero.<\/li>\n<\/ol>\n<p>El compresor de aire de tornillo rotativo con accionamiento de velocidad variable de 50 HP es la soluci\u00f3n ideal para aplicaciones industriales a gran escala que requieren un flujo de aire constante y alta eficiencia energ\u00e9tica. Su potente motor puede realizar f\u00e1cilmente tareas pesadas en industrias como la manufactura, el procesamiento de alimentos y la construcci\u00f3n.<\/p>\n<h3>\u00bfQu\u00e9 ventajas tiene un compresor VSD\/VFD?<\/h3>\n<ul>\n<li>Capacidad de arrancar y parar bajo plena presi\u00f3n del sistema sin necesidad de descargar.<\/li>\n<li>Gastos de energ\u00eda reducidos: no hay p\u00e9rdida de energ\u00eda cuando se opera con una carga reducida.<\/li>\n<li>Menos picos de potencia: no active el motor del compresor de aire cuando haya corrientes m\u00e1s altas.<\/li>\n<li>Se necesita hasta 35% menos energ\u00eda que con un compresor de velocidad fija normal, lo que lo hace m\u00e1s eficiente energ\u00e9ticamente.<\/li>\n<li>El control el\u00e9ctrico preciso permite disminuir, detener o acelerar la velocidad del motor.<\/li>\n<li>Las fugas del sistema se minimizan ya que el riesgo de fuga es menor cuanto menor es la presi\u00f3n del sistema.<\/li>\n<\/ul>\n<p>El dise\u00f1o avanzado de un compresor de aire de 50 hp garantiza un funcionamiento suave, reduciendo dr\u00e1sticamente el riesgo de interrupciones operativas. Su bajo nivel de ruido es ideal para entornos donde el control del sonido es fundamental, como instalaciones m\u00e9dicas o laboratorios de investigaci\u00f3n.<\/p>\n<p>Gracias a su construcci\u00f3n duradera y su robusto rendimiento, el compresor de aire de tornillo rotativo con accionamiento de velocidad variable de 50 HP minimiza el mantenimiento, ahorrando tiempo y dinero. La integraci\u00f3n de tecnolog\u00eda inteligente ofrece monitoreo en tiempo real, lo que facilita el seguimiento del rendimiento.<\/p>\n<p>Para empresas que buscan soluciones de aire comprimido escalables y eficientes, este modelo ofrece una versatilidad y un valor inigualables. Sus caracter\u00edsticas de optimizaci\u00f3n energ\u00e9tica lo convierten en una excelente incorporaci\u00f3n a las instalaciones modernas.<\/p>","protected":false},"excerpt":{"rendered":"<p>Compresor VSD (hasta 35% de ahorro de energ\u00eda)<br \/>Entrega de aire libre 229 CFM a 100 PSI \/ 168 CFM a 190 PSI<br \/>Garant\u00eda de intercambio de parachoques a parachoques de 10 a\u00f1os<\/p>","protected":false},"featured_media":39096,"template":"","meta":{"_glsr_average":0,"_glsr_ranking":0,"_glsr_reviews":0},"product_brand":[],"product_cat":[30],"product_tag":[56,63,57],"class_list":{"0":"post-6588","1":"product","2":"type-product","3":"status-publish","4":"has-post-thumbnail","6":"product_cat-variable-speed-drive","7":"product_tag-oil-injected-compressor","8":"product_tag-rotary-screw-air-compressor","9":"product_tag-variable-speed-drive-compressor","11":"first","12":"instock","13":"taxable","14":"shipping-taxable","15":"purchasable","16":"product-type-variable"},"_links":{"self":[{"href":"https:\/\/usaircompressor.com\/es\/wp-json\/wp\/v2\/product\/6588","targetHints":{"allow":["GET"]}}],"collection":[{"href":"https:\/\/usaircompressor.com\/es\/wp-json\/wp\/v2\/product"}],"about":[{"href":"https:\/\/usaircompressor.com\/es\/wp-json\/wp\/v2\/types\/product"}],"wp:featuredmedia":[{"embeddable":true,"href":"https:\/\/usaircompressor.com\/es\/wp-json\/wp\/v2\/media\/39096"}],"wp:attachment":[{"href":"https:\/\/usaircompressor.com\/es\/wp-json\/wp\/v2\/media?parent=6588"}],"wp:term":[{"taxonomy":"product_brand","embeddable":true,"href":"https:\/\/usaircompressor.com\/es\/wp-json\/wp\/v2\/product_brand?post=6588"},{"taxonomy":"product_cat","embeddable":true,"href":"https:\/\/usaircompressor.com\/es\/wp-json\/wp\/v2\/product_cat?post=6588"},{"taxonomy":"product_tag","embeddable":true,"href":"https:\/\/usaircompressor.com\/es\/wp-json\/wp\/v2\/product_tag?post=6588"}],"curies":[{"name":"wp","href":"https:\/\/api.w.org\/{rel}","templated":true}]}}