{"id":6527,"date":"2024-10-01T20:51:20","date_gmt":"2024-10-02T00:51:20","guid":{"rendered":"https:\/\/usaircompressor.com\/?post_type=product&#038;p=6527"},"modified":"2026-03-09T05:53:10","modified_gmt":"2026-03-09T09:53:10","slug":"25-hp-fixed-speed-air-compressor","status":"publish","type":"product","link":"https:\/\/usaircompressor.com\/es\/producto\/25-hp-fixed-speed-air-compressor\/","title":{"rendered":"Compresor de aire de tornillo rotativo de velocidad fija de 25 HP | Trif\u00e1sico | 208-600 voltios | 115 CFM"},"content":{"rendered":"<h3>Un compresor de velocidad fija (con carga y sin carga)<\/h3>\n<p>El aceite es necesario para mantener el proceso de producci\u00f3n en marcha mientras se utilizan compresores lubricados. Para maximizar la rentabilidad y dise\u00f1ar una instalaci\u00f3n a su medida, estos compresores pueden equiparse con una variedad de equipos y accesorios de aire. Son perfectos para aplicaciones donde la demanda de aire comprimido es constante. A menos que se apague, el motor siempre funcionar\u00e1 a la misma velocidad en la m\u00e1quina.<\/p>\n<h3>\u00bfQu\u00e9 ventajas tiene un compresor de velocidad fija?<\/h3>\n<ul>\n<li><strong>Costo inicial m\u00e1s bajo<\/strong>Los compresores de velocidad fija generalmente son menos costosos al principio que los modelos de velocidad variable, lo que los hace m\u00e1s accesibles para operaciones m\u00e1s peque\u00f1as o proyectos con presupuestos limitados.<\/li>\n<li><strong>Simplicidad y fiabilidad<\/strong>:Con menos partes m\u00f3viles y una operaci\u00f3n m\u00e1s sencilla, estos compresores suelen ser m\u00e1s confiables y f\u00e1ciles de mantener, lo que genera menores costos de mantenimiento y tiempos de inactividad.<\/li>\n<li><strong>Salida consistente<\/strong>Los compresores de velocidad fija proporcionan un flujo de aire constante, lo que los hace ideales para aplicaciones con una demanda de aire constante. Esta consistencia garantiza el funcionamiento estable de herramientas o maquinaria que requieren una presi\u00f3n de aire constante.<\/li>\n<li><strong>Facilidad de reparaci\u00f3n y mantenimiento<\/strong>:La simplicidad del dise\u00f1o de los compresores permite reparaciones m\u00e1s f\u00e1ciles con menos conocimientos especializados requeridos en comparaci\u00f3n con los compresores de velocidad variable m\u00e1s complejos.<\/li>\n<li><strong>Eficiencia a plena carga<\/strong>Al funcionar a plena carga, los compresores de velocidad fija pueden ser muy eficientes, ya que est\u00e1n dise\u00f1ados para operar continuamente a una velocidad fija. Esta eficiencia a plena capacidad los convierte en una excelente opci\u00f3n para operaciones que requieren un alto nivel de rendimiento continuo.<\/li>\n<li><strong>Menor riesgo de sobrecalentamiento<\/strong>Los compresores de velocidad fija funcionan a un ritmo constante, lo que reduce el riesgo de sobrecalentamiento o estr\u00e9s que pueden derivar de los cambios frecuentes de velocidad. Esto puede prolongar la vida \u00fatil del equipo. En general, los compresores de velocidad fija son una excelente opci\u00f3n en situaciones con demanda constante y limitaciones presupuestarias, donde se prioriza la simplicidad y la fiabilidad.<\/li>\n<\/ul>","protected":false},"excerpt":{"rendered":"<p>Compresor de velocidad fija<br \/>Entrega de aire libre 111 CFM a 100 PSI<br \/>Garant\u00eda de intercambio de parachoques a parachoques de 10 a\u00f1os<\/p>","protected":false},"featured_media":6531,"template":"","meta":{"_glsr_average":0,"_glsr_ranking":0,"_glsr_reviews":0},"product_brand":[],"product_cat":[31],"product_tag":[62,56,63],"class_list":{"0":"post-6527","1":"product","2":"type-product","3":"status-publish","4":"has-post-thumbnail","6":"product_cat-fixed-speed-drive","7":"product_tag-fixed-speed-compressor","8":"product_tag-oil-injected-compressor","9":"product_tag-rotary-screw-air-compressor","11":"first","12":"instock","13":"taxable","14":"shipping-taxable","15":"purchasable","16":"product-type-variable"},"_links":{"self":[{"href":"https:\/\/usaircompressor.com\/es\/wp-json\/wp\/v2\/product\/6527","targetHints":{"allow":["GET"]}}],"collection":[{"href":"https:\/\/usaircompressor.com\/es\/wp-json\/wp\/v2\/product"}],"about":[{"href":"https:\/\/usaircompressor.com\/es\/wp-json\/wp\/v2\/types\/product"}],"wp:featuredmedia":[{"embeddable":true,"href":"https:\/\/usaircompressor.com\/es\/wp-json\/wp\/v2\/media\/6531"}],"wp:attachment":[{"href":"https:\/\/usaircompressor.com\/es\/wp-json\/wp\/v2\/media?parent=6527"}],"wp:term":[{"taxonomy":"product_brand","embeddable":true,"href":"https:\/\/usaircompressor.com\/es\/wp-json\/wp\/v2\/product_brand?post=6527"},{"taxonomy":"product_cat","embeddable":true,"href":"https:\/\/usaircompressor.com\/es\/wp-json\/wp\/v2\/product_cat?post=6527"},{"taxonomy":"product_tag","embeddable":true,"href":"https:\/\/usaircompressor.com\/es\/wp-json\/wp\/v2\/product_tag?post=6527"}],"curies":[{"name":"wp","href":"https:\/\/api.w.org\/{rel}","templated":true}]}}