{"id":5725,"date":"2024-09-23T19:55:14","date_gmt":"2024-09-23T23:55:14","guid":{"rendered":"https:\/\/usaircompressor.com\/?post_type=product&#038;p=5725"},"modified":"2026-04-07T19:55:49","modified_gmt":"2026-04-07T23:55:49","slug":"10-hp-vsd-air-compressor","status":"publish","type":"product","link":"https:\/\/usaircompressor.com\/es\/producto\/10-hp-vsd-air-compressor\/","title":{"rendered":"Compresor de aire de tornillo rotativo con variador de velocidad de 10 HP | Monof\u00e1sico a trif\u00e1sico | 208-600 voltios | 42 CFM"},"content":{"rendered":"<h3>Un compresor con accionamiento de velocidad variable<\/h3>\n<ol>\n<li>Dise\u00f1ado para una carga de trabajo 24\/7<\/li>\n<li>Compre un compresor nuevo por el costo de reparar un compresor, una unidad VSD o un motor<\/li>\n<li>El primer sistema del mundo con Bluetooth habilitado y una aplicaci\u00f3n para tel\u00e9fono o tableta para monitorear su compresor<\/li>\n<li>Compresor VSD de accionamiento directo y eficiencia energ\u00e9tica con unidad de compresi\u00f3n de bajas revoluciones, sin correas y tubos de acero.<\/li>\n<\/ol>\n<h3>\u00bfQu\u00e9 ventajas tiene un compresor VSD\/VFD?<\/h3>\n<ul>\n<li>Capacidad de arrancar y parar bajo plena presi\u00f3n del sistema sin necesidad de descargar.<\/li>\n<li>Gastos de energ\u00eda reducidos: no hay p\u00e9rdida de energ\u00eda cuando se opera con una carga reducida.<\/li>\n<li>Menos picos de potencia: no active el motor del compresor de aire cuando haya corrientes m\u00e1s altas.<\/li>\n<li>Se necesita hasta 35% menos energ\u00eda que con un compresor de velocidad fija normal, lo que lo hace m\u00e1s eficiente energ\u00e9ticamente.<\/li>\n<li>El control el\u00e9ctrico preciso permite disminuir, detener o acelerar la velocidad del motor.<\/li>\n<li>Las fugas del sistema se minimizan ya que el riesgo de fuga es menor cuanto menor es la presi\u00f3n del sistema.<\/li>\n<\/ul>\n<p>El compresor de aire de tornillo rotativo con accionamiento de velocidad variable de 10 HP aborda aplicaciones exigentes y minimiza el desperdicio de energ\u00eda. El dise\u00f1o de tornillo rotativo garantiza un flujo de aire m\u00e1s uniforme, proporcionando un rendimiento constante y confiable. Opera a temperaturas m\u00e1s bajas, lo que reduce el desgaste y minimiza el tiempo de inactividad por reparaciones.<\/p>\n<p>Las empresas pueden escalar sus operaciones con un compresor de aire de 10 caballos de fuerza, adapt\u00e1ndose f\u00e1cilmente a las fluctuantes demandas de aire comprimido. Su dise\u00f1o compacto optimiza el espacio y su funcionamiento m\u00e1s silencioso es compatible con entornos sensibles al ruido o ubicaciones con estrictas restricciones de ruido.<\/p>\n<p>Gracias a la capacidad Bluetooth, los usuarios pueden supervisar el sistema y ajustar los par\u00e1metros operativos al instante, garantizando as\u00ed un funcionamiento \u00f3ptimo. Esta conectividad avanzada proporciona actualizaciones en tiempo real a trav\u00e9s de tel\u00e9fonos inteligentes o tabletas, lo que previene posibles problemas antes de que se agraven. En resumen, el compresor de aire de tornillo rotativo con accionamiento de velocidad variable de 10 HP ayuda a las empresas que buscan sistemas de aire comprimido duraderos, inteligentes y de bajo consumo.<\/p>","protected":false},"excerpt":{"rendered":"<p>Compresor VSD (hasta 35% de ahorro de energ\u00eda)<br \/>Entrega de aire libre 43 CFM a 100 PSI \/ 25 CFM a 190 PSI<br \/>Garant\u00eda de intercambio de parachoques a parachoques de 10 a\u00f1os<\/p>","protected":false},"featured_media":39090,"template":"","meta":{"_glsr_average":0,"_glsr_ranking":0,"_glsr_reviews":0},"product_brand":[],"product_cat":[30],"product_tag":[56,63,57],"class_list":{"0":"post-5725","1":"product","2":"type-product","3":"status-publish","4":"has-post-thumbnail","6":"product_cat-variable-speed-drive","7":"product_tag-oil-injected-compressor","8":"product_tag-rotary-screw-air-compressor","9":"product_tag-variable-speed-drive-compressor","10":"product_shipping_class-free-shipping","12":"first","13":"instock","14":"sale","15":"taxable","16":"shipping-taxable","17":"purchasable","18":"product-type-variable"},"_links":{"self":[{"href":"https:\/\/usaircompressor.com\/es\/wp-json\/wp\/v2\/product\/5725","targetHints":{"allow":["GET"]}}],"collection":[{"href":"https:\/\/usaircompressor.com\/es\/wp-json\/wp\/v2\/product"}],"about":[{"href":"https:\/\/usaircompressor.com\/es\/wp-json\/wp\/v2\/types\/product"}],"wp:featuredmedia":[{"embeddable":true,"href":"https:\/\/usaircompressor.com\/es\/wp-json\/wp\/v2\/media\/39090"}],"wp:attachment":[{"href":"https:\/\/usaircompressor.com\/es\/wp-json\/wp\/v2\/media?parent=5725"}],"wp:term":[{"taxonomy":"product_brand","embeddable":true,"href":"https:\/\/usaircompressor.com\/es\/wp-json\/wp\/v2\/product_brand?post=5725"},{"taxonomy":"product_cat","embeddable":true,"href":"https:\/\/usaircompressor.com\/es\/wp-json\/wp\/v2\/product_cat?post=5725"},{"taxonomy":"product_tag","embeddable":true,"href":"https:\/\/usaircompressor.com\/es\/wp-json\/wp\/v2\/product_tag?post=5725"}],"curies":[{"name":"wp","href":"https:\/\/api.w.org\/{rel}","templated":true}]}}