{"id":5694,"date":"2024-09-23T15:31:36","date_gmt":"2024-09-23T19:31:36","guid":{"rendered":"https:\/\/usaircompressor.com\/?post_type=product&#038;p=5694"},"modified":"2026-04-09T15:45:14","modified_gmt":"2026-04-09T19:45:14","slug":"5-hp-vsd-air-compressor","status":"publish","type":"product","link":"https:\/\/usaircompressor.com\/es\/producto\/5-hp-vsd-air-compressor\/","title":{"rendered":"Compresor de aire VSD de 5 HP | Monof\u00e1sico a trif\u00e1sico | 208-600 voltios | 19 CFM"},"content":{"rendered":"<p>\u00bfBusca un compresor de aire eficiente y confiable? Un compresor de aire VSD de 5 HP es la soluci\u00f3n perfecta para empresas que necesitan equipos potentes y de bajo consumo. A diferencia de los modelos tradicionales, un compresor de aire VSD de 5 HP ajusta la velocidad del motor seg\u00fan la demanda, reduciendo el consumo de energ\u00eda hasta en un 35 %. Esto se traduce en menores facturas de servicios p\u00fablicos y menor desgaste del equipo.<\/p>\n<p>Nuestro compresor de aire de tornillo rotativo VSD de 5 HP est\u00e1 dise\u00f1ado para funcionar las 24 horas, los 7 d\u00edas de la semana, ofreciendo una durabilidad y un rendimiento inigualables. Con caracter\u00edsticas como monitoreo por Bluetooth, unidad de compresi\u00f3n de bajas RPM y tubos de acero, ofrece un funcionamiento constante, silencioso y eficiente. Adem\u00e1s, elimina picos de potencia, minimiza las fugas del sistema y funciona a plena presi\u00f3n sin descarga.<\/p>\n<p>Mejore su negocio con un compresor de velocidad variable de 5 HP que ahorra energ\u00eda, reduce los costos de mantenimiento y aumenta la productividad. Invierta inteligentemente con US Air Compressor para obtener tecnolog\u00eda avanzada y rendimiento a largo plazo.<\/p>","protected":false},"excerpt":{"rendered":"<p>Compresor VSD (hasta 35% de ahorro de energ\u00eda)<br \/>Entrega de aire libre 21 CFM a 100 PSI \/ 11 CFM a 190 PSI<br \/>Garant\u00eda de intercambio de parachoques a parachoques de 10 a\u00f1os<\/p>","protected":false},"featured_media":39089,"template":"","meta":{"_glsr_average":0,"_glsr_ranking":0,"_glsr_reviews":0},"product_brand":[],"product_cat":[30],"product_tag":[56,63,57],"class_list":{"0":"post-5694","1":"product","2":"type-product","3":"status-publish","4":"has-post-thumbnail","6":"product_cat-variable-speed-drive","7":"product_tag-oil-injected-compressor","8":"product_tag-rotary-screw-air-compressor","9":"product_tag-variable-speed-drive-compressor","10":"product_shipping_class-free-shipping","12":"first","13":"instock","14":"sale","15":"taxable","16":"shipping-taxable","17":"purchasable","18":"product-type-variable"},"_links":{"self":[{"href":"https:\/\/usaircompressor.com\/es\/wp-json\/wp\/v2\/product\/5694","targetHints":{"allow":["GET"]}}],"collection":[{"href":"https:\/\/usaircompressor.com\/es\/wp-json\/wp\/v2\/product"}],"about":[{"href":"https:\/\/usaircompressor.com\/es\/wp-json\/wp\/v2\/types\/product"}],"wp:featuredmedia":[{"embeddable":true,"href":"https:\/\/usaircompressor.com\/es\/wp-json\/wp\/v2\/media\/39089"}],"wp:attachment":[{"href":"https:\/\/usaircompressor.com\/es\/wp-json\/wp\/v2\/media?parent=5694"}],"wp:term":[{"taxonomy":"product_brand","embeddable":true,"href":"https:\/\/usaircompressor.com\/es\/wp-json\/wp\/v2\/product_brand?post=5694"},{"taxonomy":"product_cat","embeddable":true,"href":"https:\/\/usaircompressor.com\/es\/wp-json\/wp\/v2\/product_cat?post=5694"},{"taxonomy":"product_tag","embeddable":true,"href":"https:\/\/usaircompressor.com\/es\/wp-json\/wp\/v2\/product_tag?post=5694"}],"curies":[{"name":"wp","href":"https:\/\/api.w.org\/{rel}","templated":true}]}}