{"id":38867,"date":"2025-02-19T18:03:39","date_gmt":"2025-02-19T22:03:39","guid":{"rendered":"https:\/\/usaircompressor.com\/?post_type=product&#038;p=38867"},"modified":"2026-03-03T18:31:09","modified_gmt":"2026-03-03T22:31:09","slug":"13-hp-gasoline-piston-compressor-two-stage-with-tank","status":"publish","type":"product","link":"https:\/\/usaircompressor.com\/es\/producto\/13-hp-gasoline-piston-compressor-two-stage-with-tank\/","title":{"rendered":"Compresor de pist\u00f3n de gasolina de 13 HP | Dos etapas con tanque de 80 galones | Dos etapas | 25 CFM"},"content":{"rendered":"<p>Mejore su eficiencia operativa con la vers\u00e1til selecci\u00f3n de compresores de aire a gas de US Air, dise\u00f1ados para las tareas m\u00e1s exigentes. Elija entre modelos verticales compactos, ideales para espacios reducidos, o robustas unidades horizontales dise\u00f1adas para aplicaciones de alta resistencia. Estos compresores ofrecen un rendimiento y una fiabilidad excepcionales. Ideales tanto para uso comercial como industrial, nuestras soluciones a gas garantizan un funcionamiento continuo y de alta eficiencia en diversos entornos, proporcionando la potencia y la adaptabilidad necesarias para afrontar cualquier desaf\u00edo.<\/p>\n<h3>Soluci\u00f3n industrial a gas<\/h3>\n<p data-start=\"0\" data-end=\"379\">Nuestro compresor de aire horizontal industrial a gas est\u00e1 dise\u00f1ado para ofrecer un rendimiento y una fiabilidad superiores. Impulsado por una robusta bomba de dos etapas de 13 HP, destaca en aplicaciones de alta demanda, ofreciendo una compresi\u00f3n de aire eficiente y constante. El tanque de 80 galones ofrece una amplia capacidad de aire y una larga duraci\u00f3n, lo que lo hace ideal para tareas industriales intensivas.<\/p>\n<p data-start=\"381\" data-end=\"679\">Dise\u00f1ado para la eficiencia, el sistema de una sola etapa maximiza la salida de aire, mientras que la disposici\u00f3n horizontal del tanque optimiza el espacio y facilita el acceso para el mantenimiento. El motor duradero mejora la fiabilidad del compresor, garantizando un funcionamiento seguro en diversos entornos industriales.<\/p>\n<p data-start=\"681\" data-end=\"1014\" data-is-last-node=\"\">Dise\u00f1ado y ensamblado con orgullo en Canad\u00e1, este compresor de aire cumple con estrictos est\u00e1ndares de calidad de durabilidad y rendimiento. Dise\u00f1ado para uso intensivo en manufactura, reparaci\u00f3n de autom\u00f3viles, construcci\u00f3n y otras aplicaciones industriales, cada unidad se somete a rigurosas pruebas para garantizar una confiabilidad y eficiencia excepcionales.<\/p>","protected":false},"excerpt":{"rendered":"<p>Compresor de pist\u00f3n a gasolina (dos etapas, montado en tanque de 80 galones)<br \/>Entrega de aire libre 25 CFM a 175 PSI<br \/>Tipo de motor de gasolina: Honda GRX380-13HP con estrella el\u00e9ctrica<\/p>","protected":false},"featured_media":39058,"template":"","meta":{"_glsr_average":0,"_glsr_ranking":0,"_glsr_reviews":0},"product_brand":[],"product_cat":[853],"product_tag":[854],"class_list":{"0":"post-38867","1":"product","2":"type-product","3":"status-publish","4":"has-post-thumbnail","6":"product_cat-gasoline-piston","7":"product_tag-gasoline-piston-compressor","9":"first","10":"instock","11":"taxable","12":"shipping-taxable","13":"purchasable","14":"product-type-simple"},"_links":{"self":[{"href":"https:\/\/usaircompressor.com\/es\/wp-json\/wp\/v2\/product\/38867","targetHints":{"allow":["GET"]}}],"collection":[{"href":"https:\/\/usaircompressor.com\/es\/wp-json\/wp\/v2\/product"}],"about":[{"href":"https:\/\/usaircompressor.com\/es\/wp-json\/wp\/v2\/types\/product"}],"wp:featuredmedia":[{"embeddable":true,"href":"https:\/\/usaircompressor.com\/es\/wp-json\/wp\/v2\/media\/39058"}],"wp:attachment":[{"href":"https:\/\/usaircompressor.com\/es\/wp-json\/wp\/v2\/media?parent=38867"}],"wp:term":[{"taxonomy":"product_brand","embeddable":true,"href":"https:\/\/usaircompressor.com\/es\/wp-json\/wp\/v2\/product_brand?post=38867"},{"taxonomy":"product_cat","embeddable":true,"href":"https:\/\/usaircompressor.com\/es\/wp-json\/wp\/v2\/product_cat?post=38867"},{"taxonomy":"product_tag","embeddable":true,"href":"https:\/\/usaircompressor.com\/es\/wp-json\/wp\/v2\/product_tag?post=38867"}],"curies":[{"name":"wp","href":"https:\/\/api.w.org\/{rel}","templated":true}]}}