{"id":3958,"date":"2024-09-15T03:11:16","date_gmt":"2024-09-15T03:11:16","guid":{"rendered":"https:\/\/usaircompressor.com\/?page_id=3958"},"modified":"2025-01-14T10:41:07","modified_gmt":"2025-01-14T14:41:07","slug":"terms-and-conditions","status":"publish","type":"page","link":"https:\/\/usaircompressor.com\/es\/terms-and-conditions\/","title":{"rendered":"T\u00e9rminos y condiciones"},"content":{"rendered":"<div data-elementor-type=\"wp-page\" data-elementor-id=\"3958\" class=\"elementor elementor-3958\" data-elementor-settings=\"{&quot;element_pack_global_tooltip_width&quot;:{&quot;unit&quot;:&quot;px&quot;,&quot;size&quot;:&quot;&quot;,&quot;sizes&quot;:[]},&quot;element_pack_global_tooltip_width_tablet&quot;:{&quot;unit&quot;:&quot;px&quot;,&quot;size&quot;:&quot;&quot;,&quot;sizes&quot;:[]},&quot;element_pack_global_tooltip_width_mobile&quot;:{&quot;unit&quot;:&quot;px&quot;,&quot;size&quot;:&quot;&quot;,&quot;sizes&quot;:[]},&quot;element_pack_global_tooltip_padding&quot;:{&quot;unit&quot;:&quot;px&quot;,&quot;top&quot;:&quot;&quot;,&quot;right&quot;:&quot;&quot;,&quot;bottom&quot;:&quot;&quot;,&quot;left&quot;:&quot;&quot;,&quot;isLinked&quot;:true},&quot;element_pack_global_tooltip_padding_tablet&quot;:{&quot;unit&quot;:&quot;px&quot;,&quot;top&quot;:&quot;&quot;,&quot;right&quot;:&quot;&quot;,&quot;bottom&quot;:&quot;&quot;,&quot;left&quot;:&quot;&quot;,&quot;isLinked&quot;:true},&quot;element_pack_global_tooltip_padding_mobile&quot;:{&quot;unit&quot;:&quot;px&quot;,&quot;top&quot;:&quot;&quot;,&quot;right&quot;:&quot;&quot;,&quot;bottom&quot;:&quot;&quot;,&quot;left&quot;:&quot;&quot;,&quot;isLinked&quot;:true},&quot;element_pack_global_tooltip_border_radius&quot;:{&quot;unit&quot;:&quot;px&quot;,&quot;top&quot;:&quot;&quot;,&quot;right&quot;:&quot;&quot;,&quot;bottom&quot;:&quot;&quot;,&quot;left&quot;:&quot;&quot;,&quot;isLinked&quot;:true},&quot;element_pack_global_tooltip_border_radius_tablet&quot;:{&quot;unit&quot;:&quot;px&quot;,&quot;top&quot;:&quot;&quot;,&quot;right&quot;:&quot;&quot;,&quot;bottom&quot;:&quot;&quot;,&quot;left&quot;:&quot;&quot;,&quot;isLinked&quot;:true},&quot;element_pack_global_tooltip_border_radius_mobile&quot;:{&quot;unit&quot;:&quot;px&quot;,&quot;top&quot;:&quot;&quot;,&quot;right&quot;:&quot;&quot;,&quot;bottom&quot;:&quot;&quot;,&quot;left&quot;:&quot;&quot;,&quot;isLinked&quot;:true}}\" data-elementor-post-type=\"page\">\n\t\t\t\t<div class=\"elementor-element elementor-element-f0d57a9 e-flex e-con-boxed e-con e-parent\" data-id=\"f0d57a9\" data-element_type=\"container\" data-e-type=\"container\" data-settings=\"{&quot;jet_parallax_layout_list&quot;:[]}\">\n\t\t\t\t\t<div class=\"e-con-inner\">\n\t\t\t\t<div class=\"elementor-element elementor-element-2ebcd86 elementor-widget elementor-widget-text-editor\" data-id=\"2ebcd86\" data-element_type=\"widget\" data-e-type=\"widget\" data-widget_type=\"text-editor.default\">\n\t\t\t\t<div class=\"elementor-widget-container\">\n\t\t\t\t\t\t\t\t\t<div class=\"elementor elementor-7165\" data-elementor-type=\"wp-page\" data-elementor-id=\"7165\"><section class=\"elementor-section elementor-top-section elementor-element elementor-element-6f3d053 elementor-section-boxed elementor-section-height-default elementor-section-height-default\" data-id=\"6f3d053\" data-element_type=\"section\"><div class=\"elementor-container elementor-column-gap-default\"><div class=\"elementor-column elementor-col-100 elementor-top-column elementor-element elementor-element-3d8c08c\" data-id=\"3d8c08c\" data-element_type=\"column\"><div class=\"elementor-widget-wrap elementor-element-populated\"><div class=\"elementor-element elementor-element-ba0fc45 elementor-align-center elementor-widget elementor-widget-etheme_advanced_headline\" data-id=\"ba0fc45\" data-element_type=\"widget\" data-widget_type=\"etheme_advanced_headline.default\"><div class=\"elementor-widget-container\"><div class=\"etheme-a-h-wrapper\"><h3 class=\"etheme-advanced-headline etheme-advanced-headline-mask\">T\u00c9RMINOS Y CONDICIONES DE VENTA DE COMPRESORES DE AIRE DE EE. UU.<\/h3><p class=\"etheme-a-h-text-after\"><em>Todos los pedidos realizados por el Comprador est\u00e1n sujetos a los siguientes t\u00e9rminos y condiciones.<\/em><\/p><\/div><\/div><\/div><div class=\"elementor-element elementor-element-98d22c3 elementor-widget elementor-widget-text-editor\" data-id=\"98d22c3\" data-element_type=\"widget\" data-widget_type=\"text-editor.default\"><div class=\"elementor-widget-container\"><div><p style=\"font-weight: 400;\"><strong>US AIR COMPRESSOR (US Air Compressors Canada INC. y US Air Compressor INC.) NO ACEPTA CUALQUIER T\u00c9RMINOS Y CONDICIONES INCLUIDOS EN LA ORDEN DE COMPRA DEL COMPRADOR O EN CUALQUIER OTRO LUGAR QUE SEAN INCONSISTENTES CON ESTOS T\u00c9RMINOS O QUE LOS AGREGUEN. AL RECIBIR LOS PRODUCTOS O AL COMPRARLOS, EL COMPRADOR ACEPTA ESTOS T\u00c9RMINOS.<\/strong><\/p><p>Al comprar un compresor de US Air Compressor (el vendedor), usted (el comprador) acepta adquirir todas las piezas de mantenimiento para dicho compresor de US Air Compressor durante 10 a\u00f1os. Si necesita una copia de dicho programa, se le proporcionar\u00e1 una. Comun\u00edquese con US Air Compressor para obtener el programa de mantenimiento de su compresor. Estas piezas solo deben comprarse directamente a US Air Compressor. La compra de piezas de cualquier otro proveedor anular\u00e1 la garant\u00eda. Todos los compresores US Air Compressor est\u00e1n equipados con controladores inteligentes con programaci\u00f3n PLC dise\u00f1ados para proteger el compresor y garantizar su funcionamiento a plena eficiencia durante toda su vida \u00fatil. Este programa requiere actualizaciones peri\u00f3dicas seg\u00fan las horas de funcionamiento de su compresor. Si no compra piezas de US Air Compressor, estas actualizaciones no se proporcionar\u00e1n y el compresor reducir\u00e1 gradualmente su rendimiento para protegerse, hasta detenerse por completo para evitar da\u00f1os.<\/p><p style=\"font-weight: 400;\"><strong>Precios, Pago.<\/strong>\u00a0El Comprador deber\u00e1 pagar todos los impuestos aplicables. Si el Comprador solicita la exenci\u00f3n de impuestos, deber\u00e1 proporcionar al Vendedor los certificados de exenci\u00f3n debidamente cumplimentados u otra prueba de exenci\u00f3n emitida por el gobierno. El pago de los productos, en d\u00f3lares estadounidenses o canadienses, deber\u00e1 vencer antes de la fecha de env\u00edo. Si el Comprador no realiza el pago a su vencimiento, US AIR COMPRESSOR suspender\u00e1 las entregas posteriores hasta que se haya realizado el pago o podr\u00e1 ejercer todas las medidas legales o de equidad disponibles. US AIR COMPRESSOR tendr\u00e1 derecho a recuperar del Comprador todos los honorarios y costos, incluidos los honorarios de abogados, relacionados con el cobro de cualquier cantidad adeudada a SEVERUS o con el cumplimiento de este acuerdo.<\/p><p style=\"font-weight: 400;\"><strong>\u00d3rdenes.<\/strong>\u00a0El Comprador deber\u00e1 enviar las \u00f3rdenes de compra a US AIR COMPRESSOR. Todas las \u00f3rdenes de compra est\u00e1n sujetas a la aceptaci\u00f3n por escrito de US AIR COMPRESSOR.<\/p><p style=\"font-weight: 400;\"><strong>Env\u00edo.\u00a0<\/strong>El Comprador es responsable de todos los costos de env\u00edo y entrega, ya sea EX WORKS, con portes pagados y adicionales, o con portes debidos. Todos los pedidos aceptados ser\u00e1n enviados por US AIR COMPRESSOR de acuerdo con los requisitos de entrega establecidos en cada Orden de Compra, tan pronto como sea posible, a trav\u00e9s del transportista seleccionado por US AIR COMPRESSOR, a menos que el Comprador especifique lo contrario por correo electr\u00f3nico por separado tras la confirmaci\u00f3n del pedido.<\/p><p style=\"font-weight: 400;\">Adem\u00e1s, cualquier cargo adicional de empresas de transporte externas, como, entre otros, cargos por almacenamiento adicional, reenv\u00edo, entrega con cita previa, entrega con plataforma elevadora, entrega con acceso limitado y cargos por correcci\u00f3n\/reconsignaci\u00f3n de la factura de flete, se cobrar\u00e1 al cliente una vez que el vendedor reciba la factura de las empresas de transporte externas. Esto puede tardar de 5 a 30 d\u00edas h\u00e1biles en comunicarse. Al aprobar la cotizaci\u00f3n o pagar la factura parcial o totalmente, el comprador acepta autom\u00e1ticamente pagar estos cargos adicionales despu\u00e9s de la entrega. El vendedor se comunicar\u00e1 con el comprador a su debido tiempo despu\u00e9s de la entrega para procesar el pago. El comprador entiende y acepta que si estos cargos adicionales no se pagan, se crear\u00e1 un saldo negativo en su perfil, y el vendedor tiene el derecho de retener el env\u00edo de las piezas de repuesto necesarias para mantener la garant\u00eda de 10 a\u00f1os.<\/p><p style=\"font-weight: 400;\"><strong>T\u00edtulo; Riesgo de p\u00e9rdida.\u00a0<\/strong>La titularidad de los productos y el riesgo de p\u00e9rdida se transferir\u00e1n al Comprador en las instalaciones de US AIR COMPRESSOR tras la entrega al transportista. US AIR COMPRESSOR no ser\u00e1 responsable de ning\u00fan hecho, acontecimiento o consecuencia con respecto a los productos una vez transferido el riesgo de p\u00e9rdida al Comprador, incluyendo env\u00edos perdidos, retrasados, da\u00f1ados o mal dirigidos (ya sea de salida o de llegada), y el COMPRADOR ser\u00e1 plenamente responsable ante US AIR COMPRESSOR del pago \u00edntegro de los mismos.<\/p><p style=\"font-weight: 400;\"><strong>Reclamos.<\/strong>\u00a0Se renunciar\u00e1 a las reclamaciones por falta de cantidad, a menos que se presenten por escrito dentro de los 5 d\u00edas posteriores a la entrega y US AIR COMPRESSOR tenga una oportunidad razonable para verificar la reclamaci\u00f3n. El comprador deber\u00e1 proporcionar las pruebas escritas (incluido el certificado de servicio de entrega (BOL) firmado que indique qu\u00e9 pieza se perdi\u00f3 y firmado por el transportista) u otra documentaci\u00f3n que SEVERUS considere razonablemente apropiada.<\/p><p style=\"font-weight: 400;\"><strong>Devoluciones:<\/strong>\u00a0Por favor visite\u00a0<a href=\"https:\/\/usaircompressor.com\/es\/return-policy\/\" data-saferedirecturl=\"https:\/\/www.google.com\/url?q=https:\/\/usaircompressor.com\/return-policy\/&amp;source=gmail&amp;ust=1721401639552000&amp;usg=AOvVaw0ZPIdYZe3qbZFHoHZa3P2O\">https:\/\/usaircompressor.com\/return-policy\/<\/a>\u00a0para entender y aprender nuestra pol\u00edtica.<\/p><p style=\"font-weight: 400;\"><strong>Inspecciones de entrega.<\/strong>\u00a0Se deben realizar inspecciones antes de aceptar cualquier env\u00edo. El comprador\/receptor es responsable de inspeccionar si hay da\u00f1os durante la carga. Cualquier da\u00f1o debe anotarse en el BOL antes de aceptar el equipo con el transportista y el destinatario debe presentar una reclamaci\u00f3n lo antes posible. Si el equipo presenta da\u00f1os irreparables, recomendamos rechazar la carga. El vendedor\/expedidor no es responsable de las inspecciones, sino del comprador\/receptor. Si tiene alguna pregunta al recibir la carga, llame directamente a nuestra oficina al (905)238-0225 (CANAD\u00c1) o al (612) 987-8933 (EE. UU.).<\/p><p style=\"font-weight: 400;\">Si la caja original del producto, las piezas est\u00e1n abiertas y el cliente no ha informado de ning\u00fan da\u00f1o en el BOL por escrito y firmado, el vendedor no aceptar\u00e1 ning\u00fan reclamo por da\u00f1os.<\/p><p style=\"font-weight: 400;\"><strong>Cancelaci\u00f3n de pedidos.\u00a0<\/strong>Por favor visite\u00a0<a href=\"https:\/\/usaircompressor.com\/es\/return-policy\/\" data-saferedirecturl=\"https:\/\/www.google.com\/url?q=https:\/\/usaircompressor.com\/return-policy\/&amp;source=gmail&amp;ust=1721401639552000&amp;usg=AOvVaw0ZPIdYZe3qbZFHoHZa3P2O\">https:\/\/usaircompressor.com\/return-policy\/<\/a>\u00a0para entender y aprender nuestra pol\u00edtica.<br \/>Si el producto final puede ser devuelto y reembolsado seg\u00fan nuestra pol\u00edtica;<\/p><ul style=\"font-weight: 400;\"><li>Si se realiza un pago mediante tarjeta de cr\u00e9dito, se realizar\u00e1 un reembolso menos el cargo por reposici\u00f3n y las tarifas de la tarjeta de cr\u00e9dito una vez que el equipo se haya devuelto libre de da\u00f1os y\/o uso. \u00a0<\/li><li>Si el pago se realiza mediante cheque de empresa, para evitar transacciones fraudulentas, US Air Compressor retendr\u00e1 el reembolso durante 30 d\u00edas. Una vez que las autoridades competentes hayan autorizado el dep\u00f3sito o el pago, se reembolsar\u00e1 el importe menos los gastos de reposici\u00f3n y env\u00edo una vez que el equipo se haya devuelto sin da\u00f1os ni uso.<\/li><li>Si el pago se realiza mediante transferencia bancaria, el proceso de reembolso puede tardar hasta 30 d\u00edas.<\/li><\/ul><p><b><br \/>NOTAS GENERALES<\/b><\/p><p style=\"font-weight: 400;\"><strong>US AIR COMPRESSOR no ofrece servicios de instalaci\u00f3n ni puesta en marcha. Todas las tuber\u00edas de interconexi\u00f3n y las conexiones el\u00e9ctricas externas deben ser suministradas por el comprador. La instalaci\u00f3n, la puesta en marcha y el mantenimiento deben ser realizados por t\u00e9cnicos certificados.<\/strong><\/p><ol style=\"font-weight: 400;\"><li>Para comenzar a comprar un equipo nuevo, revise nuestro manual del compresor o llame a nuestra l\u00ednea de atenci\u00f3n al cliente al (905)238-0225 CANAD\u00c1 o (612) 987-8933 EE. UU. y solicite asistencia para la puesta en marcha.<\/li><li>Para ayudarnos a encontrar las piezas de repuesto correctas para usted, debe proporcionar el n\u00famero de serie o el n\u00famero de pieza\/imagen y dimensiones de la pieza cuando se comunique con nosotros.<\/li><li>No podemos retener pedidos. Una vez realizado el pedido y procesado el pago, este se env\u00eda al almac\u00e9n para su preparaci\u00f3n para el env\u00edo.<\/li><li>Tenga en cuenta que la disponibilidad est\u00e1 sujeta a pedidos previos y puede cambiar en cualquier momento. Si un art\u00edculo est\u00e1 agotado o en espera de entrega, le contactaremos por correo electr\u00f3nico con el plazo de entrega estimado, si corresponde. Para realizar cambios o cancelar un pedido, p\u00f3ngase en contacto con el vendedor.<\/li><li>Recibir\u00e1 una confirmaci\u00f3n del pedido por correo electr\u00f3nico una vez realizado. El plazo de entrega es de un d\u00eda h\u00e1bil. Para consultas sobre env\u00edos urgentes, p\u00f3ngase en contacto con el vendedor.<\/li><li>Si su producto llega con se\u00f1ales de da\u00f1o, NO acepte la entrega o indique el da\u00f1o claramente en el conocimiento de embarque (BOL) y acepte la entrega. Si ya ha aceptado la entrega de un producto da\u00f1ado sin ninguna indicaci\u00f3n del da\u00f1o en el BOL, US Air Compressor lo considerar\u00e1 entregado y aceptado en buen estado y sin da\u00f1os. Cualquier da\u00f1o de transporte debe notificarse a US Air Compressor dentro de los 3 d\u00edas posteriores a la recepci\u00f3n de la mercanc\u00eda. Contacte con US Air. Tenga a mano el conocimiento de embarque que describe el da\u00f1o para enviarlo a US Air Compressor. No se aceptar\u00e1n reclamaciones por da\u00f1os despu\u00e9s de 3 d\u00edas.<\/li><\/ol><p style=\"font-weight: 400;\">Las presentes Condiciones Generales de Devoluci\u00f3n (las \u201cCondiciones\u201d) son aplicables, \u00fanica e integralmente, a todo contrato, presupuesto, orden de compra, formulario de pedido, propuesta o factura (el \u201cContrato\u201d) entre el Vendedor y el Comprador (denominados individualmente \u201cParte\u201d o colectivamente \u201cPartes\u201d) para la venta de piezas, equipos, m\u00e1quinas, accesorios, bienes o servicios (\u201cBienes\u201d). La venta y devoluci\u00f3n de cualquier Bien por parte del Vendedor est\u00e1 expresamente condicionada a la aceptaci\u00f3n por parte del Comprador de estas Condiciones.<\/p><p style=\"font-weight: 400;\">Cualquier aceptaci\u00f3n de la oferta del Vendedor se limita expresamente a la aceptaci\u00f3n de estos T\u00e9rminos. Sin perjuicio de cualquier disposici\u00f3n contraria en la orden de compra del Comprador u otro documento, el inicio de la ejecuci\u00f3n por parte del Vendedor no constituir\u00e1 la aceptaci\u00f3n de los t\u00e9rminos y condiciones del Comprador en la medida en que estos sean incompatibles con estos t\u00e9rminos o se a\u00f1adan a ellos.<\/p><p style=\"font-weight: 400;\">Todos los t\u00e9rminos, condiciones y dem\u00e1s disposiciones del Comprador (ya sean o no incluidos en una solicitud de cotizaci\u00f3n, orden de compra u otros documentos) que sean incompatibles con o adicionales a estos T\u00e9rminos se rechazan y no ser\u00e1n vinculantes para el Vendedor. Ninguna renuncia, alteraci\u00f3n, enmienda u otra modificaci\u00f3n de estos T\u00e9rminos ser\u00e1 vinculante para el Vendedor a menos que se realice por escrito (identificando el n\u00famero de cotizaci\u00f3n correspondiente e identificando y aceptando claramente la modificaci\u00f3n) y firmada por un gerente autorizado del Vendedor.<\/p><p style=\"font-weight: 400;\">La emisi\u00f3n de una orden de compra por parte del Comprador y\/o la aceptaci\u00f3n por parte del Comprador de cualquier trabajo realizado por el Vendedor constituir\u00e1 la aceptaci\u00f3n de estos T\u00e9rminos. En caso de que se haya negociado y firmado mutuamente un acuerdo escrito independiente que contenga los t\u00e9rminos y condiciones, y dicho acuerdo sea aplicable y est\u00e9 vigente, prevalecer\u00e1 (en caso de conflicto) y los t\u00e9rminos y condiciones establecidos en estos T\u00e9rminos complementar\u00e1n los de dicho acuerdo, como se indica anteriormente.<\/p><p style=\"font-weight: 400;\"><strong>Aceptaci\u00f3n de riesgos.\u00a0<\/strong>El Comprador reconoce que el rendimiento de los productos puede verse afectado por factores que US AIR COMPRESSOR desconoce o no controla. Se espera que el Comprador tenga conocimientos de su sector y, por lo tanto, es responsable de determinar si los productos adquiridos son adecuados para el uso previsto y de todos los riesgos asociados a dicha determinaci\u00f3n. El Comprador asume todos los riesgos al respecto.<\/p><p style=\"font-weight: 400;\"><strong>Indemnizaci\u00f3n.\u00a0<\/strong>El comprador acepta indemnizar y eximir de responsabilidad a US AIR COMPRESSOR, sus funcionarios, directores, empleados y agentes por todas las p\u00e9rdidas, da\u00f1os, reclamos, causas de acci\u00f3n, sanciones y responsabilidades que surjan de (i) las declaraciones, representaciones o garant\u00edas del comprador, ya sea hechas por el comprador en su literatura, en su etiqueta o en otro lugar; (ii) lesiones personales o muerte de cualquier persona, incluidas, entre otras, lesiones o muerte de los empleados del comprador; (iii) da\u00f1os a la propiedad real o personal que surjan de, est\u00e9n relacionados con o se relacionen de alguna manera con los productos (incluidas, entre otras, la formulaci\u00f3n, la recepci\u00f3n, la posesi\u00f3n, el uso, el manejo, el almacenamiento y la eliminaci\u00f3n) despu\u00e9s de que el t\u00edtulo haya pasado al comprador; (iv) el incumplimiento por parte del comprador de las leyes, ordenanzas, regulaciones, reglas y \u00f3rdenes aplicables, (v) cualquier supuesta violaci\u00f3n de los derechos de propiedad intelectual o leyes; o (vi) del mal uso o actos u omisiones negligentes del comprador relacionados con el producto.<\/p><p style=\"font-weight: 400;\"><strong>Indemnizaci\u00f3n de Seguridad y Salud.<\/strong>\u00a0US AIR COMPRESSOR proporcionar\u00e1 o pondr\u00e1 a disposici\u00f3n del Comprador las Hojas de Datos de Seguridad de los Productos vendidos conforme al presente documento cuando as\u00ed lo exija la ley. El Comprador conoce y cumplir\u00e1, a su cargo, todas las leyes, ordenanzas, reglamentos, \u00f3rdenes judiciales y administrativas aplicables, as\u00ed como otros requisitos legales de todas las autoridades gubernamentales, en relaci\u00f3n con la venta, el almacenamiento, la dispensaci\u00f3n, el uso y la eliminaci\u00f3n de los productos. El Comprador se compromete a defender, indemnizar y eximir de toda responsabilidad a US AIR COMPRESSOR por cualquier incumplimiento por parte del Comprador de este p\u00e1rrafo.<\/p><p style=\"font-weight: 400;\"><strong>Fuerza mayor.<\/strong>\u00a0US AIR COMPRESSOR no ser\u00e1 responsable por fallas o demoras en la fabricaci\u00f3n o entrega de productos debido a circunstancias fuera de su control, incluyendo, entre otras, actos de gobierno, naturaleza o enemigo p\u00fablico, disturbios civiles o laborales, guerra, incendios, inundaciones, accidentes, aver\u00edas de equipos o maquinarias, falta de disponibilidad de materiales en su fuente habitual u otras contingencias fuera de su control que interfieran con la producci\u00f3n, el rendimiento o el transporte de los productos.<\/p><p style=\"font-weight: 400;\"><strong>Cumplimiento de exportaciones.<\/strong>\u00a0Esta transacci\u00f3n es una venta nacional dentro de los EE. UU. Si el Comprador exporta los productos, el Comprador ser\u00e1 la Parte Principal Interesada o Exportador de EE. UU. para todos los efectos.<\/p><p style=\"font-weight: 400;\"><strong>Garant\u00eda.<\/strong>\u00a0US Air Compressors otorga una garant\u00eda de 10 a\u00f1os extensible. La garant\u00eda y la responsabilidad se otorgan siempre que siga exactamente el programa de mantenimiento y utilice piezas genuinas de US Air Compressor compradas directamente a US Air Compressor. Nuestras piezas genuinas de US Air Compressor vienen con nuestros servicios basados en la nube que reinician y mantienen el compresor cuando se compran nuestras piezas. Si se devuelve un pago o no se realiza ning\u00fan pago, no se recibir\u00e1n actualizaciones ni informaci\u00f3n de nuestros servicios basados en la nube y, si cambia la propiedad de un compresor, cualquier saldo pendiente debe pagarse en su totalidad para que se reanuden los servicios basados en la nube. Esta garant\u00eda extendida puede extenderse hasta 10 a\u00f1os siempre que utilice piezas de servicio de US Air Compressors y siga el programa de servicio designado por US Air Compressor. La garant\u00eda termina cuando se omite un servicio programado o no se compran esas piezas del compresor US Air. En ese momento, la responsabilidad del compresor se revierte al propietario del compresor o a la persona que haya modificado las piezas, comprado piezas que no sean genuinas de US Air Compressor o modificado el programa de mantenimiento. US Air Compressor garantiza que nuestros compresores estar\u00e1n completamente libres de defectos de materiales y mano de obra durante un per\u00edodo de 10 a\u00f1os a partir de la instalaci\u00f3n o puesta en marcha, o 120 meses a partir de la entrega de los productos correspondientes, lo que venza primero. La instalaci\u00f3n incorrecta del compresor y de los equipos adicionales anular\u00e1 esta garant\u00eda.<\/p><p style=\"font-weight: 400;\">Adem\u00e1s, los compresores y secadores deben instalarse en un ambiente interior y limpio. Los factores ambientales deben minimizarse para garantizar la validez de la garant\u00eda de 10 a\u00f1os.<\/p><p>La garant\u00eda de intercambio de compresores US AIR es de 10 a\u00f1os para los compresores. Los secadores y accesorios tienen una garant\u00eda limitada de 1 a\u00f1o. La garant\u00eda no cubre la mano de obra.<\/p><p style=\"font-weight: 400;\"><strong>Miscel\u00e1neas.\u00a0<\/strong>Esta Cotizaci\u00f3n, incluyendo estos t\u00e9rminos y condiciones generales, el Acuerdo de Confidencialidad Mutua y No Divulgaci\u00f3n, el Acuerdo de Fabricaci\u00f3n Personalizada, si lo hubiera, y la Garant\u00eda Limitada de US AIR COMPRESSOR contienen el acuerdo completo de las partes con respecto a la venta y compra de productos de US AIR COMPRESSOR, y no hay entendimientos, representaciones o garant\u00edas orales que lo afecten. Estos t\u00e9rminos y condiciones no pueden ser modificados sin el consentimiento por escrito de US AIR COMPRESSOR. Ning\u00fan t\u00e9rmino, condici\u00f3n, entendimiento o acuerdo que pretenda modificar o variar estos t\u00e9rminos y condiciones ser\u00e1 vinculante a menos que est\u00e9 por escrito y firmado por US AIR COMPRESSOR. Cualquier t\u00e9rmino y condici\u00f3n en cualquier otra orden de compra, reconocimiento, factura u otro formulario emitido por el Comprador que entre en conflicto de alguna manera con estos t\u00e9rminos y condiciones ser\u00e1 reemplazado por estos t\u00e9rminos y condiciones a pesar de su emisi\u00f3n posterior. El Comprador no puede ceder su derecho sin el consentimiento previo por escrito de US AIR COMPRESSOR. Ninguna renuncia a cualquier incumplimiento de estos t\u00e9rminos y condiciones se interpretar\u00e1 como una renuncia a cualquier incumplimiento posterior. Este Acuerdo y los derechos y obligaciones del Comprador y de US AIR COMPRESSOR se regir\u00e1n por la legislaci\u00f3n de Minnesota, sin perjuicio de los principios de conflicto de leyes. Un tribunal estatal o federal del condado de Hennepin, Minnesota, tendr\u00e1 jurisdicci\u00f3n exclusiva sobre cualquier disputa o acci\u00f3n derivada de o relacionada con este Acuerdo, y las partes consienten y renuncian a cualquier objeci\u00f3n a la jurisdicci\u00f3n personal de dichos tribunales.<\/p><\/div><\/div><\/div><\/div><\/div><\/div><\/section><\/div>\t\t\t\t\t\t\t\t<\/div>\n\t\t\t\t<\/div>\n\t\t\t\t\t<\/div>\n\t\t\t\t<\/div>\n\t\t\t\t<\/div>","protected":false},"excerpt":{"rendered":"<p>US AIR COMPRESSOR TERMS AND CONDITIONS OF SALE All orders placed by Buyer are subject to the following terms and conditions. ANY [&hellip;]<\/p>\n","protected":false},"author":1,"featured_media":0,"parent":0,"menu_order":0,"comment_status":"closed","ping_status":"closed","template":"","meta":{"_glsr_average":0,"_glsr_ranking":0,"_glsr_reviews":0,"footnotes":""},"class_list":["post-3958","page","type-page","status-publish","hentry"],"_links":{"self":[{"href":"https:\/\/usaircompressor.com\/es\/wp-json\/wp\/v2\/pages\/3958","targetHints":{"allow":["GET"]}}],"collection":[{"href":"https:\/\/usaircompressor.com\/es\/wp-json\/wp\/v2\/pages"}],"about":[{"href":"https:\/\/usaircompressor.com\/es\/wp-json\/wp\/v2\/types\/page"}],"author":[{"embeddable":true,"href":"https:\/\/usaircompressor.com\/es\/wp-json\/wp\/v2\/users\/1"}],"replies":[{"embeddable":true,"href":"https:\/\/usaircompressor.com\/es\/wp-json\/wp\/v2\/comments?post=3958"}],"version-history":[{"count":0,"href":"https:\/\/usaircompressor.com\/es\/wp-json\/wp\/v2\/pages\/3958\/revisions"}],"wp:attachment":[{"href":"https:\/\/usaircompressor.com\/es\/wp-json\/wp\/v2\/media?parent=3958"}],"curies":[{"name":"wp","href":"https:\/\/api.w.org\/{rel}","templated":true}]}}