{"id":3941,"date":"2024-09-15T02:59:43","date_gmt":"2024-09-15T02:59:43","guid":{"rendered":"https:\/\/usaircompressor.com\/?page_id=3941"},"modified":"2024-09-15T03:16:07","modified_gmt":"2024-09-15T03:16:07","slug":"privacy-policy","status":"publish","type":"page","link":"https:\/\/usaircompressor.com\/es\/privacy-policy\/","title":{"rendered":"pol\u00edtica de privacidad"},"content":{"rendered":"<div data-elementor-type=\"wp-page\" data-elementor-id=\"3941\" class=\"elementor elementor-3941\" data-elementor-settings=\"{&quot;element_pack_global_tooltip_width&quot;:{&quot;unit&quot;:&quot;px&quot;,&quot;size&quot;:&quot;&quot;,&quot;sizes&quot;:[]},&quot;element_pack_global_tooltip_width_tablet&quot;:{&quot;unit&quot;:&quot;px&quot;,&quot;size&quot;:&quot;&quot;,&quot;sizes&quot;:[]},&quot;element_pack_global_tooltip_width_mobile&quot;:{&quot;unit&quot;:&quot;px&quot;,&quot;size&quot;:&quot;&quot;,&quot;sizes&quot;:[]},&quot;element_pack_global_tooltip_padding&quot;:{&quot;unit&quot;:&quot;px&quot;,&quot;top&quot;:&quot;&quot;,&quot;right&quot;:&quot;&quot;,&quot;bottom&quot;:&quot;&quot;,&quot;left&quot;:&quot;&quot;,&quot;isLinked&quot;:true},&quot;element_pack_global_tooltip_padding_tablet&quot;:{&quot;unit&quot;:&quot;px&quot;,&quot;top&quot;:&quot;&quot;,&quot;right&quot;:&quot;&quot;,&quot;bottom&quot;:&quot;&quot;,&quot;left&quot;:&quot;&quot;,&quot;isLinked&quot;:true},&quot;element_pack_global_tooltip_padding_mobile&quot;:{&quot;unit&quot;:&quot;px&quot;,&quot;top&quot;:&quot;&quot;,&quot;right&quot;:&quot;&quot;,&quot;bottom&quot;:&quot;&quot;,&quot;left&quot;:&quot;&quot;,&quot;isLinked&quot;:true},&quot;element_pack_global_tooltip_border_radius&quot;:{&quot;unit&quot;:&quot;px&quot;,&quot;top&quot;:&quot;&quot;,&quot;right&quot;:&quot;&quot;,&quot;bottom&quot;:&quot;&quot;,&quot;left&quot;:&quot;&quot;,&quot;isLinked&quot;:true},&quot;element_pack_global_tooltip_border_radius_tablet&quot;:{&quot;unit&quot;:&quot;px&quot;,&quot;top&quot;:&quot;&quot;,&quot;right&quot;:&quot;&quot;,&quot;bottom&quot;:&quot;&quot;,&quot;left&quot;:&quot;&quot;,&quot;isLinked&quot;:true},&quot;element_pack_global_tooltip_border_radius_mobile&quot;:{&quot;unit&quot;:&quot;px&quot;,&quot;top&quot;:&quot;&quot;,&quot;right&quot;:&quot;&quot;,&quot;bottom&quot;:&quot;&quot;,&quot;left&quot;:&quot;&quot;,&quot;isLinked&quot;:true}}\" data-elementor-post-type=\"page\">\n\t\t\t\t<div class=\"elementor-element elementor-element-347a0bc e-flex e-con-boxed e-con e-parent\" data-id=\"347a0bc\" data-element_type=\"container\" data-e-type=\"container\" data-settings=\"{&quot;jet_parallax_layout_list&quot;:[]}\">\n\t\t\t\t\t<div class=\"e-con-inner\">\n\t\t\t\t<div class=\"elementor-element elementor-element-37bc791 elementor-widget elementor-widget-text-editor\" data-id=\"37bc791\" data-element_type=\"widget\" data-e-type=\"widget\" data-widget_type=\"text-editor.default\">\n\t\t\t\t<div class=\"elementor-widget-container\">\n\t\t\t\t\t\t\t\t\t<div class=\"elementor elementor-3\" data-elementor-type=\"wp-page\" data-elementor-id=\"3\"><section class=\"elementor-section elementor-top-section elementor-element elementor-element-f741308 elementor-section-boxed elementor-section-height-default elementor-section-height-default\" data-id=\"f741308\" data-element_type=\"section\"><div class=\"elementor-container elementor-column-gap-default\"><div class=\"elementor-column elementor-col-100 elementor-top-column elementor-element elementor-element-3d9fc36\" data-id=\"3d9fc36\" data-element_type=\"column\"><div class=\"elementor-widget-wrap elementor-element-populated\"><div class=\"elementor elementor-3\" data-elementor-type=\"wp-page\" data-elementor-id=\"3\"><section class=\"elementor-section elementor-top-section elementor-element elementor-element-f741308 elementor-section-boxed elementor-section-height-default elementor-section-height-default\" data-id=\"f741308\" data-element_type=\"section\"><div class=\"elementor-container elementor-column-gap-default\"><div class=\"elementor-column elementor-col-100 elementor-top-column elementor-element elementor-element-3d9fc36\" data-id=\"3d9fc36\" data-element_type=\"column\"><div class=\"elementor-widget-wrap elementor-element-populated\"><div class=\"elementor-element elementor-element-73d06ae elementor-align-center elementor-widget elementor-widget-etheme_advanced_headline\" data-id=\"73d06ae\" data-element_type=\"widget\" data-widget_type=\"etheme_advanced_headline.default\"><div class=\"elementor-widget-container\"><div class=\"etheme-a-h-wrapper\"><h3 class=\"etheme-advanced-headline etheme-advanced-headline-mask\">POL\u00cdTICA DE PRIVACIDAD DE US AIR COMPRESSOR<\/h3><p class=\"etheme-a-h-text-after\"><strong>Esta Pol\u00edtica de privacidad describe c\u00f3mo US Air Compressor (el \u201cSitio\u201d o \u201cnosotros\u201d) recopila, usa y divulga su informaci\u00f3n personal cuando visita o realiza una compra en el Sitio.<br \/><br \/><\/strong><\/p><\/div><\/div><\/div><div class=\"elementor-element elementor-element-953b9fb elementor-widget elementor-widget-text-editor\" data-id=\"953b9fb\" data-element_type=\"widget\" data-widget_type=\"text-editor.default\"><div class=\"elementor-widget-container\"><div><p class=\"font_8\">Protegemos sus datos con mecanismos t\u00e9cnicos s\u00f3lidos, pol\u00edticas de gesti\u00f3n de datos adecuadas y la legislaci\u00f3n aplicable. Garantizamos, en la medida de lo posible, que los datos no est\u00e9n sujetos a accesos no autorizados ni a divulgaciones il\u00edcitas.<\/p><p class=\"font_8\">Al utilizar este sitio, usted consiente y acepta nuestros t\u00e9rminos y condiciones descritos aqu\u00ed.<\/p><\/div><div><br \/><strong>Recopilaci\u00f3n de informaci\u00f3n personal<\/strong><br \/><br \/><\/div><div>Cuando visita el Sitio, recopilamos cierta informaci\u00f3n sobre su interacci\u00f3n con \u00e9l, as\u00ed como la informaci\u00f3n necesaria para procesar sus compras. Tambi\u00e9n podemos recopilar informaci\u00f3n adicional si se comunica con nosotros para solicitar atenci\u00f3n al cliente. En esta Pol\u00edtica de Privacidad, nos referimos a cualquier informaci\u00f3n que pueda identificar de forma \u00fanica a una persona (incluida la informaci\u00f3n que se indica a continuaci\u00f3n) como &quot;Informaci\u00f3n Personal&quot;. Consulte la lista a continuaci\u00f3n para obtener m\u00e1s informaci\u00f3n sobre qu\u00e9 Informaci\u00f3n Personal recopilamos y por qu\u00e9.<\/div><div>\u00a0<\/div><div><strong>Informaci\u00f3n del pedido<br \/><\/strong><\/div><ul><li><p class=\"font_8\">Ejemplos de informaci\u00f3n personal recopilada: nombre, direcci\u00f3n de facturaci\u00f3n, direcci\u00f3n de env\u00edo, informaci\u00f3n de pago (incluidos n\u00fameros de tarjeta de cr\u00e9dito, direcci\u00f3n de correo electr\u00f3nico y n\u00famero de tel\u00e9fono.<\/p><\/li><li><p class=\"font_8\"><strong>Finalidad de la recopilaci\u00f3n<\/strong>:para proporcionarle productos o servicios para cumplir nuestro contrato, procesar su informaci\u00f3n de pago, organizar el env\u00edo y proporcionarle facturas y\/o confirmaciones de pedidos, comunicarnos con usted, examinar nuestros pedidos para detectar posibles riesgos o fraudes y, cuando est\u00e9 en l\u00ednea con las preferencias que ha compartido con nosotros, brindarle informaci\u00f3n o publicidad relacionada con nuestros productos o servicios.<\/p><\/li><li><p class=\"font_8\"><strong>Fuente de la colecci\u00f3n<\/strong>:recogido de usted.<\/p><\/li><li><p class=\"font_8\"><strong>Divulgaci\u00f3n con fines comerciales<\/strong>:compartido con nuestro procesador <a href=\"https:\/\/wordpress.com\/\" target=\"_blank\" rel=\"noopener\">WordPress<\/a><\/p><\/li><\/ul><div><strong>Informaci\u00f3n de atenci\u00f3n al cliente<br \/><\/strong><\/div><div><ul class=\"font_8\"><li><p class=\"font_8\">Ejemplos de informaci\u00f3n personal recopilada: nombre, direcci\u00f3n de facturaci\u00f3n, direcci\u00f3n de env\u00edo, informaci\u00f3n de pago (incluidos n\u00fameros de tarjeta de cr\u00e9dito, direcci\u00f3n de correo electr\u00f3nico y n\u00famero de tel\u00e9fono.<\/p><\/li><li><p class=\"font_8\">\u00a0Finalidad de la recogida: prestar asistencia al cliente.<\/p><\/li><li><p class=\"font_8\">\u00a0Fuente de recopilaci\u00f3n: recopilada de usted<\/p><\/li><\/ul><p class=\"font_8\"><strong>Compartir informaci\u00f3n personal<\/strong><\/p><p class=\"font_8\"><span class=\"wixGuard\">\u200b<\/span>Compartimos su informaci\u00f3n personal con proveedores de servicios para que nos ayuden a prestar nuestros servicios y cumplir nuestros contratos con usted, como se describe anteriormente. Por ejemplo:<\/p><ul><li><ul class=\"font_8\"><li><p class=\"font_8\">Usamos WordPress para nuestra tienda online. Puedes leer m\u00e1s sobre c\u00f3mo WordPress usa tu informaci\u00f3n personal aqu\u00ed: <a href=\"https:\/\/wordpress.org\/about\/privacy\/\" target=\"_blank\" rel=\"noopener\">https:\/\/wordpress.org\/about\/privacy\/<\/a>\u00a0<\/p><\/li><li><p class=\"font_8\">Podemos compartir su informaci\u00f3n personal para cumplir con las leyes y regulaciones aplicables, para responder a una citaci\u00f3n, orden de allanamiento u otra solicitud legal de informaci\u00f3n que recibimos, o para proteger nuestros derechos.<\/p><\/li><\/ul><\/li><\/ul><p class=\"font_8\"><strong>Uso de informaci\u00f3n personal<\/strong><\/p><p class=\"font_8\"><span class=\"wixGuard\">\u200b<\/span>Utilizamos su informaci\u00f3n personal para brindarle nuestros servicios, lo que incluye: ofrecer productos a la venta, procesar pagos, enviar y cumplir con su pedido, y mantenerlo actualizado sobre nuevos productos, servicios y ofertas.<\/p><p class=\"font_8\"><strong>Cambios<\/strong><\/p><p class=\"font_8\">Es posible que actualicemos esta Pol\u00edtica de Privacidad de vez en cuando para reflejar, por ejemplo, cambios en nuestras pr\u00e1cticas o por otras razones operativas, legales o regulatorias.<\/p><p class=\"font_8\"><span class=\"wixGuard\">\u200b<\/span><strong>Contacto<\/strong><\/p><p class=\"font_8\"><span class=\"wixGuard\">\u200b<\/span>Para obtener m\u00e1s informaci\u00f3n sobre nuestras pr\u00e1cticas de privacidad, si tiene preguntas o si desea presentar una queja, comun\u00edquese con nosotros utilizando la informaci\u00f3n de contacto a continuaci\u00f3n:<\/p><p class=\"font_8\"><span class=\"wixGuard\">\u200b<\/span>Compresor de aire de EE. UU.\u00a0<br \/>8100 W 96th Street, Bloomington, 55438, MN, EE. UU.\u00a0 <br \/><a href=\"tel:+1 612 987 8933\">612 987 8933<\/a><\/p><\/div><\/div><\/div><\/div><\/div><\/div><\/section><\/div><\/div><\/div><\/div><\/section><\/div>\t\t\t\t\t\t\t\t<\/div>\n\t\t\t\t<\/div>\n\t\t\t\t\t<\/div>\n\t\t\t\t<\/div>\n\t\t\t\t<\/div>","protected":false},"excerpt":{"rendered":"<p>US AIR COMPRESSOR PRIVACY POLICY This Privacy Policy describes how U.S. Air Compressor (the \u201cSite\u201d or \u201cwe\u201d) collects, uses, and discloses your [&hellip;]<\/p>\n","protected":false},"author":1,"featured_media":0,"parent":0,"menu_order":0,"comment_status":"closed","ping_status":"closed","template":"","meta":{"_glsr_average":0,"_glsr_ranking":0,"_glsr_reviews":0,"footnotes":""},"class_list":["post-3941","page","type-page","status-publish","hentry"],"_links":{"self":[{"href":"https:\/\/usaircompressor.com\/es\/wp-json\/wp\/v2\/pages\/3941","targetHints":{"allow":["GET"]}}],"collection":[{"href":"https:\/\/usaircompressor.com\/es\/wp-json\/wp\/v2\/pages"}],"about":[{"href":"https:\/\/usaircompressor.com\/es\/wp-json\/wp\/v2\/types\/page"}],"author":[{"embeddable":true,"href":"https:\/\/usaircompressor.com\/es\/wp-json\/wp\/v2\/users\/1"}],"replies":[{"embeddable":true,"href":"https:\/\/usaircompressor.com\/es\/wp-json\/wp\/v2\/comments?post=3941"}],"version-history":[{"count":0,"href":"https:\/\/usaircompressor.com\/es\/wp-json\/wp\/v2\/pages\/3941\/revisions"}],"wp:attachment":[{"href":"https:\/\/usaircompressor.com\/es\/wp-json\/wp\/v2\/media?parent=3941"}],"curies":[{"name":"wp","href":"https:\/\/api.w.org\/{rel}","templated":true}]}}